{"id":9539,"date":"2025-10-24T14:49:26","date_gmt":"2025-10-24T12:49:26","guid":{"rendered":"https:\/\/www.udon.com\/producto\/"},"modified":"2026-01-23T16:31:43","modified_gmt":"2026-01-23T15:31:43","slug":"producte","status":"publish","type":"page","link":"https:\/\/www.udon.com\/ca\/producte","title":{"rendered":"Producte"},"content":{"rendered":"\n\n\n\n\n<div class=\"module--title-info-list-media w-full pt-80 lg:pt-104pvw mw:pt-104 pb-80 lg:pb-104pvw mw:pb-104 py-56 lg:py-104pvw mw:py-104 bg-white\">\n\n  <div class=\"w-full max-w-mw mx-auto px-24 lg:px-128pvw mw:px-128\">\n    \n    <ul>\n            <li>\n\n        <div class=\"flex flex-col lg:flex-row lg:justify-between gap-40 lg:gap-104pvw mw:gap-104\">\n          <div class=\"lg:max-w-488pvw mw:max-w-488\">\n            <h2 class=\"pb-32 lg:pb-32pvw mw:pb-32 flex justify-between items-center w-full cursor-pointer\"><span class=\"text-32\/36 lg:text-64pvw\/68pvw mw:text-64\/68 font-thin uppercase\">En defensa del benestar animal<\/span><\/h2>\n\n            <p class=\"w-full pb-40 lg:pb-32pvw mw:pb-32 text-20\/24 lg:text-20pvw\/24pvw mw:text-20\/24 font-light\">El respecte cap als animals \u00e9s b\u00e0sic per garantitzar el futur del planeta. A UDON treballem amb prove\u00efdors que certifiquen el benestar animal dels seus productes.<\/p>\n<div class=\"flex gap-16 lg:gap-16pvw mw:gap-16 py-24 lg:py-32pvw mw:py-32 lg:mr-60pvw mw:mr-60 border-solid border-b border-black\/10 last-of-type:border-0\">                  <picture class=\"block w-full aspect-video max-w-24 lg:max-w-24pvw mw:max-w-24\">\n                    <source media=\"(min-width: 768px)\" srcset=\"https:\/\/www.udon.com\/wp-content\/uploads\/2026\/01\/Frame-1.svg, https:\/\/www.udon.com\/wp-content\/uploads\/2026\/01\/Frame-1.svg 2x\">\n                    <img decoding=\"async\" class=\"block w-full object-cover\" alt=\"\" src=\"https:\/\/www.udon.com\/wp-content\/uploads\/2026\/01\/Frame-1.svg\" srcset=\"https:\/\/www.udon.com\/wp-content\/uploads\/2026\/01\/Frame-1.svg 2x\">\n                  <\/picture>\n                  <p class=\"w-full\">100% pollastre, porc i vedella procedent de granges amb pol\u00edtiques de benestar animal.<\/p>\n<\/div><div class=\"flex gap-16 lg:gap-16pvw mw:gap-16 py-24 lg:py-32pvw mw:py-32 lg:mr-60pvw mw:mr-60 border-solid border-b border-black\/10 last-of-type:border-0\">                  <picture class=\"block w-full aspect-video max-w-24 lg:max-w-24pvw mw:max-w-24\">\n                    <source media=\"(min-width: 768px)\" srcset=\"https:\/\/www.udon.com\/wp-content\/uploads\/2026\/01\/Seafood-Fish-Streamline-Ultimate-Regular.svg, https:\/\/www.udon.com\/wp-content\/uploads\/2026\/01\/Seafood-Fish-Streamline-Ultimate-Regular.svg 2x\">\n                    <img decoding=\"async\" class=\"block w-full object-cover\" alt=\"\" src=\"https:\/\/www.udon.com\/wp-content\/uploads\/2026\/01\/Seafood-Fish-Streamline-Ultimate-Regular.svg\" srcset=\"https:\/\/www.udon.com\/wp-content\/uploads\/2026\/01\/Seafood-Fish-Streamline-Ultimate-Regular.svg 2x\">\n                  <\/picture>\n                  <p class=\"w-full\">100% del nostre salm\u00f3 procedeix de prove\u00efdors que compleixen amb el certificat d\u2019Aq\u00fcicultura Sostenible.<\/p>\n<\/div><a href=\"\/ca\/sostenible\" title=\"Consulta el nostre pla de sostenibilitat\" class=\"hover-btn-ripple ripple-border-white btn-goto-section uppercase text-center text-20\/24 lg:text-20pvw\/24pvw mw:text-20\/24 text-white bg-black py-12 lg:py-12pvw mw:py-12 px-16 lg:px-16pvw mw:px-16 mt-40 lg:mt-40pvw mw:mt-40 block w-full lg:max-w-300pvw mw:max-w-300\"><span class=\"uppercase text-center text-16\/20 lg:text-16pvw\/20pvw mw:text-16\/20 text-white pointer-events-none\">Consulta el nostre pla de sostenibilitat<\/span><\/a>          <\/div>\n          <div>\n            <iframe loading=\"lazy\" id=\"GfkLBaMBZbc-iframe\" class=\"w-full aspect-video max-w-664 lg:max-w-664pvw mw:max-w-664 mx-auto\" width=\"560\" height=\"315\" src=\"https:\/\/www.youtube.com\/embed\/GfkLBaMBZbc?autoplay=0\" title=\"YouTube\" frameborder=\"0\" allow=\"accelerometer; autoplay; clipboard-write; encrypted-media; gyroscope; picture-in-picture\" allowfullscreen><\/iframe>          <\/div>      \n        <\/div>\n        \n      <\/li>\n    <\/ul>\n    \n  <\/div>\n\n<\/div>\n\n\n    \n<div class=\"sw--info-slide relative w-full flex flex-col justify-between z-1 overflow-hidden\">\n  <div class=\"swiper-wrapper\">\n  \n      <div class=\"swiper-slide w-full h-full\" data-title=\"Fruita i verdura de proximitat\" data-title-tag=\"h2\">\n        <div class=\"relative\">\n          <picture class=\"relative block w-full h-full\">\n            <source media=\"(min-width: 1024px)\" srcset=\"https:\/\/www.udon.com\/wp-content\/uploads\/2025\/12\/edamame.jpg, https:\/\/www.udon.com\/wp-content\/uploads\/2025\/12\/edamame.jpg 2x\">\n            <img decoding=\"async\" class=\"block w-full h-full object-cover object-center z-1\" alt=\"Edamame\" src=\"https:\/\/www.udon.com\/wp-content\/uploads\/2025\/12\/edamame-mobile.jpg\" srcset=\"https:\/\/www.udon.com\/wp-content\/uploads\/2025\/12\/edamame-mobile.jpg 2x\">\n          <\/picture>\n          <span class=\"absolute inset-0 bg-gradient-to-t from-black\/80 via-black\/40 to-transparent\"><\/span>\n        <\/div>\n      \n        <div class=\"absolute bottom-190 lg:bottom-230pvw mw:bottom-230 z-10 flex flex-col gap-32 lg:gap-32pvw mw:gap-32 w-full px-24 lg:px-128pvw mw:px-128\">\n          \n          <p class=\"font-light text-white text-20\/24 lg:text-20pvw\/24pvw mw:text-20\/24 max-w-616 lg:max-w-616pvw mw:max-w-616 pb-16 lg:pb-16pvw mw:pb-16 last:pb-0\">Apostem per fruita i verdura de proximitat i tenim 19 refer\u00e8ncies d&#8217;aliments amb segell ecol\u00f2gic. A m\u00e9s de redu\u00efr sucre i sal d&#8217;elaboracions i salses.<\/p>\n<p class=\"font-light text-white text-20\/24 lg:text-20pvw\/24pvw mw:text-20\/24 max-w-616 lg:max-w-616pvw mw:max-w-616 pb-16 lg:pb-16pvw mw:pb-16 last:pb-0\">&nbsp;<\/p>\n        <\/div>\n      <\/div>\n\n      \n      <div class=\"swiper-slide w-full h-full\" data-title=\"Ous de corral\" data-title-tag=\"h2\">\n        <div class=\"relative\">\n          <picture class=\"relative block w-full h-full\">\n            <source media=\"(min-width: 1024px)\" srcset=\"https:\/\/www.udon.com\/wp-content\/uploads\/2025\/12\/huevos-corral.jpg, https:\/\/www.udon.com\/wp-content\/uploads\/2025\/12\/huevos-corral.jpg 2x\">\n            <img decoding=\"async\" class=\"block w-full h-full object-cover object-center z-1\" alt=\"huevos-corral\" src=\"https:\/\/www.udon.com\/wp-content\/uploads\/2025\/12\/huevos-corral-mobile.jpg\" srcset=\"https:\/\/www.udon.com\/wp-content\/uploads\/2025\/12\/huevos-corral-mobile.jpg 2x\">\n          <\/picture>\n          <span class=\"absolute inset-0 bg-gradient-to-t from-black\/80 via-black\/40 to-transparent\"><\/span>\n        <\/div>\n      \n        <div class=\"absolute bottom-190 lg:bottom-230pvw mw:bottom-230 z-10 flex flex-col gap-32 lg:gap-32pvw mw:gap-32 w-full px-24 lg:px-128pvw mw:px-128\">\n          \n          <p class=\"font-light text-white text-20\/24 lg:text-20pvw\/24pvw mw:text-20\/24 max-w-616 lg:max-w-616pvw mw:max-w-616 pb-16 lg:pb-16pvw mw:pb-16 last:pb-0\">Els nostres ous s\u00f3n de granja, procedents de gallines lliures de g\u00e0bia.<\/p>\n<p class=\"font-light text-white text-20\/24 lg:text-20pvw\/24pvw mw:text-20\/24 max-w-616 lg:max-w-616pvw mw:max-w-616 pb-16 lg:pb-16pvw mw:pb-16 last:pb-0\">&nbsp;<\/p>\n        <\/div>\n      <\/div>\n\n      \n      <div class=\"swiper-slide w-full h-full\" data-title=\"Plats vegetarians i vegans\" data-title-tag=\"h2\">\n        <div class=\"relative\">\n          <picture class=\"relative block w-full h-full\">\n            <source media=\"(min-width: 1024px)\" srcset=\"https:\/\/www.udon.com\/wp-content\/uploads\/2025\/12\/platos-veganos-producto.jpg, https:\/\/www.udon.com\/wp-content\/uploads\/2025\/12\/platos-veganos-producto.jpg 2x\">\n            <img decoding=\"async\" class=\"block w-full h-full object-cover object-center z-1\" alt=\"platos-veganos-producto\" src=\"https:\/\/www.udon.com\/wp-content\/uploads\/2025\/12\/platos-veganos-producto-mobile.jpg\" srcset=\"https:\/\/www.udon.com\/wp-content\/uploads\/2025\/12\/platos-veganos-producto-mobile.jpg 2x\">\n          <\/picture>\n          <span class=\"absolute inset-0 bg-gradient-to-t from-black\/80 via-black\/40 to-transparent\"><\/span>\n        <\/div>\n      \n        <div class=\"absolute bottom-190 lg:bottom-230pvw mw:bottom-230 z-10 flex flex-col gap-32 lg:gap-32pvw mw:gap-32 w-full px-24 lg:px-128pvw mw:px-128\">\n          \n          <p class=\"font-light text-white text-20\/24 lg:text-20pvw\/24pvw mw:text-20\/24 max-w-616 lg:max-w-616pvw mw:max-w-616 pb-16 lg:pb-16pvw mw:pb-16 last:pb-0\">Oferim plats vegetarians i vegans amb prote\u00efna vegetal. Per aportar varietat i reduir l\u2019empremta de carboni del nostre men\u00fa.<\/p>\n<p class=\"font-light text-white text-20\/24 lg:text-20pvw\/24pvw mw:text-20\/24 max-w-616 lg:max-w-616pvw mw:max-w-616 pb-16 lg:pb-16pvw mw:pb-16 last:pb-0\">&nbsp;<\/p>\n        <\/div>\n      <\/div>\n\n        <\/div>\n\n  <div class=\"absolute z-1 !bottom-64 lg:!bottom-104pvw mw:!bottom-104 left-0 block w-full lg:px-128pvw mw:px-128 overflow-visible\">\n    <div class=\"overflow-x-auto lg:overflow-x-visible scrollbar-hide w-full\">\n      <div class=\"swiper-custom-pagination w-full flex lg:grid lg:grid-cols-3 gap-32XXX lg:gap-32pvw mw:gap-32\"><\/div>\n    <\/div>\n  <\/div>\n  \n<\/div>\n  \n\n\n\n\n\n<div class=\"module--list-icons relative z-1 bg-white lg:min-h-700pvw mw:min-h-700 pt-80 pb-64 lg:py-128pvw mw:py-128 \">\n\n    <div class=\"absolute z-0 inset-0 w-full\">\n        <picture class=\"relative block w-full h-full\">\n      <source media=\"(min-width: 768px)\" srcset=\"https:\/\/www.udon.com\/wp-content\/uploads\/2025\/10\/bg-waves-pattern-d@2x.jpg, https:\/\/www.udon.com\/wp-content\/uploads\/2025\/10\/bg-waves-pattern-d@2x.jpg 2x\">\n      <img decoding=\"async\" class=\"block w-full h-full object-cover object-center z-1\" alt=\"bg-waves-pattern-d@2x\" src=\"https:\/\/www.udon.com\/wp-content\/uploads\/2025\/12\/franquicias-alimentacion.jpg\" srcset=\"https:\/\/www.udon.com\/wp-content\/uploads\/2025\/12\/franquicias-alimentacion.jpg 2x\">\n    <\/picture>\n    <span class=\"absolute inset-0 bg-gradient-to-t from-black\/30 to-transparent\"><\/span>\n  <\/div>\n    \n  <div class=\"lg:flex lg:gap-200pvw mw:gap-200 relative z-1 px-24 lg:px-128pvw mw:px-128 max-w-mw mx-auto\">\n        <div class=\"w-full mb-64 lg:mb-64pvw mw:mb-64 max-w-616 lg:max-w-616pvw mw:max-w-616\">\n      <h2 class=\"font-thin text-white  text-32\/36 lg:text-64pvw\/68pvw mw:text-64\/68 mb-16 lg:mb-32pvw mw:mb-32\">Som experts en noodles<\/h2><p class=\"font-normal text-white  md:max-w-664 lg:max-w-664pvw mw:max-w-664 \">Els noodles s\u00f3n l\u2019ingredient base de les nostres especialitats saltades i amb brou. S\u00f3n perfectes per gaudir d\u2019una dieta equilibrada, sana i nutritiva. En els nostres restaurants, podr\u00e0s trobar quatre varietats de noodles.<\/p>\n    <\/div>\n    <ul class=\"grid grid-cols-2 gap-x-20 gap-y-40 lg:gap-40pvw mw:gap-40 justify-between items-top\"><li class=\"w-full\"><span class=\"bg-white flex justify-center items-center mb-20 rounded-1\/2 size-80 lg:size-80pvw mw:size-80 mx-auto\"><img decoding=\"async\" class=\"w-fit max-w-44 lg:max-w-44pvw mw:max-w-44\" src=\"https:\/\/www.udon.com\/wp-content\/uploads\/2025\/12\/udon.svg\" alt=\"\"\/><\/span><h3 class=\"font-normal text-center text-balance text-white lg:text-1_322vw-1_587vw mw:text-20-24 mx-auto \">UDON<br \/>\r\n<br \/>\r\nFideu gruixut fet amb farina de blat, sal i aigua.<\/h3><\/li><li class=\"w-full\"><span class=\"bg-white flex justify-center items-center mb-20 rounded-1\/2 size-80 lg:size-80pvw mw:size-80 mx-auto\"><img decoding=\"async\" class=\"w-fit max-w-44 lg:max-w-44pvw mw:max-w-44\" src=\"https:\/\/www.udon.com\/wp-content\/uploads\/2025\/12\/yakisoba-1.svg\" alt=\"\"\/><\/span><h3 class=\"font-normal text-center text-balance text-white lg:text-1_322vw-1_587vw mw:text-20-24 mx-auto \">YAKISOBA<br \/>\r\n<br \/>\r\nFideu fi fet amb farina de blat, sal i aigua.<\/h3><\/li><li class=\"w-full\"><span class=\"bg-white flex justify-center items-center mb-20 rounded-1\/2 size-80 lg:size-80pvw mw:size-80 mx-auto\"><img decoding=\"async\" class=\"w-fit max-w-44 lg:max-w-44pvw mw:max-w-44\" src=\"https:\/\/www.udon.com\/wp-content\/uploads\/2025\/12\/ramen.svg\" alt=\"\"\/><\/span><h3 class=\"font-normal text-center text-balance text-white lg:text-1_322vw-1_587vw mw:text-20-24 mx-auto \">RAMEN<br \/>\r\n<br \/>\r\nFideu fi fet amb farina de blat, sal i aigua.<\/h3><\/li><\/ul>  <\/div>\n<\/div>\n\n\n\n<div class=\"module--title-buttons relative bg-white flex items-center justify-center w-full min-h-100dvh md:min-h-700 overflow-hidden \">\n  \n  <div class=\"relative z-1 flex flex-col justify-center gap-32 lg:gap-32pvw mw:gap-32 w-full px-24 lg:px-128pvw mw:px-128 my-80 lg:my-104pvw mw:my-104\">\n    <div class=\"w-full max-w-878 lg:max-w-878pvw mw:max-w-878 mx-auto\">\n      <picture class=\"relative block mb-16 lg:mb-0\">  <source media=\"(min-width: 768px)\" srcset=\"https:\/\/www.udon.com\/wp-content\/uploads\/2025\/12\/Mixed-Rolls.jpg, https:\/\/www.udon.com\/wp-content\/uploads\/2025\/12\/Mixed-Rolls.jpg 2x\">  <img decoding=\"async\" class=\"block mx-auto\" alt=\"Mixed-Rolls\" src=\"https:\/\/www.udon.com\/wp-content\/uploads\/2025\/12\/Mixed-Rolls.jpg\" srcset=\"https:\/\/www.udon.com\/wp-content\/uploads\/2025\/12\/Mixed-Rolls.jpg 2x\"><\/picture><p class=\"w-full text-black text-32\/36 lg:text-104pvw\/104pvw mw:text-104\/104 text-center text-balance font-thin\">Fins i tot els nostres rolls estan fets de noodles!<\/p>    <\/div>\n    <p class=\"w-full max-w-680 lg:max-w-680pvw mw:max-w-680 mx-auto text-black text-16\/20 lg:text-16pvw\/20pvw mw:text-16\/20 text-center text-balance\">Vam comen\u00e7ar amb un noodle Bar i seguim amb els noodles en el centre de la nostra carta. Els nostres rolls estan fets amb fideus en lloc d\u2019arr\u00f2s. Per aix\u00f2 tenen aquell sabor i consist\u00e8ncia tan particular que els ha convertit en un dels nostres plats m\u00e9s sol\u00b7licitats.<\/p>\n<p class=\"w-full max-w-680 lg:max-w-680pvw mw:max-w-680 mx-auto text-black text-16\/20 lg:text-16pvw\/20pvw mw:text-16\/20 text-center text-balance\">&nbsp;<\/p>\n    <ul class=\"w-full px-16 lg:px-0 flex flex-col justify-center items-center gap-40 lg:gap-64pvw mw:gap-64\">\n          <li class=\"w-full flex flex-col items-center\">\n        <a href=\"\/ca\/carta\" title=\"CONSULTA LA CARTA\" class=\"hover-btn-ripple flex justify-center items-center w-full lg:w-auto lg:min-w-300pvw mw:min-w-300 p-18 lg:p-18pvw mw:p-18 border-1 border-solid border-black bg-black\"><span class=\"text-16\/20 lg:text-16pvw\/16pvw mw:text-16\/20 text-white uppercase\">CONSULTA LA CARTA<\/span><\/a>      <\/li>\n          <\/ul>\n      <\/div>\n\n<\/div>\n","protected":false},"excerpt":{"rendered":"","protected":false},"author":1,"featured_media":0,"parent":0,"menu_order":0,"comment_status":"closed","ping_status":"closed","template":"","meta":{"_acf_changed":false,"footnotes":""},"class_list":["post-9539","page","type-page","status-publish","hentry"],"acf":[],"yoast_head":"<!-- This site is optimized with the Yoast SEO plugin v26.7 - https:\/\/yoast.com\/wordpress\/plugins\/seo\/ -->\n<title>Producte - UDON Asian Food<\/title>\n<meta name=\"description\" content=\"Any rere any, ampliem el nombre de productes amb segell ecol\u00f2gic, d\u2019origen local i amb criteris de benestar animal.\" \/>\n<meta name=\"robots\" content=\"index, follow, max-snippet:-1, max-image-preview:large, max-video-preview:-1\" \/>\n<link rel=\"canonical\" href=\"https:\/\/www.udon.com\/ca\/producte\" \/>\n<meta property=\"og:locale\" content=\"ca_ES\" \/>\n<meta property=\"og:type\" content=\"article\" \/>\n<meta property=\"og:title\" content=\"Producte - UDON Asian Food\" \/>\n<meta property=\"og:description\" content=\"Any rere any, ampliem el nombre de productes amb segell ecol\u00f2gic, d\u2019origen local i amb criteris de benestar animal.\" \/>\n<meta property=\"og:url\" content=\"https:\/\/www.udon.com\/ca\/producte\" \/>\n<meta property=\"og:site_name\" content=\"UDON Asian Food\" \/>\n<meta property=\"article:modified_time\" content=\"2026-01-23T15:31:43+00:00\" \/>\n<meta name=\"twitter:card\" content=\"summary_large_image\" \/>\n<script type=\"application\/ld+json\" class=\"yoast-schema-graph\">{\"@context\":\"https:\/\/schema.org\",\"@graph\":[{\"@type\":\"WebPage\",\"@id\":\"https:\/\/www.udon.com\/ca\/producte\",\"url\":\"https:\/\/www.udon.com\/ca\/producte\",\"name\":\"Producte - UDON Asian Food\",\"isPartOf\":{\"@id\":\"https:\/\/www.udon.com\/ca#website\"},\"datePublished\":\"2025-10-24T12:49:26+00:00\",\"dateModified\":\"2026-01-23T15:31:43+00:00\",\"description\":\"Any rere any, ampliem el nombre de productes amb segell ecol\u00f2gic, d\u2019origen local i amb criteris de benestar animal.\",\"breadcrumb\":{\"@id\":\"https:\/\/www.udon.com\/ca\/producte#breadcrumb\"},\"inLanguage\":\"ca\",\"potentialAction\":[{\"@type\":\"ReadAction\",\"target\":[\"https:\/\/www.udon.com\/ca\/producte\"]}]},{\"@type\":\"BreadcrumbList\",\"@id\":\"https:\/\/www.udon.com\/ca\/producte#breadcrumb\",\"itemListElement\":[{\"@type\":\"ListItem\",\"position\":1,\"name\":\"Portada\",\"item\":\"https:\/\/www.udon.com\/ca\/\"},{\"@type\":\"ListItem\",\"position\":2,\"name\":\"Producte\"}]},{\"@type\":\"WebSite\",\"@id\":\"https:\/\/www.udon.com\/ca#website\",\"url\":\"https:\/\/www.udon.com\/ca\",\"name\":\"UDON Asian Food\",\"description\":\"\",\"potentialAction\":[{\"@type\":\"SearchAction\",\"target\":{\"@type\":\"EntryPoint\",\"urlTemplate\":\"https:\/\/www.udon.com\/ca?s={search_term_string}\"},\"query-input\":{\"@type\":\"PropertyValueSpecification\",\"valueRequired\":true,\"valueName\":\"search_term_string\"}}],\"inLanguage\":\"ca\"}]}<\/script>\n<!-- \/ Yoast SEO plugin. -->","yoast_head_json":{"title":"Producte - UDON Asian Food","description":"Any rere any, ampliem el nombre de productes amb segell ecol\u00f2gic, d\u2019origen local i amb criteris de benestar animal.","robots":{"index":"index","follow":"follow","max-snippet":"max-snippet:-1","max-image-preview":"max-image-preview:large","max-video-preview":"max-video-preview:-1"},"canonical":"https:\/\/www.udon.com\/ca\/producte","og_locale":"ca_ES","og_type":"article","og_title":"Producte - UDON Asian Food","og_description":"Any rere any, ampliem el nombre de productes amb segell ecol\u00f2gic, d\u2019origen local i amb criteris de benestar animal.","og_url":"https:\/\/www.udon.com\/ca\/producte","og_site_name":"UDON Asian Food","article_modified_time":"2026-01-23T15:31:43+00:00","twitter_card":"summary_large_image","schema":{"@context":"https:\/\/schema.org","@graph":[{"@type":"WebPage","@id":"https:\/\/www.udon.com\/ca\/producte","url":"https:\/\/www.udon.com\/ca\/producte","name":"Producte - UDON Asian Food","isPartOf":{"@id":"https:\/\/www.udon.com\/ca#website"},"datePublished":"2025-10-24T12:49:26+00:00","dateModified":"2026-01-23T15:31:43+00:00","description":"Any rere any, ampliem el nombre de productes amb segell ecol\u00f2gic, d\u2019origen local i amb criteris de benestar animal.","breadcrumb":{"@id":"https:\/\/www.udon.com\/ca\/producte#breadcrumb"},"inLanguage":"ca","potentialAction":[{"@type":"ReadAction","target":["https:\/\/www.udon.com\/ca\/producte"]}]},{"@type":"BreadcrumbList","@id":"https:\/\/www.udon.com\/ca\/producte#breadcrumb","itemListElement":[{"@type":"ListItem","position":1,"name":"Portada","item":"https:\/\/www.udon.com\/ca\/"},{"@type":"ListItem","position":2,"name":"Producte"}]},{"@type":"WebSite","@id":"https:\/\/www.udon.com\/ca#website","url":"https:\/\/www.udon.com\/ca","name":"UDON Asian Food","description":"","potentialAction":[{"@type":"SearchAction","target":{"@type":"EntryPoint","urlTemplate":"https:\/\/www.udon.com\/ca?s={search_term_string}"},"query-input":{"@type":"PropertyValueSpecification","valueRequired":true,"valueName":"search_term_string"}}],"inLanguage":"ca"}]}},"_links":{"self":[{"href":"https:\/\/www.udon.com\/ca\/wp-json\/wp\/v2\/pages\/9539","targetHints":{"allow":["GET"]}}],"collection":[{"href":"https:\/\/www.udon.com\/ca\/wp-json\/wp\/v2\/pages"}],"about":[{"href":"https:\/\/www.udon.com\/ca\/wp-json\/wp\/v2\/types\/page"}],"author":[{"embeddable":true,"href":"https:\/\/www.udon.com\/ca\/wp-json\/wp\/v2\/users\/1"}],"replies":[{"embeddable":true,"href":"https:\/\/www.udon.com\/ca\/wp-json\/wp\/v2\/comments?post=9539"}],"version-history":[{"count":5,"href":"https:\/\/www.udon.com\/ca\/wp-json\/wp\/v2\/pages\/9539\/revisions"}],"predecessor-version":[{"id":70773,"href":"https:\/\/www.udon.com\/ca\/wp-json\/wp\/v2\/pages\/9539\/revisions\/70773"}],"wp:attachment":[{"href":"https:\/\/www.udon.com\/ca\/wp-json\/wp\/v2\/media?parent=9539"}],"curies":[{"name":"wp","href":"https:\/\/api.w.org\/{rel}","templated":true}]}}