{"id":9537,"date":"2025-10-28T09:33:45","date_gmt":"2025-10-28T08:33:45","guid":{"rendered":"https:\/\/www.udon.com\/premios-y-reconocimientos\/"},"modified":"2026-01-08T16:02:34","modified_gmt":"2026-01-08T15:02:34","slug":"premis-i-reconeixements","status":"publish","type":"page","link":"https:\/\/www.udon.com\/ca\/premis-i-reconeixements","title":{"rendered":"Premis i reconeixements"},"content":{"rendered":"\n<div class=\"module--list-icons relative z-1 bg-off-white lg:min-h-700pvwXXX mw:min-h-700XXX pt-80 pb-64 lg:py-128pvw mw:py-128 \" >\n  \n  <div class=\" relative z-1 px-24 lg:px-128pvw mw:px-128 max-w-mw mx-auto\">\n        \n    <ul class=\"grid md:grid-cols-2 lg:grid-cols-4 gap-x-20 gap-y-64 lg:gap-24pvw mw:gap-24 justify-between items-start\"><li class=\"w-full \"><p class=\"font-normal text-14\/18 lg:text-14pvw\/18pvw mw:text-14\/18 mx-auto mb-8 lg:mb-16pvw mw:mb-16\">2025<\/p>        <picture class=\"block w-full my-8 lg:my-8pvw mw:my-8 max-w-205 lg:max-w-205pvw mw:max-w-205\">\n          <source media=\"(min-width: 768px)\" srcset=\"https:\/\/www.udon.com\/wp-content\/uploads\/2025\/12\/premio-horeca-sapiens.png, https:\/\/www.udon.com\/wp-content\/uploads\/2025\/12\/premio-horeca-sapiens.png 2x\">\n          <img decoding=\"async\" class=\"block w-full object-cover\" alt=\"\" src=\"https:\/\/www.udon.com\/wp-content\/uploads\/2025\/12\/premio-horeca-sapiens.png\" srcset=\"https:\/\/www.udon.com\/wp-content\/uploads\/2025\/12\/premio-horeca-sapiens.png 2x\">\n        <\/picture>\n        <p class=\"font-light text-20\/24 lg:text-20pvw\/24pvw mw:text-20\/24 mt-8 lg:mt-8pvw mw:mt-8\">Premi al Talent<\/p><\/li><li class=\"w-full \"><p class=\"font-normal text-14\/18 lg:text-14pvw\/18pvw mw:text-14\/18 mx-auto mb-8 lg:mb-16pvw mw:mb-16\">2025<\/p>        <picture class=\"block w-full my-8 lg:my-8pvw mw:my-8 max-w-205 lg:max-w-205pvw mw:max-w-205\">\n          <source media=\"(min-width: 768px)\" srcset=\"https:\/\/www.udon.com\/wp-content\/uploads\/2025\/10\/award-horeca@2x.png, https:\/\/www.udon.com\/wp-content\/uploads\/2025\/10\/award-horeca@2x.png 2x\">\n          <img decoding=\"async\" class=\"block w-full object-cover\" alt=\"\" src=\"https:\/\/www.udon.com\/wp-content\/uploads\/2025\/10\/award-horeca@2x.png\" srcset=\"https:\/\/www.udon.com\/wp-content\/uploads\/2025\/10\/award-horeca@2x.png 2x\">\n        <\/picture>\n        <p class=\"font-light text-20\/24 lg:text-20pvw\/24pvw mw:text-20\/24 mt-8 lg:mt-8pvw mw:mt-8\">Guanyador Premi Millor Desenvolupament Empresarial<\/p><\/li><li class=\"w-full \"><p class=\"font-normal text-14\/18 lg:text-14pvw\/18pvw mw:text-14\/18 mx-auto mb-8 lg:mb-16pvw mw:mb-16\">2025<\/p>        <picture class=\"block w-full my-8 lg:my-8pvw mw:my-8 max-w-205 lg:max-w-205pvw mw:max-w-205\">\n          <source media=\"(min-width: 768px)\" srcset=\"https:\/\/www.udon.com\/wp-content\/uploads\/2025\/10\/award-comercio@2x.png, https:\/\/www.udon.com\/wp-content\/uploads\/2025\/10\/award-comercio@2x.png 2x\">\n          <img decoding=\"async\" class=\"block w-full object-cover\" alt=\"\" src=\"https:\/\/www.udon.com\/wp-content\/uploads\/2025\/10\/award-comercio@2x.png\" srcset=\"https:\/\/www.udon.com\/wp-content\/uploads\/2025\/10\/award-comercio@2x.png 2x\">\n        <\/picture>\n        <p class=\"font-light text-20\/24 lg:text-20pvw\/24pvw mw:text-20\/24 mt-8 lg:mt-8pvw mw:mt-8\">Millor Franqu\u00edcia de Restaurants de Menjar Internacional<\/p><p class=\"font-light text-20\/24 lg:text-20pvw\/24pvw mw:text-20\/24 mt-8 lg:mt-8pvw mw:mt-8\">Millor Comer\u00e7 de l\u2019Any. Categoria Restaurants de Menjar Internacional<\/p><\/li><li class=\"w-full \"><p class=\"font-normal text-14\/18 lg:text-14pvw\/18pvw mw:text-14\/18 mx-auto mb-8 lg:mb-16pvw mw:mb-16\">2025<\/p>        <picture class=\"block w-full my-8 lg:my-8pvw mw:my-8 max-w-205 lg:max-w-205pvw mw:max-w-205\">\n          <source media=\"(min-width: 768px)\" srcset=\"https:\/\/www.udon.com\/wp-content\/uploads\/2025\/10\/award-publifestival@2x.png, https:\/\/www.udon.com\/wp-content\/uploads\/2025\/10\/award-publifestival@2x.png 2x\">\n          <img decoding=\"async\" class=\"block w-full object-cover\" alt=\"\" src=\"https:\/\/www.udon.com\/wp-content\/uploads\/2025\/10\/award-publifestival@2x.png\" srcset=\"https:\/\/www.udon.com\/wp-content\/uploads\/2025\/10\/award-publifestival@2x.png 2x\">\n        <\/picture>\n        <p class=\"font-light text-20\/24 lg:text-20pvw\/24pvw mw:text-20\/24 mt-8 lg:mt-8pvw mw:mt-8\">Millor Producci\u00f3 en Acci\u00f3 Viral Online &#8211; Podcast &#8220;X28 F\u00f3rmula para Ser&#8221; (de Jordi Vidal by UDON).<\/p><p class=\"font-light text-20\/24 lg:text-20pvw\/24pvw mw:text-20\/24 mt-8 lg:mt-8pvw mw:mt-8\">Millor Aportaci\u00f3 al Desenvolupament de Marca &#8211; Podcast X28 F\u00f3rmula para Ser (de Jordi Vidal by UDON).<\/p><p class=\"font-light text-20\/24 lg:text-20pvw\/24pvw mw:text-20\/24 mt-8 lg:mt-8pvw mw:mt-8\">Millor Producci\u00f3 de Campanya a Xarxes Socials &#8211; Podcast &#8220;X28 F\u00f3rmula para Ser&#8221; (de Jordi Vidal by UDON).<\/p><\/li><\/ul>  <\/div>\n<\/div>\n\n\n\n<div class=\"module--awards relative z-1 bg-white lg:min-h-700pvwXXX mw:min-h-700XXX pt-80 pb-64 lg:py-128pvw mw:py-128 \" >\n  \n  <div class=\"flex flex-col lg:flex-row lg:gap-104pvw mw:gap-104 relative z-1 px-24 lg:px-128pvw mw:px-128 max-w-mw mx-auto\">\n    <div class=\"w-full max-w-427 lg:max-w-427pvw mw:max-w-427\">\n      <h2 class=\"font-thin  text-32\/36 lg:text-32pvw\/36pvw mw:text-32\/36 mb-16 lg:mb-32pvw mw:mb-32\">Premis i reconeixements<\/h2>    <\/div>\n    \n    <div class=\"awards-container\">\n    <ul class=\"grid md:grid-cols-2 gap-32 lg:gap-24pvw mw:gap-24 mt-48 lg:mt-0 justify-between\"><li class=\"awards w-full border-b border-black\/10 pb-32 lg:pb-24pvw mw:pb-24\"><p class=\"font-normal text-14\/18 lg:text-14pvw\/18pvw mw:text-14\/18 mx-auto mb-8 lg:mb-16pvw mw:mb-16\">2025<\/p><h3 class=\"font-regular text-24\/28 lg:text-24pvw\/28pvw mw:text-24\/28 mx-auto mb-8 lg:mb-8pvw mw:mb-8\">Premi Especial \u201cRSBiz\u201d<\/h3><p class=\"font-light text-20\/24 lg:text-20pvw\/24pvw mw:text-20\/24 mt-8 lg:mt-8pvw mw:mt-8\">Premis Franqu\u00edcies de Catalunya<\/p><\/li><li class=\"awards w-full border-b border-black\/10 pb-32 lg:pb-24pvw mw:pb-24\"><p class=\"font-normal text-14\/18 lg:text-14pvw\/18pvw mw:text-14\/18 mx-auto mb-8 lg:mb-16pvw mw:mb-16\">2025<\/p><h3 class=\"font-regular text-24\/28 lg:text-24pvw\/28pvw mw:text-24\/28 mx-auto mb-8 lg:mb-8pvw mw:mb-8\">Premi al Talent<\/h3><p class=\"font-light text-20\/24 lg:text-20pvw\/24pvw mw:text-20\/24 mt-8 lg:mt-8pvw mw:mt-8\">Premis Horeca Sapiens<\/p><\/li><li class=\"awards w-full border-b border-black\/10 pb-32 lg:pb-24pvw mw:pb-24\"><p class=\"font-normal text-14\/18 lg:text-14pvw\/18pvw mw:text-14\/18 mx-auto mb-8 lg:mb-16pvw mw:mb-16\">2025<\/p><h3 class=\"font-regular text-24\/28 lg:text-24pvw\/28pvw mw:text-24\/28 mx-auto mb-8 lg:mb-8pvw mw:mb-8\">Guanyador Premi Millor Desenvolupament Empresarial<\/h3><p class=\"font-light text-20\/24 lg:text-20pvw\/24pvw mw:text-20\/24 mt-8 lg:mt-8pvw mw:mt-8\">Horeca New Business Models Awards<\/p><\/li><li class=\"awards w-full border-b border-black\/10 pb-32 lg:pb-24pvw mw:pb-24\"><p class=\"font-normal text-14\/18 lg:text-14pvw\/18pvw mw:text-14\/18 mx-auto mb-8 lg:mb-16pvw mw:mb-16\">2025<\/p><h3 class=\"font-regular text-24\/28 lg:text-24pvw\/28pvw mw:text-24\/28 mx-auto mb-8 lg:mb-8pvw mw:mb-8\">Millor Franqu\u00edcia de Restaurants de Menjar Internacional<\/h3><p class=\"font-light text-20\/24 lg:text-20pvw\/24pvw mw:text-20\/24 mt-8 lg:mt-8pvw mw:mt-8\">Premis Comercio del a\u00f1o<\/p><\/li><li class=\"awards w-full border-b border-black\/10 pb-32 lg:pb-24pvw mw:pb-24\"><p class=\"font-normal text-14\/18 lg:text-14pvw\/18pvw mw:text-14\/18 mx-auto mb-8 lg:mb-16pvw mw:mb-16\">2025<\/p><h3 class=\"font-regular text-24\/28 lg:text-24pvw\/28pvw mw:text-24\/28 mx-auto mb-8 lg:mb-8pvw mw:mb-8\">Millor Comer\u00e7 de l\u2019Any. Categoria Restaurants de Menjar Internacional<\/h3><p class=\"font-light text-20\/24 lg:text-20pvw\/24pvw mw:text-20\/24 mt-8 lg:mt-8pvw mw:mt-8\">Premis Comercio del a\u00f1o<\/p><\/li><li class=\"awards w-full border-b border-black\/10 pb-32 lg:pb-24pvw mw:pb-24\"><p class=\"font-normal text-14\/18 lg:text-14pvw\/18pvw mw:text-14\/18 mx-auto mb-8 lg:mb-16pvw mw:mb-16\">2025<\/p><h3 class=\"font-regular text-24\/28 lg:text-24pvw\/28pvw mw:text-24\/28 mx-auto mb-8 lg:mb-8pvw mw:mb-8\">Millor Producci\u00f3 de Campanya a Xarxes Socials &#8211; Podcast &#8220;X28 F\u00f3rmula para Ser&#8221; (de Jordi Vidal by UDON).<\/h3><p class=\"font-light text-20\/24 lg:text-20pvw\/24pvw mw:text-20\/24 mt-8 lg:mt-8pvw mw:mt-8\">Publifestival<\/p><\/li><li class=\"awards w-full border-b border-black\/10 pb-32 lg:pb-24pvw mw:pb-24 hidden opacity-0\"><p class=\"font-normal text-14\/18 lg:text-14pvw\/18pvw mw:text-14\/18 mx-auto mb-8 lg:mb-16pvw mw:mb-16\">2025<\/p><h3 class=\"font-regular text-24\/28 lg:text-24pvw\/28pvw mw:text-24\/28 mx-auto mb-8 lg:mb-8pvw mw:mb-8\">Millor Producci\u00f3 en Acci\u00f3 Viral Online &#8211; Podcast &#8220;X28 F\u00f3rmula para Ser&#8221; (de Jordi Vidal by UDON).<\/h3><p class=\"font-light text-20\/24 lg:text-20pvw\/24pvw mw:text-20\/24 mt-8 lg:mt-8pvw mw:mt-8\">Publifestival<\/p><\/li><li class=\"awards w-full border-b border-black\/10 pb-32 lg:pb-24pvw mw:pb-24 hidden opacity-0\"><p class=\"font-normal text-14\/18 lg:text-14pvw\/18pvw mw:text-14\/18 mx-auto mb-8 lg:mb-16pvw mw:mb-16\">2025<\/p><h3 class=\"font-regular text-24\/28 lg:text-24pvw\/28pvw mw:text-24\/28 mx-auto mb-8 lg:mb-8pvw mw:mb-8\">Millor Aportaci\u00f3 al Desenvolupament de Marca &#8211; Podcast X28 F\u00f3rmula para Ser (de Jordi Vidal by UDON).<\/h3><p class=\"font-light text-20\/24 lg:text-20pvw\/24pvw mw:text-20\/24 mt-8 lg:mt-8pvw mw:mt-8\">Publifestival<\/p><\/li><li class=\"awards w-full border-b border-black\/10 pb-32 lg:pb-24pvw mw:pb-24 hidden opacity-0\"><p class=\"font-normal text-14\/18 lg:text-14pvw\/18pvw mw:text-14\/18 mx-auto mb-8 lg:mb-16pvw mw:mb-16\">2024<\/p><h3 class=\"font-regular text-24\/28 lg:text-24pvw\/28pvw mw:text-24\/28 mx-auto mb-8 lg:mb-8pvw mw:mb-8\">Guanyador Premi Millor Estrat\u00e8gia d\u2019Expansi\u00f3<\/h3><p class=\"font-light text-20\/24 lg:text-20pvw\/24pvw mw:text-20\/24 mt-8 lg:mt-8pvw mw:mt-8\">Premis Marcas de Restauraci\u00f3n<\/p><\/li><li class=\"awards w-full border-b border-black\/10 pb-32 lg:pb-24pvw mw:pb-24 hidden opacity-0\"><p class=\"font-normal text-14\/18 lg:text-14pvw\/18pvw mw:text-14\/18 mx-auto mb-8 lg:mb-16pvw mw:mb-16\">2024<\/p><h3 class=\"font-regular text-24\/28 lg:text-24pvw\/28pvw mw:text-24\/28 mx-auto mb-8 lg:mb-8pvw mw:mb-8\">Guanyador Premi Millor Iniciativa Persones i Talent<\/h3><p class=\"font-light text-20\/24 lg:text-20pvw\/24pvw mw:text-20\/24 mt-8 lg:mt-8pvw mw:mt-8\">Premis Marcas de Restauraci\u00f3n<\/p><\/li><li class=\"awards w-full border-b border-black\/10 pb-32 lg:pb-24pvw mw:pb-24 hidden opacity-0\"><p class=\"font-normal text-14\/18 lg:text-14pvw\/18pvw mw:text-14\/18 mx-auto mb-8 lg:mb-16pvw mw:mb-16\">2024<\/p><h3 class=\"font-regular text-24\/28 lg:text-24pvw\/28pvw mw:text-24\/28 mx-auto mb-8 lg:mb-8pvw mw:mb-8\">Millor Franqu\u00edcia de Restaurants de Menjar Internacional<\/h3><p class=\"font-light text-20\/24 lg:text-20pvw\/24pvw mw:text-20\/24 mt-8 lg:mt-8pvw mw:mt-8\">Premis Comercio del a\u00f1o<\/p><\/li><li class=\"awards w-full border-b border-black\/10 pb-32 lg:pb-24pvw mw:pb-24 hidden opacity-0\"><p class=\"font-normal text-14\/18 lg:text-14pvw\/18pvw mw:text-14\/18 mx-auto mb-8 lg:mb-16pvw mw:mb-16\">2024<\/p><h3 class=\"font-regular text-24\/28 lg:text-24pvw\/28pvw mw:text-24\/28 mx-auto mb-8 lg:mb-8pvw mw:mb-8\">Millor Comer\u00e7 de l\u2019Any. Categoria Restaurants de Menjar Internacional<\/h3><p class=\"font-light text-20\/24 lg:text-20pvw\/24pvw mw:text-20\/24 mt-8 lg:mt-8pvw mw:mt-8\">Premis Comercio del a\u00f1o<\/p><\/li><li class=\"awards w-full border-b border-black\/10 pb-32 lg:pb-24pvw mw:pb-24 hidden opacity-0\"><p class=\"font-normal text-14\/18 lg:text-14pvw\/18pvw mw:text-14\/18 mx-auto mb-8 lg:mb-16pvw mw:mb-16\">2024<\/p><h3 class=\"font-regular text-24\/28 lg:text-24pvw\/28pvw mw:text-24\/28 mx-auto mb-8 lg:mb-8pvw mw:mb-8\">Millor Estrat\u00e8gia de Campanya a Xarxes Socials<\/h3><p class=\"font-light text-20\/24 lg:text-20pvw\/24pvw mw:text-20\/24 mt-8 lg:mt-8pvw mw:mt-8\">Publifestival<\/p><\/li><li class=\"awards w-full border-b border-black\/10 pb-32 lg:pb-24pvw mw:pb-24 hidden opacity-0\"><p class=\"font-normal text-14\/18 lg:text-14pvw\/18pvw mw:text-14\/18 mx-auto mb-8 lg:mb-16pvw mw:mb-16\">2023<\/p><h3 class=\"font-regular text-24\/28 lg:text-24pvw\/28pvw mw:text-24\/28 mx-auto mb-8 lg:mb-8pvw mw:mb-8\">Premi a la millor pol\u00edtica de RSC i protecci\u00f3 del medi ambient<\/h3><p class=\"font-light text-20\/24 lg:text-20pvw\/24pvw mw:text-20\/24 mt-8 lg:mt-8pvw mw:mt-8\">Premis Franqu\u00edcies de Catalunya<\/p><\/li><li class=\"awards w-full border-b border-black\/10 pb-32 lg:pb-24pvw mw:pb-24 hidden opacity-0\"><p class=\"font-normal text-14\/18 lg:text-14pvw\/18pvw mw:text-14\/18 mx-auto mb-8 lg:mb-16pvw mw:mb-16\">2023<\/p><h3 class=\"font-regular text-24\/28 lg:text-24pvw\/28pvw mw:text-24\/28 mx-auto mb-8 lg:mb-8pvw mw:mb-8\">Millor Franqu\u00edcia de Restaurants de Menjar Internacional<\/h3><p class=\"font-light text-20\/24 lg:text-20pvw\/24pvw mw:text-20\/24 mt-8 lg:mt-8pvw mw:mt-8\">Premis Comercio del a\u00f1o<\/p><\/li><li class=\"awards w-full border-b border-black\/10 pb-32 lg:pb-24pvw mw:pb-24 hidden opacity-0\"><p class=\"font-normal text-14\/18 lg:text-14pvw\/18pvw mw:text-14\/18 mx-auto mb-8 lg:mb-16pvw mw:mb-16\">2023<\/p><h3 class=\"font-regular text-24\/28 lg:text-24pvw\/28pvw mw:text-24\/28 mx-auto mb-8 lg:mb-8pvw mw:mb-8\">Millor Comer\u00e7 de l\u2019Any. Categoria Restaurants de Menjar Internacional<\/h3><p class=\"font-light text-20\/24 lg:text-20pvw\/24pvw mw:text-20\/24 mt-8 lg:mt-8pvw mw:mt-8\">Premis Comercio del a\u00f1o<\/p><\/li><li class=\"awards w-full border-b border-black\/10 pb-32 lg:pb-24pvw mw:pb-24 hidden opacity-0\"><p class=\"font-normal text-14\/18 lg:text-14pvw\/18pvw mw:text-14\/18 mx-auto mb-8 lg:mb-16pvw mw:mb-16\">2022<\/p><h3 class=\"font-regular text-24\/28 lg:text-24pvw\/28pvw mw:text-24\/28 mx-auto mb-8 lg:mb-8pvw mw:mb-8\">Millor equip d\u2019expansi\u00f3 i m\u00e0rqueting franquiciador<\/h3><p class=\"font-light text-20\/24 lg:text-20pvw\/24pvw mw:text-20\/24 mt-8 lg:mt-8pvw mw:mt-8\">Premis Franqu\u00edcies de Catalunya<\/p><\/li><li class=\"awards w-full border-b border-black\/10 pb-32 lg:pb-24pvw mw:pb-24 hidden opacity-0\"><p class=\"font-normal text-14\/18 lg:text-14pvw\/18pvw mw:text-14\/18 mx-auto mb-8 lg:mb-16pvw mw:mb-16\">2021<\/p><h3 class=\"font-regular text-24\/28 lg:text-24pvw\/28pvw mw:text-24\/28 mx-auto mb-8 lg:mb-8pvw mw:mb-8\">Guanyador Premi a la Sostenibilitat<\/h3><p class=\"font-light text-20\/24 lg:text-20pvw\/24pvw mw:text-20\/24 mt-8 lg:mt-8pvw mw:mt-8\">Premis Marcas de Restauraci\u00f3n<\/p><\/li><li class=\"awards w-full border-b border-black\/10 pb-32 lg:pb-24pvw mw:pb-24 hidden opacity-0\"><p class=\"font-normal text-14\/18 lg:text-14pvw\/18pvw mw:text-14\/18 mx-auto mb-8 lg:mb-16pvw mw:mb-16\">2020<\/p><h3 class=\"font-regular text-24\/28 lg:text-24pvw\/28pvw mw:text-24\/28 mx-auto mb-8 lg:mb-8pvw mw:mb-8\">Guanyador en Innovaci\u00f3<\/h3><p class=\"font-light text-20\/24 lg:text-20pvw\/24pvw mw:text-20\/24 mt-8 lg:mt-8pvw mw:mt-8\">Premi Nacional d\u2019Hosteleria<\/p><\/li><li class=\"awards w-full border-b border-black\/10 pb-32 lg:pb-24pvw mw:pb-24 hidden opacity-0\"><p class=\"font-normal text-14\/18 lg:text-14pvw\/18pvw mw:text-14\/18 mx-auto mb-8 lg:mb-16pvw mw:mb-16\">2019<\/p><h3 class=\"font-regular text-24\/28 lg:text-24pvw\/28pvw mw:text-24\/28 mx-auto mb-8 lg:mb-8pvw mw:mb-8\">Guanyador en People-Product-Planet<\/h3><p class=\"font-light text-20\/24 lg:text-20pvw\/24pvw mw:text-20\/24 mt-8 lg:mt-8pvw mw:mt-8\">Horeca New Business Models Awards<\/p><\/li><li class=\"awards w-full border-b border-black\/10 pb-32 lg:pb-24pvw mw:pb-24 hidden opacity-0\"><p class=\"font-normal text-14\/18 lg:text-14pvw\/18pvw mw:text-14\/18 mx-auto mb-8 lg:mb-16pvw mw:mb-16\">2018<\/p><h3 class=\"font-regular text-24\/28 lg:text-24pvw\/28pvw mw:text-24\/28 mx-auto mb-8 lg:mb-8pvw mw:mb-8\">Guanyador d&#8217;empresa de serveis<\/h3><p class=\"font-light text-20\/24 lg:text-20pvw\/24pvw mw:text-20\/24 mt-8 lg:mt-8pvw mw:mt-8\">Premis Cambra del Vall\u00e8s Oriental<\/p><\/li><li class=\"awards w-full border-b border-black\/10 pb-32 lg:pb-24pvw mw:pb-24 hidden opacity-0\"><p class=\"font-normal text-14\/18 lg:text-14pvw\/18pvw mw:text-14\/18 mx-auto mb-8 lg:mb-16pvw mw:mb-16\">2016<\/p><h3 class=\"font-regular text-24\/28 lg:text-24pvw\/28pvw mw:text-24\/28 mx-auto mb-8 lg:mb-8pvw mw:mb-8\">Guanyador en gesti\u00f3 i desenvolupament dels RRHH<\/h3><p class=\"font-light text-20\/24 lg:text-20pvw\/24pvw mw:text-20\/24 mt-8 lg:mt-8pvw mw:mt-8\">Hostelco Awards<\/p><\/li><li class=\"awards w-full border-b border-black\/10 pb-32 lg:pb-24pvw mw:pb-24 hidden opacity-0\"><p class=\"font-normal text-14\/18 lg:text-14pvw\/18pvw mw:text-14\/18 mx-auto mb-8 lg:mb-16pvw mw:mb-16\">2016<\/p><h3 class=\"font-regular text-24\/28 lg:text-24pvw\/28pvw mw:text-24\/28 mx-auto mb-8 lg:mb-8pvw mw:mb-8\">Guanyador en expansi\u00f3 nacional i internacional<\/h3><p class=\"font-light text-20\/24 lg:text-20pvw\/24pvw mw:text-20\/24 mt-8 lg:mt-8pvw mw:mt-8\">Hostelco Awards<\/p><\/li><li class=\"awards w-full border-b border-black\/10 pb-32 lg:pb-24pvw mw:pb-24 hidden opacity-0\"><p class=\"font-normal text-14\/18 lg:text-14pvw\/18pvw mw:text-14\/18 mx-auto mb-8 lg:mb-16pvw mw:mb-16\">2016<\/p><h3 class=\"font-regular text-24\/28 lg:text-24pvw\/28pvw mw:text-24\/28 mx-auto mb-8 lg:mb-8pvw mw:mb-8\">Guanyador en Persones<\/h3><p class=\"font-light text-20\/24 lg:text-20pvw\/24pvw mw:text-20\/24 mt-8 lg:mt-8pvw mw:mt-8\">Premis Marcas de Restauraci\u00f3n<\/p><\/li><li class=\"awards w-full border-b border-black\/10 pb-32 lg:pb-24pvw mw:pb-24 hidden opacity-0\"><p class=\"font-normal text-14\/18 lg:text-14pvw\/18pvw mw:text-14\/18 mx-auto mb-8 lg:mb-16pvw mw:mb-16\">2016<\/p><h3 class=\"font-regular text-24\/28 lg:text-24pvw\/28pvw mw:text-24\/28 mx-auto mb-8 lg:mb-8pvw mw:mb-8\">Premi d\u2018excel\u00b7l\u00e8ncia i sostenibilitat<\/h3><p class=\"font-light text-20\/24 lg:text-20pvw\/24pvw mw:text-20\/24 mt-8 lg:mt-8pvw mw:mt-8\">Premis Marcas de Restauraci\u00f3n<\/p><\/li><li class=\"awards w-full border-b border-black\/10 pb-32 lg:pb-24pvw mw:pb-24 hidden opacity-0\"><p class=\"font-normal text-14\/18 lg:text-14pvw\/18pvw mw:text-14\/18 mx-auto mb-8 lg:mb-16pvw mw:mb-16\">2011<\/p><h3 class=\"font-regular text-24\/28 lg:text-24pvw\/28pvw mw:text-24\/28 mx-auto mb-8 lg:mb-8pvw mw:mb-8\">Premi Hot Concepts 2011, Restauraci\u00f3 Casual.<\/h3><p class=\"font-light text-20\/24 lg:text-20pvw\/24pvw mw:text-20\/24 mt-8 lg:mt-8pvw mw:mt-8\">Premis Hot Concept<\/p><\/li><\/ul><button title=\"VEURE M\u00c9S PREMIS\" data-awards-per-page=\"6\" class=\"btn-load-awards hover-btn-ripple ripple-border-white btn-goto-section uppercase text-center text-20\/24 lg:text-20pvw\/24pvw mw:text-20\/24 text-white bg-black py-12 lg:py-12pvw mw:py-12 px-16 lg:px-16pvw mw:px-16 mt-32 lg:mt-64pvw mw:mt-64 block w-full max-w-300 lg:max-w-300pvw mw:max-w-300 cursor-pointer\"><span class=\"uppercase text-center text-16\/20 lg:text-16pvw\/20pvw mw:text-16\/20 text-white pointer-events-none\">VEURE M\u00c9S PREMIS<\/span><\/button>    <\/div>\n  <\/div>\n<\/div>\n","protected":false},"excerpt":{"rendered":"","protected":false},"author":1,"featured_media":0,"parent":0,"menu_order":0,"comment_status":"closed","ping_status":"closed","template":"","meta":{"_acf_changed":false,"footnotes":""},"class_list":["post-9537","page","type-page","status-publish","hentry"],"acf":[],"yoast_head":"<!-- This site is optimized with the Yoast SEO plugin v26.7 - https:\/\/yoast.com\/wordpress\/plugins\/seo\/ -->\n<title>Premis i reconeixements - UDON Asian Food<\/title>\n<meta name=\"description\" content=\"Som una empresa premiada per la seva gesti\u00f3 empresarial, innovaci\u00f3 culin\u00e0ria i comprom\u00eds amb la sostenibilitat.\" \/>\n<meta name=\"robots\" content=\"index, follow, max-snippet:-1, max-image-preview:large, max-video-preview:-1\" \/>\n<link rel=\"canonical\" href=\"https:\/\/www.udon.com\/ca\/premis-i-reconeixements\" \/>\n<meta property=\"og:locale\" content=\"ca_ES\" \/>\n<meta property=\"og:type\" content=\"article\" \/>\n<meta property=\"og:title\" content=\"Premis i reconeixements - UDON Asian Food\" \/>\n<meta property=\"og:description\" content=\"Som una empresa premiada per la seva gesti\u00f3 empresarial, innovaci\u00f3 culin\u00e0ria i comprom\u00eds amb la sostenibilitat.\" \/>\n<meta property=\"og:url\" content=\"https:\/\/www.udon.com\/ca\/premis-i-reconeixements\" \/>\n<meta property=\"og:site_name\" content=\"UDON Asian Food\" \/>\n<meta property=\"article:modified_time\" content=\"2026-01-08T15:02:34+00:00\" \/>\n<meta name=\"twitter:card\" content=\"summary_large_image\" \/>\n<script type=\"application\/ld+json\" class=\"yoast-schema-graph\">{\"@context\":\"https:\/\/schema.org\",\"@graph\":[{\"@type\":\"WebPage\",\"@id\":\"https:\/\/www.udon.com\/ca\/premis-i-reconeixements\",\"url\":\"https:\/\/www.udon.com\/ca\/premis-i-reconeixements\",\"name\":\"Premis i reconeixements - UDON Asian Food\",\"isPartOf\":{\"@id\":\"https:\/\/www.udon.com\/ca#website\"},\"datePublished\":\"2025-10-28T08:33:45+00:00\",\"dateModified\":\"2026-01-08T15:02:34+00:00\",\"description\":\"Som una empresa premiada per la seva gesti\u00f3 empresarial, innovaci\u00f3 culin\u00e0ria i comprom\u00eds amb la sostenibilitat.\",\"breadcrumb\":{\"@id\":\"https:\/\/www.udon.com\/ca\/premis-i-reconeixements#breadcrumb\"},\"inLanguage\":\"ca\",\"potentialAction\":[{\"@type\":\"ReadAction\",\"target\":[\"https:\/\/www.udon.com\/ca\/premis-i-reconeixements\"]}]},{\"@type\":\"BreadcrumbList\",\"@id\":\"https:\/\/www.udon.com\/ca\/premis-i-reconeixements#breadcrumb\",\"itemListElement\":[{\"@type\":\"ListItem\",\"position\":1,\"name\":\"Portada\",\"item\":\"https:\/\/www.udon.com\/ca\/\"},{\"@type\":\"ListItem\",\"position\":2,\"name\":\"Premis i reconeixements\"}]},{\"@type\":\"WebSite\",\"@id\":\"https:\/\/www.udon.com\/ca#website\",\"url\":\"https:\/\/www.udon.com\/ca\",\"name\":\"UDON Asian Food\",\"description\":\"\",\"potentialAction\":[{\"@type\":\"SearchAction\",\"target\":{\"@type\":\"EntryPoint\",\"urlTemplate\":\"https:\/\/www.udon.com\/ca?s={search_term_string}\"},\"query-input\":{\"@type\":\"PropertyValueSpecification\",\"valueRequired\":true,\"valueName\":\"search_term_string\"}}],\"inLanguage\":\"ca\"}]}<\/script>\n<!-- \/ Yoast SEO plugin. -->","yoast_head_json":{"title":"Premis i reconeixements - UDON Asian Food","description":"Som una empresa premiada per la seva gesti\u00f3 empresarial, innovaci\u00f3 culin\u00e0ria i comprom\u00eds amb la sostenibilitat.","robots":{"index":"index","follow":"follow","max-snippet":"max-snippet:-1","max-image-preview":"max-image-preview:large","max-video-preview":"max-video-preview:-1"},"canonical":"https:\/\/www.udon.com\/ca\/premis-i-reconeixements","og_locale":"ca_ES","og_type":"article","og_title":"Premis i reconeixements - UDON Asian Food","og_description":"Som una empresa premiada per la seva gesti\u00f3 empresarial, innovaci\u00f3 culin\u00e0ria i comprom\u00eds amb la sostenibilitat.","og_url":"https:\/\/www.udon.com\/ca\/premis-i-reconeixements","og_site_name":"UDON Asian Food","article_modified_time":"2026-01-08T15:02:34+00:00","twitter_card":"summary_large_image","schema":{"@context":"https:\/\/schema.org","@graph":[{"@type":"WebPage","@id":"https:\/\/www.udon.com\/ca\/premis-i-reconeixements","url":"https:\/\/www.udon.com\/ca\/premis-i-reconeixements","name":"Premis i reconeixements - UDON Asian Food","isPartOf":{"@id":"https:\/\/www.udon.com\/ca#website"},"datePublished":"2025-10-28T08:33:45+00:00","dateModified":"2026-01-08T15:02:34+00:00","description":"Som una empresa premiada per la seva gesti\u00f3 empresarial, innovaci\u00f3 culin\u00e0ria i comprom\u00eds amb la sostenibilitat.","breadcrumb":{"@id":"https:\/\/www.udon.com\/ca\/premis-i-reconeixements#breadcrumb"},"inLanguage":"ca","potentialAction":[{"@type":"ReadAction","target":["https:\/\/www.udon.com\/ca\/premis-i-reconeixements"]}]},{"@type":"BreadcrumbList","@id":"https:\/\/www.udon.com\/ca\/premis-i-reconeixements#breadcrumb","itemListElement":[{"@type":"ListItem","position":1,"name":"Portada","item":"https:\/\/www.udon.com\/ca\/"},{"@type":"ListItem","position":2,"name":"Premis i reconeixements"}]},{"@type":"WebSite","@id":"https:\/\/www.udon.com\/ca#website","url":"https:\/\/www.udon.com\/ca","name":"UDON Asian Food","description":"","potentialAction":[{"@type":"SearchAction","target":{"@type":"EntryPoint","urlTemplate":"https:\/\/www.udon.com\/ca?s={search_term_string}"},"query-input":{"@type":"PropertyValueSpecification","valueRequired":true,"valueName":"search_term_string"}}],"inLanguage":"ca"}]}},"_links":{"self":[{"href":"https:\/\/www.udon.com\/ca\/wp-json\/wp\/v2\/pages\/9537","targetHints":{"allow":["GET"]}}],"collection":[{"href":"https:\/\/www.udon.com\/ca\/wp-json\/wp\/v2\/pages"}],"about":[{"href":"https:\/\/www.udon.com\/ca\/wp-json\/wp\/v2\/types\/page"}],"author":[{"embeddable":true,"href":"https:\/\/www.udon.com\/ca\/wp-json\/wp\/v2\/users\/1"}],"replies":[{"embeddable":true,"href":"https:\/\/www.udon.com\/ca\/wp-json\/wp\/v2\/comments?post=9537"}],"version-history":[{"count":19,"href":"https:\/\/www.udon.com\/ca\/wp-json\/wp\/v2\/pages\/9537\/revisions"}],"predecessor-version":[{"id":10869,"href":"https:\/\/www.udon.com\/ca\/wp-json\/wp\/v2\/pages\/9537\/revisions\/10869"}],"wp:attachment":[{"href":"https:\/\/www.udon.com\/ca\/wp-json\/wp\/v2\/media?parent=9537"}],"curies":[{"name":"wp","href":"https:\/\/api.w.org\/{rel}","templated":true}]}}