{"id":9529,"date":"2025-10-16T11:33:52","date_gmt":"2025-10-16T09:33:52","guid":{"rendered":"https:\/\/www.udon.com\/personas\/"},"modified":"2026-01-23T16:35:25","modified_gmt":"2026-01-23T15:35:25","slug":"persones","status":"publish","type":"page","link":"https:\/\/www.udon.com\/ca\/persones","title":{"rendered":"Persones"},"content":{"rendered":"\n<div class=\"module--video w-full\">\n  <div class=\"video--module-media video--responsive relative w-full h-auto mx-auto object-cover object-center aspect-[16\/9] pointer-events-noneXXX\">  <button id=\"o8SK4Z5XTQY-mute-btn\" data-iframe-yt-id=\"o8SK4Z5XTQY\" class=\"absolute opacity-0 pointer-events-none w-24 h-24 left-8 lg:left-56pvw mw:left-56 bottom-8 lg:bottom-32pvw mw:bottom-64 z-10 cursor-pointer flex items-center justify-center transition-opacity duration-300\">    <svg class=\"w-16 lg:w-32pvw mw:w-32 h-16 lg:h-32pvw mw:h-32\" viewBox=\"0 0 24 24\" fill=\"none\" xmlns=\"http:\/\/www.w3.org\/2000\/svg\">      <path class=\"mute-btn-waves\" d=\"M19.0469 9.25623C19.6502 9.94105 19.983 10.8223 19.983 11.735C19.983 12.6476 19.6502 13.5289 19.0469 14.2137C18.9144 14.3593 18.73 14.447 18.5334 14.4578C18.3368 14.4686 18.1439 14.4017 17.9962 14.2715C17.8486 14.1413 17.758 13.9583 17.7441 13.7619C17.7302 13.5655 17.7941 13.3715 17.9219 13.2218C18.2837 12.811 18.4832 12.2824 18.4832 11.735C18.4832 11.1876 18.2837 10.6589 17.9219 10.2481C17.7941 10.0984 17.7302 9.90444 17.7441 9.70806C17.758 9.51169 17.8486 9.32866 17.9962 9.19846C18.1439 9.06827 18.3368 9.00136 18.5334 9.01217C18.73 9.02297 18.9144 9.11063 19.0469 9.25623ZM23.7344 11.735C23.7355 13.5802 23.0555 15.3608 21.8247 16.7356C21.6911 16.8802 21.506 16.9664 21.3094 16.9757C21.1128 16.985 20.9204 16.9167 20.7737 16.7854C20.627 16.6541 20.5379 16.4704 20.5254 16.2739C20.513 16.0775 20.5783 15.884 20.7072 15.7353C21.6911 14.6353 22.235 13.2112 22.235 11.7354C22.235 10.2596 21.6911 8.83563 20.7072 7.7356C20.6397 7.66254 20.5874 7.57676 20.5533 7.48328C20.5193 7.38979 20.5042 7.29046 20.5089 7.19108C20.5136 7.0917 20.538 6.99424 20.5808 6.9044C20.6235 6.81455 20.6837 6.7341 20.7578 6.66774C20.8319 6.60139 20.9185 6.55044 21.0126 6.51787C21.1066 6.48531 21.2061 6.47178 21.3054 6.47806C21.4047 6.48435 21.5018 6.51033 21.5909 6.55449C21.6801 6.59865 21.7596 6.66011 21.8247 6.73529C23.0558 8.10949 23.7359 9.89 23.7344 11.735Z\" fill=\"#fff\"\/>      <path class=\"mute-btn-speaker transition-all duration-300\" d=\"M14.657 1.98844C14.7965 1.97385 14.9374 1.9987 15.0635 2.06016C15.1897 2.1218 15.2961 2.21768 15.3706 2.33685C15.445 2.45603 15.4844 2.59372 15.4844 2.73422V20.7343C15.4843 20.8746 15.4448 21.0121 15.3705 21.1311C15.2961 21.2501 15.1899 21.3459 15.0638 21.4075C14.9377 21.4692 14.7968 21.4942 14.6572 21.4797C14.5177 21.4653 14.3849 21.412 14.2741 21.3258L7.72656 16.2343H3.48438C3.08656 16.2343 2.70502 16.0762 2.42371 15.7949C2.14241 15.5136 1.98438 15.1321 1.98438 14.7343V8.73422C1.98438 8.3364 2.14241 7.95486 2.42371 7.67356C2.70502 7.39226 3.08656 7.23422 3.48438 7.23422H7.72656L14.2741 2.14266C14.3848 2.05645 14.5175 2.00302 14.657 1.98844Z\" fill=\"#fff\"\/>    <\/svg>  <\/button>  <div id=\"o8SK4Z5XTQY-container\" class=\"w-full h-full pointer-events-none\"><\/div><\/div><\/div>\n\n\n\n\n\n<div class=\"module--list-icons relative z-1 bg-white lg:min-h-700pvw mw:min-h-700 pt-80 pb-64 lg:py-128pvw mw:py-128 \">\n\n    <div class=\"absolute z-0 inset-0 w-full\">\n        <picture class=\"relative block w-full h-full\">\n      <source media=\"(min-width: 768px)\" srcset=\"https:\/\/www.udon.com\/wp-content\/uploads\/2025\/10\/bg-dragon-d@2x.jpg, https:\/\/www.udon.com\/wp-content\/uploads\/2025\/10\/bg-dragon-d@2x.jpg 2x\">\n      <img decoding=\"async\" class=\"block w-full h-full object-cover object-center z-1\" alt=\"bg-dragon-d@2x\" src=\"https:\/\/www.udon.com\/wp-content\/uploads\/2025\/12\/franquicias-alimentacion.jpg\" srcset=\"https:\/\/www.udon.com\/wp-content\/uploads\/2025\/12\/franquicias-alimentacion.jpg 2x\">\n    <\/picture>\n    <span class=\"absolute inset-0 bg-gradient-to-t from-black\/30 to-transparent\"><\/span>\n  <\/div>\n    \n  <div class=\"block lg:gap-200pvw mw:gap-200 relative z-1 px-24 lg:px-128pvw mw:px-128 max-w-mw mx-auto\">\n        <div class=\"w-full mb-64 lg:mb-64pvw mw:mb-64\">\n      <p class=\"font-light text-white text-center text-20\/24 mb-16 lg:mb-8pvw mw:mb-8\">No hi ha millor lloc per treballar que UDON<\/p><h2 class=\"font-thin text-white text-center text-32\/36 lg:text-104pvw\/104pvw mw:text-104\/104 mb-16 lg:mb-32pvw mw:mb-32\">AVANTATGES<\/h2><p class=\"font-normal text-white text-center md:max-w-664 lg:max-w-664pvw mw:max-w-664 mx-auto\">A UDON creiem que nom\u00e9s \u00e9s possible avan\u00e7ar si ho fem junts. Per aix\u00f2, hem establert un programa per cuidar, formar i motivar les persones del nostre equip.<\/p>\n    <\/div>\n    <ul class=\"grid grid-cols-2 lg:grid-cols-4 gap-x-20 gap-y-40 lg:gap-40pvw mw:gap-40 justify-between items-top\"><li class=\"w-full\"><span class=\"bg-white flex justify-center items-center mb-20 rounded-1\/2 size-80 lg:size-80pvw mw:size-80 mx-auto\"><img decoding=\"async\" class=\"w-fit max-w-44 lg:max-w-44pvw mw:max-w-44\" src=\"https:\/\/www.udon.com\/wp-content\/uploads\/2025\/12\/Astronomy-Earth-Rotation-Streamline-Ultimate-Bold.svg\" alt=\"\"\/><\/span><h3 class=\"font-normal text-center text-balance text-white lg:text-1_322vw-1_587vw mw:text-20-24 mx-auto \">Empresa de restauraci\u00f3 organitzada amb pres\u00e8ncia internacional<\/h3><\/li><li class=\"w-full\"><span class=\"bg-white flex justify-center items-center mb-20 rounded-1\/2 size-80 lg:size-80pvw mw:size-80 mx-auto\"><img decoding=\"async\" class=\"w-fit max-w-44 lg:max-w-44pvw mw:max-w-44\" src=\"https:\/\/www.udon.com\/wp-content\/uploads\/2025\/12\/Frame.svg\" alt=\"\"\/><\/span><h3 class=\"font-normal text-center text-balance text-white lg:text-1_322vw-1_587vw mw:text-20-24 mx-auto \">Formaci\u00f3 cont\u00ednua. Plataforma E-Learning<\/h3><\/li><li class=\"w-full\"><span class=\"bg-white flex justify-center items-center mb-20 rounded-1\/2 size-80 lg:size-80pvw mw:size-80 mx-auto\"><img decoding=\"async\" class=\"w-fit max-w-44 lg:max-w-44pvw mw:max-w-44\" src=\"https:\/\/www.udon.com\/wp-content\/uploads\/2025\/12\/Study-Virtual-Classroom-2-Streamline-Ultimate-Bold-1.svg\" alt=\"\"\/><\/span><h3 class=\"font-normal text-center text-balance text-white lg:text-1_322vw-1_587vw mw:text-20-24 mx-auto \">Pla de carrera &#8211; Udon University (Diplomat Espanya)<br \/>\r\n<\/h3><\/li><li class=\"w-full\"><span class=\"bg-white flex justify-center items-center mb-20 rounded-1\/2 size-80 lg:size-80pvw mw:size-80 mx-auto\"><img decoding=\"async\" class=\"w-fit max-w-44 lg:max-w-44pvw mw:max-w-44\" src=\"https:\/\/www.udon.com\/wp-content\/uploads\/2025\/12\/Workflow-Teamwork-User-High-Five-Streamline-Ultimate-Bold.svg\" alt=\"\"\/><\/span><h3 class=\"font-normal text-center text-balance text-white lg:text-1_322vw-1_587vw mw:text-20-24 mx-auto \">Bon ambient laboral, jove i din\u00e0mic. Team Buildings<\/h3><\/li><li class=\"w-full\"><span class=\"bg-white flex justify-center items-center mb-20 rounded-1\/2 size-80 lg:size-80pvw mw:size-80 mx-auto\"><img decoding=\"async\" class=\"w-fit max-w-44 lg:max-w-44pvw mw:max-w-44\" src=\"https:\/\/www.udon.com\/wp-content\/uploads\/2025\/12\/Desktop-Monitor-Smiley-1-Streamline-Ultimate-Bold.svg\" alt=\"\"\/><\/span><h3 class=\"font-normal text-center text-balance text-white lg:text-1_322vw-1_587vw mw:text-20-24 mx-auto \">Pla de felicitat laboral<\/h3><\/li><li class=\"w-full\"><span class=\"bg-white flex justify-center items-center mb-20 rounded-1\/2 size-80 lg:size-80pvw mw:size-80 mx-auto\"><img decoding=\"async\" class=\"w-fit max-w-44 lg:max-w-44pvw mw:max-w-44\" src=\"https:\/\/www.udon.com\/wp-content\/uploads\/2025\/12\/Discount-Bubble-Streamline-Ultimate-Bold.svg\" alt=\"\"\/><\/span><h3 class=\"font-normal text-center text-balance text-white lg:text-1_322vw-1_587vw mw:text-20-24 mx-auto \">Plataforma de beneficis i descomptes en comer\u00e7os, productes i hostaleria<\/h3><\/li><li class=\"w-full\"><span class=\"bg-white flex justify-center items-center mb-20 rounded-1\/2 size-80 lg:size-80pvw mw:size-80 mx-auto\"><img decoding=\"async\" class=\"w-fit max-w-44 lg:max-w-44pvw mw:max-w-44\" src=\"https:\/\/www.udon.com\/wp-content\/uploads\/2025\/12\/Asian-Food-Noodle-Ramen-Bowl-Streamline-Ultimate-Bold.svg\" alt=\"\"\/><\/span><h3 class=\"font-normal text-center text-balance text-white lg:text-1_322vw-1_587vw mw:text-20-24 mx-auto \">Menjar per al personal<\/h3><\/li><li class=\"w-full\"><span class=\"bg-white flex justify-center items-center mb-20 rounded-1\/2 size-80 lg:size-80pvw mw:size-80 mx-auto\"><img decoding=\"async\" class=\"w-fit max-w-44 lg:max-w-44pvw mw:max-w-44\" src=\"https:\/\/www.udon.com\/wp-content\/uploads\/2025\/12\/Work-From-Home-Computer-Meeting-Streamline-Ultimate-Bold.svg\" alt=\"\"\/><\/span><h3 class=\"font-normal text-center text-balance text-white lg:text-1_322vw-1_587vw mw:text-20-24 mx-auto \">Oficina central: asseguran\u00e7a m\u00e8dica \/ horari flexible \/ teletreball<\/h3><\/li><\/ul>  <\/div>\n<\/div>\n\n\n\n<div class=\"module--title-buttons relative bg-off-white flex items-center justify-center w-full min-h-100dvh md:min-h-700 overflow-hidden \">\n  \n  <div class=\"relative z-1 flex flex-col justify-center gap-32 lg:gap-32pvw mw:gap-32 w-full px-24 lg:px-128pvw mw:px-128 my-80 lg:my-104pvw mw:my-104\">\n    <div class=\"w-full max-w-878 lg:max-w-878pvw mw:max-w-878 mx-auto\">\n      <h2 class=\"w-full text-black text-32\/36 lg:text-104pvw\/104pvw mw:text-104\/104 text-center text-balance font-thin\">APRENEM JUNTS CADA DIA<\/h2>    <\/div>\n    <p class=\"w-full max-w-680 lg:max-w-680pvw mw:max-w-680 mx-auto text-black text-16\/20 lg:text-16pvw\/20pvw mw:text-16\/20 text-center text-balance\">Et convidem a sumar-te als nostres cursos 100% subvencionats, amb acreditaci\u00f3 oficial universit\u00e0ria, i on el 80% dels alumnes graduats s\u00f3n promocionats internament.<\/p>\n    <ul class=\"w-full px-16 lg:px-0 flex flex-col justify-center items-center gap-40 lg:gap-64pvw mw:gap-64\">\n          <li class=\"w-full flex flex-col items-center\">\n        <a href=\"\/ca\/formacio\" title=\"FORMACIONS UDON\" class=\"hover-btn-ripple flex justify-center items-center w-full lg:w-auto lg:min-w-300pvw mw:min-w-300 p-18 lg:p-18pvw mw:p-18 border-1 border-solid border-black bg-black\"><span class=\"text-16\/20 lg:text-16pvw\/16pvw mw:text-16\/20 text-white uppercase\">FORMACIONS UDON<\/span><\/a>      <\/li>\n          <\/ul>\n      <\/div>\n\n<\/div>\n\n\n\n<div class=\"module--two-images w-full grid md:grid-cols-2\">\n      <picture class=\"block w-full\">\n      <source media=\"(min-width: 768px)\" srcset=\"https:\/\/www.udon.com\/wp-content\/uploads\/2025\/10\/cocinera-1-d@2x.jpg, https:\/\/www.udon.com\/wp-content\/uploads\/2025\/10\/cocinera-1-d@2x.jpg 2x\">\n      <img decoding=\"async\" class=\"block w-full h-full object-cover\" alt=\"\" src=\"https:\/\/www.udon.com\/wp-content\/uploads\/2025\/10\/cocinera-1-d@2x.jpg\" srcset=\"https:\/\/www.udon.com\/wp-content\/uploads\/2025\/10\/cocinera-1-d@2x.jpg 2x\">\n    <\/picture>\n    <picture class=\"block w-full\">\n      <source media=\"(min-width: 768px)\" srcset=\"https:\/\/www.udon.com\/wp-content\/uploads\/2025\/10\/camarero-1-d@2x.jpg, https:\/\/www.udon.com\/wp-content\/uploads\/2025\/10\/camarero-1-d@2x.jpg 2x\">\n      <img decoding=\"async\" class=\"block w-full h-full object-cover\" alt=\"\" src=\"https:\/\/www.udon.com\/wp-content\/uploads\/2025\/10\/camarero-1-d@2x.jpg\" srcset=\"https:\/\/www.udon.com\/wp-content\/uploads\/2025\/10\/camarero-1-d@2x.jpg 2x\">\n    <\/picture>\n  <\/div>\n\n\n\n<div class=\"module--form bg-off-white w-full py-80 lg:py-104pvw mw:py-104\" >\n  <div class=\"max-w-mw mx-auto px-24 lg:px-128pvw mw:px-128\">\n\n    <h2 class=\"font-thin text-center text-balance text-32\/36 lg:text-104pvw\/104pvw mw:text-104\/104 mb-32 lg:mb-32pvw mw:mb-32\">Aplica ara<\/h2><p class=\"w-full max-w-680 lg:max-w-680pvw mw:max-w-680 mx-auto text-black text-16\/20 lg:text-16pvw\/20pvw mw:text-16\/20 text-center text-balance\">No trobes una feina que encaix amb el teu perfil? Envia\u2019ns el teu curr\u00edculum per a poder posar-nos en contacte amb tu si apareix un lloc que s\u2019adapti a millor a tu.<\/p>\n    <div id=\"contact-form\" class=\"form--style w-full max-w-mw mx-auto mt-64 lg:mt-64pvw mw:mt-64\">\n      \n<div class=\"wpcf7 no-js\" id=\"wpcf7-f9752-o1\" lang=\"ca\" dir=\"ltr\" data-wpcf7-id=\"9752\">\n<div class=\"screen-reader-response\"><p role=\"status\" aria-live=\"polite\" aria-atomic=\"true\"><\/p> <ul><\/ul><\/div>\n<form action=\"\/ca\/wp-json\/wp\/v2\/pages\/9529#wpcf7-f9752-o1\" method=\"post\" class=\"wpcf7-form init\" aria-label=\"Formulari de contacte\" enctype=\"multipart\/form-data\" novalidate=\"novalidate\" data-status=\"init\">\n<fieldset class=\"hidden-fields-container\"><input type=\"hidden\" name=\"_wpcf7\" value=\"9752\" \/><input type=\"hidden\" name=\"_wpcf7_version\" value=\"6.1.4\" \/><input type=\"hidden\" name=\"_wpcf7_locale\" value=\"ca\" \/><input type=\"hidden\" name=\"_wpcf7_unit_tag\" value=\"wpcf7-f9752-o1\" \/><input type=\"hidden\" name=\"_wpcf7_container_post\" value=\"0\" \/><input type=\"hidden\" name=\"_wpcf7_posted_data_hash\" value=\"\" \/><input type=\"hidden\" name=\"_wpcf7_recaptcha_response\" value=\"\" \/>\n<\/fieldset>\n<div class=\"max-w-680 lg:max-w-680pvw mw:max-w-680 mx-auto\">\n<div class=\"form--style\">\n <div class=\"border-form\">\n  <span class=\"wpcf7-form-control-wrap\" data-name=\"f-city\"><input size=\"40\" maxlength=\"400\" class=\"wpcf7-form-control wpcf7-text wpcf7-validates-as-required\" id=\"f-city\" aria-required=\"true\" aria-invalid=\"false\" placeholder=\"Ciutat*\" value=\"\" type=\"text\" name=\"f-city\" \/><\/span>\n <\/div>\n <div class=\"border-form upload-icon\">\n  <label id=\"label-f-cv\"><span id=\"label-f-cv-txt\" class=\"placeholder-style\">Puja el teu CV*<\/span>\n    <span class=\"wpcf7-form-control-wrap\" data-name=\"f-cv\"><input size=\"40\" class=\"wpcf7-form-control wpcf7-file wpcf7-validates-as-required form-control-file form-control-file-cv\" id=\"f-cv\" accept=\".pdf,.doc,.zip\" aria-required=\"true\" aria-invalid=\"false\" type=\"file\" name=\"f-cv\" \/><\/span>\n  <\/label>\n <\/div>\n<\/div>\n\n<p class=\"data-info\">Les dades facilitades seran tractades per UDON per a possibilitar la gesti\u00f3 de la seva sol\u00b7licitud. Per ampliar la informaci\u00f3 facilitada o per a l\u2019exercici dels drets que la llei li atorga (acc\u00e9s, rectificaci\u00f3, supressi\u00f3, limitaci\u00f3 i oposici\u00f3) pot accedir a les <a href=\"https:\/\/www.udon.com\/ca\/politica-privacitat\/\">Pol\u00edtiques de Privacitat<\/a>.<\/p>\n<div id=\"employee-referral\" class=\"form--style-chkbx -employee\">\n  <span class=\"wpcf7-form-control-wrap\" data-name=\"f-acceptance\"><span class=\"wpcf7-form-control wpcf7-acceptance\"><span class=\"wpcf7-list-item\"><label><input type=\"checkbox\" name=\"f-acceptance\" value=\"1\" aria-invalid=\"false\" \/><span class=\"wpcf7-list-item-label\">He llegit i accepto les <a href=\"https:\/\/www.udon.com\/ca\/politica-privacitat\/\">Pol\u00edtiques de Privacitat<\/a><\/span><\/label><\/span><\/span><\/span>\n<\/div>\n<input class=\"wpcf7-form-control wpcf7-submit has-spinner\" type=\"submit\" value=\"ENVIAR\" \/>\n<div class=\"w-full flex gap-x-8 lg:gap-x-8pvw mw:gap-x-8 lg:items-center pt-24 lg:pt-32pvw mw:pt-32\">\n<span class=\"block w-24 lg:w-24pvw mw:w-24\"><svg class=\"block w-full h-auto\" xmlns=\"http:\/\/www.w3.org\/2000\/svg\" fill=\"none\" viewBox=\"0 0 24 24\"><path fill=\"#000\" d=\"M12.001 0a12.24 12.24 0 0 0-8.53 3.65 11.85 11.85 0 0 0-3.47 8.56A11.78 11.78 0 0 0 11.801 24h.2a12.11 12.11 0 0 0 12-12.21 11.77 11.77 0 0 0-12-11.79m-1.5 16.54a1.48 1.48 0 0 1 1.5-1.54 1.53 1.53 0 0 1 1.52 1.47 1.47 1.47 0 0 1-1.47 1.53 1.53 1.53 0 0 1-1.55-1.46m.5-4v-6a1 1 0 1 1 2 0v6a1 1 0 0 1-2 0\"\/><\/svg><\/span>\n<span class=\"block w-fit text-16\/20 lg:text-16pvw\/20pvw mw:text-16\/20 text-black\">Has d&#8217;acceptar les Pol\u00edtiques de Privacitat abans d&#8217;enviar el formulari.<\/span>\n<\/div>\n<div class=\"pt-16\"><div class=\"wpcf7-response-output\" aria-hidden=\"true\"><\/div><\/div>\n<\/div>\n<\/form>\n<\/div>\n    <\/div>\n      <\/div>\n<\/div>\n","protected":false},"excerpt":{"rendered":"","protected":false},"author":1,"featured_media":0,"parent":0,"menu_order":0,"comment_status":"closed","ping_status":"closed","template":"","meta":{"_acf_changed":false,"footnotes":""},"class_list":["post-9529","page","type-page","status-publish","hentry"],"acf":[],"yoast_head":"<!-- This site is optimized with the Yoast SEO plugin v26.7 - https:\/\/yoast.com\/wordpress\/plugins\/seo\/ -->\n<title>Persones - UDON Asian Food<\/title>\n<meta name=\"description\" content=\"Descobreix les nostres ofertes de feina i avantatges. Hem establert un programa per cuidar, formar i motivar les persones del nostre equip.\" \/>\n<meta name=\"robots\" content=\"index, follow, max-snippet:-1, max-image-preview:large, max-video-preview:-1\" \/>\n<link rel=\"canonical\" href=\"https:\/\/www.udon.com\/ca\/persones\" \/>\n<meta property=\"og:locale\" content=\"ca_ES\" \/>\n<meta property=\"og:type\" content=\"article\" \/>\n<meta property=\"og:title\" content=\"Persones - UDON Asian Food\" \/>\n<meta property=\"og:description\" content=\"Descobreix les nostres ofertes de feina i avantatges. Hem establert un programa per cuidar, formar i motivar les persones del nostre equip.\" \/>\n<meta property=\"og:url\" content=\"https:\/\/www.udon.com\/ca\/persones\" \/>\n<meta property=\"og:site_name\" content=\"UDON Asian Food\" \/>\n<meta property=\"article:modified_time\" content=\"2026-01-23T15:35:25+00:00\" \/>\n<meta name=\"twitter:card\" content=\"summary_large_image\" \/>\n<script type=\"application\/ld+json\" class=\"yoast-schema-graph\">{\"@context\":\"https:\/\/schema.org\",\"@graph\":[{\"@type\":\"WebPage\",\"@id\":\"https:\/\/www.udon.com\/ca\/persones\",\"url\":\"https:\/\/www.udon.com\/ca\/persones\",\"name\":\"Persones - UDON Asian Food\",\"isPartOf\":{\"@id\":\"https:\/\/www.udon.com\/ca#website\"},\"datePublished\":\"2025-10-16T09:33:52+00:00\",\"dateModified\":\"2026-01-23T15:35:25+00:00\",\"description\":\"Descobreix les nostres ofertes de feina i avantatges. Hem establert un programa per cuidar, formar i motivar les persones del nostre equip.\",\"breadcrumb\":{\"@id\":\"https:\/\/www.udon.com\/ca\/persones#breadcrumb\"},\"inLanguage\":\"ca\",\"potentialAction\":[{\"@type\":\"ReadAction\",\"target\":[\"https:\/\/www.udon.com\/ca\/persones\"]}]},{\"@type\":\"BreadcrumbList\",\"@id\":\"https:\/\/www.udon.com\/ca\/persones#breadcrumb\",\"itemListElement\":[{\"@type\":\"ListItem\",\"position\":1,\"name\":\"Portada\",\"item\":\"https:\/\/www.udon.com\/ca\/\"},{\"@type\":\"ListItem\",\"position\":2,\"name\":\"Persones\"}]},{\"@type\":\"WebSite\",\"@id\":\"https:\/\/www.udon.com\/ca#website\",\"url\":\"https:\/\/www.udon.com\/ca\",\"name\":\"UDON Asian Food\",\"description\":\"\",\"potentialAction\":[{\"@type\":\"SearchAction\",\"target\":{\"@type\":\"EntryPoint\",\"urlTemplate\":\"https:\/\/www.udon.com\/ca?s={search_term_string}\"},\"query-input\":{\"@type\":\"PropertyValueSpecification\",\"valueRequired\":true,\"valueName\":\"search_term_string\"}}],\"inLanguage\":\"ca\"}]}<\/script>\n<!-- \/ Yoast SEO plugin. -->","yoast_head_json":{"title":"Persones - UDON Asian Food","description":"Descobreix les nostres ofertes de feina i avantatges. Hem establert un programa per cuidar, formar i motivar les persones del nostre equip.","robots":{"index":"index","follow":"follow","max-snippet":"max-snippet:-1","max-image-preview":"max-image-preview:large","max-video-preview":"max-video-preview:-1"},"canonical":"https:\/\/www.udon.com\/ca\/persones","og_locale":"ca_ES","og_type":"article","og_title":"Persones - UDON Asian Food","og_description":"Descobreix les nostres ofertes de feina i avantatges. Hem establert un programa per cuidar, formar i motivar les persones del nostre equip.","og_url":"https:\/\/www.udon.com\/ca\/persones","og_site_name":"UDON Asian Food","article_modified_time":"2026-01-23T15:35:25+00:00","twitter_card":"summary_large_image","schema":{"@context":"https:\/\/schema.org","@graph":[{"@type":"WebPage","@id":"https:\/\/www.udon.com\/ca\/persones","url":"https:\/\/www.udon.com\/ca\/persones","name":"Persones - UDON Asian Food","isPartOf":{"@id":"https:\/\/www.udon.com\/ca#website"},"datePublished":"2025-10-16T09:33:52+00:00","dateModified":"2026-01-23T15:35:25+00:00","description":"Descobreix les nostres ofertes de feina i avantatges. Hem establert un programa per cuidar, formar i motivar les persones del nostre equip.","breadcrumb":{"@id":"https:\/\/www.udon.com\/ca\/persones#breadcrumb"},"inLanguage":"ca","potentialAction":[{"@type":"ReadAction","target":["https:\/\/www.udon.com\/ca\/persones"]}]},{"@type":"BreadcrumbList","@id":"https:\/\/www.udon.com\/ca\/persones#breadcrumb","itemListElement":[{"@type":"ListItem","position":1,"name":"Portada","item":"https:\/\/www.udon.com\/ca\/"},{"@type":"ListItem","position":2,"name":"Persones"}]},{"@type":"WebSite","@id":"https:\/\/www.udon.com\/ca#website","url":"https:\/\/www.udon.com\/ca","name":"UDON Asian Food","description":"","potentialAction":[{"@type":"SearchAction","target":{"@type":"EntryPoint","urlTemplate":"https:\/\/www.udon.com\/ca?s={search_term_string}"},"query-input":{"@type":"PropertyValueSpecification","valueRequired":true,"valueName":"search_term_string"}}],"inLanguage":"ca"}]}},"_links":{"self":[{"href":"https:\/\/www.udon.com\/ca\/wp-json\/wp\/v2\/pages\/9529","targetHints":{"allow":["GET"]}}],"collection":[{"href":"https:\/\/www.udon.com\/ca\/wp-json\/wp\/v2\/pages"}],"about":[{"href":"https:\/\/www.udon.com\/ca\/wp-json\/wp\/v2\/types\/page"}],"author":[{"embeddable":true,"href":"https:\/\/www.udon.com\/ca\/wp-json\/wp\/v2\/users\/1"}],"replies":[{"embeddable":true,"href":"https:\/\/www.udon.com\/ca\/wp-json\/wp\/v2\/comments?post=9529"}],"version-history":[{"count":5,"href":"https:\/\/www.udon.com\/ca\/wp-json\/wp\/v2\/pages\/9529\/revisions"}],"predecessor-version":[{"id":70775,"href":"https:\/\/www.udon.com\/ca\/wp-json\/wp\/v2\/pages\/9529\/revisions\/70775"}],"wp:attachment":[{"href":"https:\/\/www.udon.com\/ca\/wp-json\/wp\/v2\/media?parent=9529"}],"curies":[{"name":"wp","href":"https:\/\/api.w.org\/{rel}","templated":true}]}}