{"id":9518,"date":"2025-10-24T14:44:49","date_gmt":"2025-10-24T12:44:49","guid":{"rendered":"https:\/\/www.udon.com\/haz-tu-pedido\/"},"modified":"2026-04-24T12:35:39","modified_gmt":"2026-04-24T10:35:39","slug":"comanda-online","status":"publish","type":"page","link":"https:\/\/www.udon.com\/ca\/comanda-online","title":{"rendered":"Fes la teva comanda"},"content":{"rendered":"\n<div class=\"module--list-icons relative z-1 bg-white lg:min-h-700pvw mw:min-h-700 pt-80 pb-64 lg:py-128pvw mw:py-128 \" >\n\n    \n  <div class=\"block lg:gap-200pvw mw:gap-200 relative z-1 px-24 lg:px-128pvw mw:px-128 max-w-mw mx-auto\">\n        <div class=\"w-full mb-64 lg:mb-64pvw mw:mb-64\">\n      <p class=\"font-light text-black text-center text-20\/24 mb-16 lg:mb-8pvw mw:mb-8\">Descobreix els avantatges de<\/p><h2 class=\"font-thin text-black text-center text-32\/36 lg:text-104pvw\/104pvw mw:text-104\/104 mb-16 lg:mb-32pvw mw:mb-32\">DEMANAR UDON<\/h2>    <\/div>\n    <ul class=\"grid grid-cols-2 lg:flex lg:flex-wrap lg:justify-center gap-x-20 lg:gap-x-0 gap-y-40 lg:gap-y-40pvw mw:gap-y-40 justify-between items-top\"><li class=\"lg:w-1\/3\"><span class=\"bg-black flex justify-center items-center mb-20 rounded-1\/2 size-80 lg:size-80pvw mw:size-80 mx-auto\"><img decoding=\"async\" class=\"w-fit max-w-44 lg:max-w-44pvw mw:max-w-44\" src=\"https:\/\/www.udon.com\/wp-content\/uploads\/2026\/01\/Money-Bags-Streamline-Ultimate-Bold.svg\" alt=\"\"\/><\/span><h3 class=\"font-normal text-center text-balance text-black lg:text-1_322vw-1_587vw mw:text-20-24 mx-auto max-w-200 lg:max-w-200pmw mw:max-w-200\">Emporta\u2019t 2,5\u202f\u20ac de descompte en la teva primera comanda<\/h3><\/li><li class=\"lg:w-1\/3\"><span class=\"bg-black flex justify-center items-center mb-20 rounded-1\/2 size-80 lg:size-80pvw mw:size-80 mx-auto\"><img decoding=\"async\" class=\"w-fit max-w-44 lg:max-w-44pvw mw:max-w-44\" src=\"https:\/\/www.udon.com\/wp-content\/uploads\/2026\/01\/Award-Medal-Shine-Streamline-Ultimate-Bold-1.svg\" alt=\"\"\/><\/span><h3 class=\"font-normal text-center text-balance text-black lg:text-1_322vw-1_587vw mw:text-20-24 mx-auto max-w-200 lg:max-w-200pmw mw:max-w-200\">Suma punts amb cada comanda i converteix-los en descomptes i premis <\/h3><\/li><li class=\"lg:w-1\/3\"><span class=\"bg-black flex justify-center items-center mb-20 rounded-1\/2 size-80 lg:size-80pvw mw:size-80 mx-auto\"><img decoding=\"async\" class=\"w-fit max-w-44 lg:max-w-44pvw mw:max-w-44\" src=\"https:\/\/www.udon.com\/wp-content\/uploads\/2026\/01\/Asian-Food-Japanese-Launchbox-Bento-Chopstick-Streamline-Ultimate-Bold-1.svg\" alt=\"\"\/><\/span><h3 class=\"font-normal text-center text-balance text-black lg:text-1_322vw-1_587vw mw:text-20-24 mx-auto max-w-200 lg:max-w-200pmw mw:max-w-200\"> Gaudeix de tota la carta completa<\/h3><\/li><li class=\"lg:w-1\/3\"><span class=\"bg-black flex justify-center items-center mb-20 rounded-1\/2 size-80 lg:size-80pvw mw:size-80 mx-auto\"><img decoding=\"async\" class=\"w-fit max-w-44 lg:max-w-44pvw mw:max-w-44\" src=\"https:\/\/www.udon.com\/wp-content\/uploads\/2026\/01\/Food-Delivery-Rider-Streamline-Ultimate-Bold-1.svg\" alt=\"\"\/><\/span><h3 class=\"font-normal text-center text-balance text-black lg:text-1_322vw-1_587vw mw:text-20-24 mx-auto max-w-200 lg:max-w-200pmw mw:max-w-200\">Delivery o take away, tu tries com gaudir d\u2019UDON<br \/>\r\n<\/h3><\/li><li class=\"lg:w-1\/3\"><span class=\"bg-black flex justify-center items-center mb-20 rounded-1\/2 size-80 lg:size-80pvw mw:size-80 mx-auto\"><img decoding=\"async\" class=\"w-fit max-w-44 lg:max-w-44pvw mw:max-w-44\" src=\"https:\/\/www.udon.com\/wp-content\/uploads\/2026\/01\/Time-Clock-Hand-1-Streamline-Ultimate-Bold-1.svg\" alt=\"\"\/><\/span><h3 class=\"font-normal text-center text-balance text-black lg:text-1_322vw-1_587vw mw:text-20-24 mx-auto max-w-200 lg:max-w-200pmw mw:max-w-200\">Programa la teva comanda i gaudeix d\u2019UDON quan vulguis<\/h3><\/li><\/ul>  <\/div>\n<\/div>\n\n\n\n<div class=\"module--faqs w-full pb-80 lg:pb-104pvw mw:pb-104\" >\n  \n  <div class=\"w-full max-w-mw mx-auto px-24 lg:px-128pvw mw:px-128\">\n\n        <div class=\"flex flex-col gap-32 lg:gap-32pvw mw:gap-32 pb-56 lg:pb-64pvw mw:pb-64\">\n      <h2 class=\"w-full text-32\/36 lg:text-104pvw\/104pvw mw:text-104\/104 text-center text-balance font-thin\">FAQ\u2019s<\/h2><p class=\"w-full max-w-680 lg:max-w-680pvw mw:max-w-680 mx-auto text-16\/20 lg:text-16pvw\/20pvw mw:text-16\/20 text-center text-balance\">Et queda algun dubte?<\/p>\n    <\/div>\n    \n    <ul>\n            <li class=\"py-24 px-16 lg:p-32pvw mw:p-32 border-solid border-t border-black\/10\">\n        <h3 class=\"hover--anim-collapsible collapsible flex justify-between items-center w-full cursor-pointer\">\n          <span class=\"text-20\/24 lg:text-24pvw\/28pvw mw:text-24\/28 font-bold\">Com puc contactar amb UDON en cas d\u2019incid\u00e8ncia amb la comanda delivery?<\/span>\n        <\/h3>\n        <div class=\"content\">\n          <div class=\"w-full lg:w-760pvw lg:max-w-760 pt-56 lg:pt-56pvw mw:pt-56\">\n            <p class=\"text-16\/20 lg:text-16pvw\/20pvw mw:text-16\/20\">Per a qualsevol incid\u00e8ncia amb la teva comanda, preguntes o suggeriments, pots contactar amb Customer Care al 938 526 234 o al 628 016 820, de dilluns a diumenge de 12 h a 00 h, o escriure\u2019ns a l\u2019apartat CONTACTE de la nostra web indicant-nos el motiu de la teva consulta i et respondrem en un termini m\u00e0xim de 48 h.<\/p>\n          <\/div>\n        <\/div>\n      <\/li>\n\n            <li class=\"py-24 px-16 lg:p-32pvw mw:p-32 border-solid border-t border-black\/10\">\n        <h3 class=\"hover--anim-collapsible collapsible flex justify-between items-center w-full cursor-pointer\">\n          <span class=\"text-20\/24 lg:text-24pvw\/28pvw mw:text-24\/28 font-bold\">Puc anul\u00b7lar o modificar una comanda de delivery quan ja estigui en curs?<\/span>\n        <\/h3>\n        <div class=\"content\">\n          <div class=\"w-full lg:w-760pvw lg:max-w-760 pt-56 lg:pt-56pvw mw:pt-56\">\n            <p class=\"text-16\/20 lg:text-16pvw\/20pvw mw:text-16\/20\">Un cop la comanda estigui en curs, no es podr\u00e0 modificar ni anul\u00b7lar. Si tens algun problema o incid\u00e8ncia, pots contactar amb el nostre servei d\u2019atenci\u00f3 al client al 938 526 234 o al 628 016 820, de dilluns a diumenge de 12 h a 00 h, o escriure\u2019ns a l\u2019apartat CONTACTE de la web indicant el motiu de la teva consulta; et respondrem en un m\u00e0xim de 48 h.<\/p>\n          <\/div>\n        <\/div>\n      <\/li>\n\n            <li class=\"py-24 px-16 lg:p-32pvw mw:p-32 border-solid border-t border-black\/10\">\n        <h3 class=\"hover--anim-collapsible collapsible flex justify-between items-center w-full cursor-pointer\">\n          <span class=\"text-20\/24 lg:text-24pvw\/28pvw mw:text-24\/28 font-bold\">Per qu\u00e8 us he de deixar el meu tel\u00e8fon personal?<\/span>\n        <\/h3>\n        <div class=\"content\">\n          <div class=\"w-full lg:w-760pvw lg:max-w-760 pt-56 lg:pt-56pvw mw:pt-56\">\n            <p class=\"text-16\/20 lg:text-16pvw\/20pvw mw:text-16\/20\">Requerim que indiquis un n\u00famero de tel\u00e8fon perqu\u00e8, en cas que hi hagu\u00e9s qualsevol incid\u00e8ncia amb la teva comanda Delivery durant la preparaci\u00f3 o l\u2019enviament, puguem contactar amb tu com m\u00e9s aviat millor.<\/p>\n          <\/div>\n        <\/div>\n      <\/li>\n\n            <li class=\"py-24 px-16 lg:p-32pvw mw:p-32 border-solid border-t border-black\/10\">\n        <h3 class=\"hover--anim-collapsible collapsible flex justify-between items-center w-full cursor-pointer\">\n          <span class=\"text-20\/24 lg:text-24pvw\/28pvw mw:text-24\/28 font-bold\">Qu\u00e8 puc fer si no rebo confirmaci\u00f3 de la meva comanda?<\/span>\n        <\/h3>\n        <div class=\"content\">\n          <div class=\"w-full lg:w-760pvw lg:max-w-760 pt-56 lg:pt-56pvw mw:pt-56\">\n            <p class=\"text-16\/20 lg:text-16pvw\/20pvw mw:text-16\/20\">En primer lloc, et recomanem que comprovis si no has rebut cap correu electr\u00f2nic a la teva safata principal i, tamb\u00e9, que revisis el teu b\u00fastia de correu no desitjat o spam. De vegades, aquest tipus de missatges poden ser detectats com a correu no desitjat.<\/p>\n<p class=\"text-16\/20 lg:text-16pvw\/20pvw mw:text-16\/20\">En segon lloc, pots accedir a la teva sessi\u00f3 d\u2019usuari de la nostra p\u00e0gina web i verificar l\u2019estat de la teva comanda.<\/p>\n<p class=\"text-16\/20 lg:text-16pvw\/20pvw mw:text-16\/20\">En cas que la teva comanda no aparegui a la teva sessi\u00f3 i no hagis rebut cap confirmaci\u00f3 via email, et recomanem que contactis amb el nostre departament d\u2019atenci\u00f3 al client al 938 526 234 o al 628 016 820 de dilluns a diumenge de 12h a 00h, o escriu-nos a l\u2019apartat CONTACTE de la nostra web indicant-nos el motiu de la teva consulta i et respondrem en un termini m\u00e0xim de 48\u202fh.<\/p>\n          <\/div>\n        <\/div>\n      <\/li>\n\n            <li class=\"py-24 px-16 lg:p-32pvw mw:p-32 border-solid border-t border-black\/10\">\n        <h3 class=\"hover--anim-collapsible collapsible flex justify-between items-center w-full cursor-pointer\">\n          <span class=\"text-20\/24 lg:text-24pvw\/28pvw mw:text-24\/28 font-bold\">Qu\u00e8 he de fer si passa m\u00e9s d\u2019una hora i no arriba la meva comanda Delivery?<\/span>\n        <\/h3>\n        <div class=\"content\">\n          <div class=\"w-full lg:w-760pvw lg:max-w-760 pt-56 lg:pt-56pvw mw:pt-56\">\n            <p class=\"text-16\/20 lg:text-16pvw\/20pvw mw:text-16\/20\">En primer lloc, et recomanem que comprovis si has rebut la confirmaci\u00f3 de la teva comanda Delivery i, si l\u2019has rebut correctament, el seg\u00fcent pas ser\u00e0 revisar si l\u2019adre\u00e7a que apareix \u00e9s correcta. Si la teva comanda s\u2019ha registrat correctament i l\u2019adre\u00e7a coincideix, tingues en compte que el temps d\u2019enviament pot variar segons les condicions meteorol\u00f2giques o de tr\u00e0nsit.<\/p>\n<p class=\"text-16\/20 lg:text-16pvw\/20pvw mw:text-16\/20\">Si la comanda no apareix al teu compte o l\u2019adre\u00e7a de lliurament no \u00e9s correcta, si us plau posa\u2019t en contacte amb el nostre departament d\u2019atenci\u00f3 al client al 938 526 234 o al 628 016 820 de dilluns a diumenge de 12 h a 00 h, o escriu-nos a l\u2019apartat CONTACTE de la nostra web indicant-nos el motiu de la teva consulta i et respondrem en un termini m\u00e0xim de 48 h.<\/p>\n          <\/div>\n        <\/div>\n      <\/li>\n\n          <\/ul>\n  \n  <\/div>\n\n<\/div>\n\n\n\n<div class=\"module--faqs w-full pb-80 lg:pb-104pvw mw:pb-104\" >\n  \n  <div class=\"w-full max-w-mw mx-auto px-24 lg:px-128pvw mw:px-128\">\n\n        <div class=\"flex flex-col gap-32 lg:gap-32pvw mw:gap-32 pb-56 lg:pb-64pvw mw:pb-64\">\n      <h2 class=\"w-full text-32\/36 lg:text-104pvw\/104pvw mw:text-104\/104 text-center text-balance font-thin\">Take away d&#8217;UDON<\/h2>    <\/div>\n    \n    <ul>\n            <li class=\"py-24 px-16 lg:p-32pvw mw:p-32 border-solid border-t border-black\/10\">\n        <h3 class=\"hover--anim-collapsible collapsible flex justify-between items-center w-full cursor-pointer\">\n          <span class=\"text-20\/24 lg:text-24pvw\/28pvw mw:text-24\/28 font-bold\">Com puc contactar amb UDON en cas d\u2019incid\u00e8ncia amb la comanda Take Away?<\/span>\n        <\/h3>\n        <div class=\"content\">\n          <div class=\"w-full lg:w-760pvw lg:max-w-760 pt-56 lg:pt-56pvw mw:pt-56\">\n            <p class=\"text-16\/20 lg:text-16pvw\/20pvw mw:text-16\/20\">Per a qualsevol incid\u00e8ncia amb la teva comanda, preguntes o suggeriments, pots contactar amb Customer Care al 938 526 234 o al 628 016 820, de dilluns a diumenge de 12 h a 00 h, o escriure\u2019ns a l\u2019apartat CONTACTE de la nostra web indicant-nos el motiu de la teva consulta i et respondrem en un termini m\u00e0xim de 48 h.<\/p>\n          <\/div>\n        <\/div>\n      <\/li>\n\n            <li class=\"py-24 px-16 lg:p-32pvw mw:p-32 border-solid border-t border-black\/10\">\n        <h3 class=\"hover--anim-collapsible collapsible flex justify-between items-center w-full cursor-pointer\">\n          <span class=\"text-20\/24 lg:text-24pvw\/28pvw mw:text-24\/28 font-bold\">Hi ha un import m\u00ednim per fer una comanda Take Away?<\/span>\n        <\/h3>\n        <div class=\"content\">\n          <div class=\"w-full lg:w-760pvw lg:max-w-760 pt-56 lg:pt-56pvw mw:pt-56\">\n            <p class=\"text-16\/20 lg:text-16pvw\/20pvw mw:text-16\/20\">No, no hi ha un import m\u00ednim per fer una comanda Take Away.<\/p>\n          <\/div>\n        <\/div>\n      <\/li>\n\n            <li class=\"py-24 px-16 lg:p-32pvw mw:p-32 border-solid border-t border-black\/10\">\n        <h3 class=\"hover--anim-collapsible collapsible flex justify-between items-center w-full cursor-pointer\">\n          <span class=\"text-20\/24 lg:text-24pvw\/28pvw mw:text-24\/28 font-bold\">Qu\u00e8 puc fer si no rebo confirmaci\u00f3 de la meva comanda?<\/span>\n        <\/h3>\n        <div class=\"content\">\n          <div class=\"w-full lg:w-760pvw lg:max-w-760 pt-56 lg:pt-56pvw mw:pt-56\">\n            <p class=\"text-16\/20 lg:text-16pvw\/20pvw mw:text-16\/20\">En primer lloc, et recomanem que comprovis si has rebut algun correu electr\u00f2nic a la teva safata principal i, tamb\u00e9, que revisis la teva safata de correu no desitjat o spam. De vegades, aquest tipus de missatges poden ser detectats com a correu no desitjat.<\/p>\n<p class=\"text-16\/20 lg:text-16pvw\/20pvw mw:text-16\/20\">En segon lloc, pots accedir a la teva sessi\u00f3 d\u2019usuari a la nostra p\u00e0gina web i verificar l\u2019estat de la teva comanda.<\/p>\n<p class=\"text-16\/20 lg:text-16pvw\/20pvw mw:text-16\/20\">En cas que la teva comanda no aparegui a la teva sessi\u00f3 i no hagis rebut cap confirmaci\u00f3 per correu electr\u00f2nic, et recomanem que contactis amb el nostre departament d\u2019atenci\u00f3 al client per tel\u00e8fon al 938 526 234 o al 628 016 820 de dilluns a diumenge de 12h a 00h, o escriu-nos a l\u2019apartat CONTACTE de la nostra web indicant-nos el motiu de la teva consulta i et respondrem en un termini m\u00e0xim de 48h.<\/p>\n          <\/div>\n        <\/div>\n      <\/li>\n\n            <li class=\"py-24 px-16 lg:p-32pvw mw:p-32 border-solid border-t border-black\/10\">\n        <h3 class=\"hover--anim-collapsible collapsible flex justify-between items-center w-full cursor-pointer\">\n          <span class=\"text-20\/24 lg:text-24pvw\/28pvw mw:text-24\/28 font-bold\">Puc anul\u00b7lar o modificar una comanda Take Away quan ja estigui en curs?<\/span>\n        <\/h3>\n        <div class=\"content\">\n          <div class=\"w-full lg:w-760pvw lg:max-w-760 pt-56 lg:pt-56pvw mw:pt-56\">\n            <p class=\"text-16\/20 lg:text-16pvw\/20pvw mw:text-16\/20\">Un cop hagis formalitzat el pagament, no es podr\u00e0 modificar ni anul\u00b7lar. Si aix\u00f2 succeeix, et recomanem que contactis amb el nostre departament d\u2019atenci\u00f3 al client per tel\u00e8fon al 938 526 234 o al 628 016 820 de dilluns a diumenge de 12h a 00h, o escriu-nos a l\u2019apartat CONTACTE de la nostra web indicant-nos el motiu de la teva consulta i et respondrem en un termini m\u00e0xim de 48\u202fh.<\/p>\n          <\/div>\n        <\/div>\n      <\/li>\n\n          <\/ul>\n  \n  <\/div>\n\n<\/div>\n","protected":false},"excerpt":{"rendered":"","protected":false},"author":1,"featured_media":0,"parent":0,"menu_order":0,"comment_status":"closed","ping_status":"closed","template":"","meta":{"_acf_changed":false,"footnotes":""},"class_list":["post-9518","page","type-page","status-publish","hentry"],"acf":[],"yoast_head":"<!-- This site is optimized with the Yoast SEO plugin v26.7 - https:\/\/yoast.com\/wordpress\/plugins\/seo\/ -->\n<title>Fes la teva comanda - UDON Asian Food<\/title>\n<meta name=\"description\" content=\"Demana menjar asi\u00e0tic a domicili i descobreix els avantatges de demanar UDON: Suma punts amb cada comanda i converteix-los en descomptes.\" \/>\n<meta name=\"robots\" content=\"index, follow, max-snippet:-1, max-image-preview:large, max-video-preview:-1\" \/>\n<link rel=\"canonical\" href=\"https:\/\/www.udon.com\/ca\/comanda-online\" \/>\n<meta property=\"og:locale\" content=\"ca_ES\" \/>\n<meta property=\"og:type\" content=\"article\" \/>\n<meta property=\"og:title\" content=\"Fes la teva comanda - UDON Asian Food\" \/>\n<meta property=\"og:description\" content=\"Demana menjar asi\u00e0tic a domicili i descobreix els avantatges de demanar UDON: Suma punts amb cada comanda i converteix-los en descomptes.\" \/>\n<meta property=\"og:url\" content=\"https:\/\/www.udon.com\/ca\/comanda-online\" \/>\n<meta property=\"og:site_name\" content=\"UDON Asian Food\" \/>\n<meta property=\"article:modified_time\" content=\"2026-04-24T10:35:39+00:00\" \/>\n<meta name=\"twitter:card\" content=\"summary_large_image\" \/>\n<script type=\"application\/ld+json\" class=\"yoast-schema-graph\">{\"@context\":\"https:\/\/schema.org\",\"@graph\":[{\"@type\":\"WebPage\",\"@id\":\"https:\/\/www.udon.com\/ca\/comanda-online\",\"url\":\"https:\/\/www.udon.com\/ca\/comanda-online\",\"name\":\"Fes la teva comanda - UDON Asian Food\",\"isPartOf\":{\"@id\":\"https:\/\/www.udon.com\/ca#website\"},\"datePublished\":\"2025-10-24T12:44:49+00:00\",\"dateModified\":\"2026-04-24T10:35:39+00:00\",\"description\":\"Demana menjar asi\u00e0tic a domicili i descobreix els avantatges de demanar UDON: Suma punts amb cada comanda i converteix-los en descomptes.\",\"breadcrumb\":{\"@id\":\"https:\/\/www.udon.com\/ca\/comanda-online#breadcrumb\"},\"inLanguage\":\"ca\",\"potentialAction\":[{\"@type\":\"ReadAction\",\"target\":[\"https:\/\/www.udon.com\/ca\/comanda-online\"]}]},{\"@type\":\"BreadcrumbList\",\"@id\":\"https:\/\/www.udon.com\/ca\/comanda-online#breadcrumb\",\"itemListElement\":[{\"@type\":\"ListItem\",\"position\":1,\"name\":\"Portada\",\"item\":\"https:\/\/www.udon.com\/ca\/\"},{\"@type\":\"ListItem\",\"position\":2,\"name\":\"Fes la teva comanda\"}]},{\"@type\":\"WebSite\",\"@id\":\"https:\/\/www.udon.com\/ca#website\",\"url\":\"https:\/\/www.udon.com\/ca\",\"name\":\"UDON Asian Food\",\"description\":\"\",\"potentialAction\":[{\"@type\":\"SearchAction\",\"target\":{\"@type\":\"EntryPoint\",\"urlTemplate\":\"https:\/\/www.udon.com\/ca?s={search_term_string}\"},\"query-input\":{\"@type\":\"PropertyValueSpecification\",\"valueRequired\":true,\"valueName\":\"search_term_string\"}}],\"inLanguage\":\"ca\"}]}<\/script>\n<!-- \/ Yoast SEO plugin. -->","yoast_head_json":{"title":"Fes la teva comanda - UDON Asian Food","description":"Demana menjar asi\u00e0tic a domicili i descobreix els avantatges de demanar UDON: Suma punts amb cada comanda i converteix-los en descomptes.","robots":{"index":"index","follow":"follow","max-snippet":"max-snippet:-1","max-image-preview":"max-image-preview:large","max-video-preview":"max-video-preview:-1"},"canonical":"https:\/\/www.udon.com\/ca\/comanda-online","og_locale":"ca_ES","og_type":"article","og_title":"Fes la teva comanda - UDON Asian Food","og_description":"Demana menjar asi\u00e0tic a domicili i descobreix els avantatges de demanar UDON: Suma punts amb cada comanda i converteix-los en descomptes.","og_url":"https:\/\/www.udon.com\/ca\/comanda-online","og_site_name":"UDON Asian Food","article_modified_time":"2026-04-24T10:35:39+00:00","twitter_card":"summary_large_image","schema":{"@context":"https:\/\/schema.org","@graph":[{"@type":"WebPage","@id":"https:\/\/www.udon.com\/ca\/comanda-online","url":"https:\/\/www.udon.com\/ca\/comanda-online","name":"Fes la teva comanda - UDON Asian Food","isPartOf":{"@id":"https:\/\/www.udon.com\/ca#website"},"datePublished":"2025-10-24T12:44:49+00:00","dateModified":"2026-04-24T10:35:39+00:00","description":"Demana menjar asi\u00e0tic a domicili i descobreix els avantatges de demanar UDON: Suma punts amb cada comanda i converteix-los en descomptes.","breadcrumb":{"@id":"https:\/\/www.udon.com\/ca\/comanda-online#breadcrumb"},"inLanguage":"ca","potentialAction":[{"@type":"ReadAction","target":["https:\/\/www.udon.com\/ca\/comanda-online"]}]},{"@type":"BreadcrumbList","@id":"https:\/\/www.udon.com\/ca\/comanda-online#breadcrumb","itemListElement":[{"@type":"ListItem","position":1,"name":"Portada","item":"https:\/\/www.udon.com\/ca\/"},{"@type":"ListItem","position":2,"name":"Fes la teva comanda"}]},{"@type":"WebSite","@id":"https:\/\/www.udon.com\/ca#website","url":"https:\/\/www.udon.com\/ca","name":"UDON Asian Food","description":"","potentialAction":[{"@type":"SearchAction","target":{"@type":"EntryPoint","urlTemplate":"https:\/\/www.udon.com\/ca?s={search_term_string}"},"query-input":{"@type":"PropertyValueSpecification","valueRequired":true,"valueName":"search_term_string"}}],"inLanguage":"ca"}]}},"_links":{"self":[{"href":"https:\/\/www.udon.com\/ca\/wp-json\/wp\/v2\/pages\/9518","targetHints":{"allow":["GET"]}}],"collection":[{"href":"https:\/\/www.udon.com\/ca\/wp-json\/wp\/v2\/pages"}],"about":[{"href":"https:\/\/www.udon.com\/ca\/wp-json\/wp\/v2\/types\/page"}],"author":[{"embeddable":true,"href":"https:\/\/www.udon.com\/ca\/wp-json\/wp\/v2\/users\/1"}],"replies":[{"embeddable":true,"href":"https:\/\/www.udon.com\/ca\/wp-json\/wp\/v2\/comments?post=9518"}],"version-history":[{"count":10,"href":"https:\/\/www.udon.com\/ca\/wp-json\/wp\/v2\/pages\/9518\/revisions"}],"predecessor-version":[{"id":73150,"href":"https:\/\/www.udon.com\/ca\/wp-json\/wp\/v2\/pages\/9518\/revisions\/73150"}],"wp:attachment":[{"href":"https:\/\/www.udon.com\/ca\/wp-json\/wp\/v2\/media?parent=9518"}],"curies":[{"name":"wp","href":"https:\/\/api.w.org\/{rel}","templated":true}]}}