{"id":9512,"date":"2025-10-22T12:48:30","date_gmt":"2025-10-22T10:48:30","guid":{"rendered":"https:\/\/www.udon.com\/contact\/"},"modified":"2025-12-31T14:25:19","modified_gmt":"2025-12-31T13:25:19","slug":"contacte","status":"publish","type":"page","link":"https:\/\/www.udon.com\/ca\/contacte","title":{"rendered":"Contacte"},"content":{"rendered":"\n<div class=\"module--contact w-full\" >\n\n  <div class=\"w-full max-w-mw mx-auto px-24 lg:px-128pvw mw:px-128\">\n\n          \n        <ul class=\"lg:flex lg:justify-between\">\n    <li class=\"flex flex-col items-center lg:w-1\/3 px-0 lg:px-24pvw mw:px-24 py-48 lg:py-24pvw mw:py-24 first:pt-0 first:lg:pt-24pvw first:mw:pt-24 border-b lg:border-b-0 lg:border-l border-solid border-black\/10 last:border-b-0 lg:first:border-l-0\">  <p class=\"text-center text-balance col-same-height text-24\/28 lg:text-40pvw\/44pvw mw:text-40\/44 font-light pb-24 lg:pb-24pvw mw:pb-24\">EMAIL<\/p>  <div>    <a href=\"mailto:&#099;ustom&#101;rc&#097;&#114;e&#064;&#117;&#100;&#111;&#110;.&#101;&#115;\" class=\"pb-14 last:pb-0 text-24\/28 lg:text-24pvw\/28pvw mw:text-24\/28 text-center text-balance\">&#099;u&#115;t&#111;&#109;&#101;rc&#097;&#114;&#101;&#064;u&#100;on&#046;es    <\/a>  <\/div><\/li><li class=\"flex flex-col items-center lg:w-1\/3 px-0 lg:px-24pvw mw:px-24 py-48 lg:py-24pvw mw:py-24 first:pt-0 first:lg:pt-24pvw first:mw:pt-24 border-b lg:border-b-0 lg:border-l border-solid border-black\/10 last:border-b-0 lg:first:border-l-0\">  <p class=\"text-center text-balance col-same-height text-24\/28 lg:text-40pvw\/44pvw mw:text-40\/44 font-light pb-24 lg:pb-24pvw mw:pb-24\">TEL\u00c8FON<\/p>  <div>    <a href=\"tel:+34 936 618 606 \" class=\"block pb-4 text-24\/28 lg:text-24pvw\/28pvw mw:text-24\/28 text-center text-balance\">+34 936 618 606     <\/a>  <a href=\"tel:+34 628 016 820\" class=\"block pb-24 text-24\/28 lg:text-24pvw\/28pvw mw:text-24\/28 text-center text-balance\">+34 628 016 820  <\/a>  <p class=\"text-center text-balance text-16\/20 lg:text-16pvw\/20pvw mw:text-16\/20 pb-16 lg:pb-24pvw mw:pb-24\">Dilluns a diumenge de 12h a 00h<\/p>  <\/div><\/li><li class=\"flex flex-col items-center lg:w-1\/3 px-0 lg:px-24pvw mw:px-24 py-48 lg:py-24pvw mw:py-24 first:pt-0 first:lg:pt-24pvw first:mw:pt-24 border-b lg:border-b-0 lg:border-l border-solid border-black\/10 last:border-b-0 lg:first:border-l-0\">  <p class=\"text-center text-balance col-same-height text-24\/28 lg:text-40pvw\/44pvw mw:text-40\/44 font-light pb-24 lg:pb-24pvw mw:pb-24\">XARXES SOCIALS<\/p>  <div class=\"flex justify-center items-center gap-16 lg:gap-16pvw mw:gap-16\"><a href=\"https:\/\/www.instagram.com\/udon__es\/?hl=en\" target=\"_blank\" title=\"Instagram\" class=\"hover--anim-icon header--social-icon\"><svg xmlns=\"http:\/\/www.w3.org\/2000\/svg\" width=\"24\" height=\"23\" fill=\"none\" viewBox=\"0 0 24 23\"><path fill=\"#000\" fill-rule=\"evenodd\" d=\"M11.923 2.781c-2.267 0-2.55.01-3.44.05-.889.04-1.495.182-2.026.389-.556.209-1.06.537-1.478.962-.424.417-.753.92-.962 1.477-.206.53-.347 1.138-.388 2.027-.04.89-.05 1.172-.05 3.439 0 2.267.01 2.55.05 3.44.04.888.182 1.495.388 2.026.21.556.538 1.06.962 1.478.417.424.921.752 1.478.962.53.206 1.137.347 2.026.388.89.04 1.173.05 3.44.05 2.266 0 2.55-.01 3.44-.05.888-.04 1.495-.182 2.025-.389a4.085 4.085 0 0 0 1.478-.962c.425-.417.753-.92.963-1.477.205-.531.347-1.138.387-2.026.04-.89.05-1.174.05-3.44s-.01-2.55-.05-3.44c-.04-.888-.182-1.495-.388-2.026a4.088 4.088 0 0 0-.962-1.478 4.092 4.092 0 0 0-1.478-.962c-.53-.205-1.138-.347-2.026-.388-.89-.04-1.173-.05-3.44-.05Zm0 1.504c2.227 0 2.492.008 3.372.048.813.037 1.254.173 1.549.288.39.15.667.332.96.623.291.292.472.57.623.96.114.294.25.736.287 1.549.04.88.049 1.144.049 3.372 0 2.228-.009 2.492-.049 3.372-.037.813-.172 1.255-.287 1.55-.134.362-.347.69-.624.959-.269.277-.597.49-.96.623-.294.115-.735.25-1.548.288-.88.04-1.144.048-3.372.048-2.229 0-2.492-.008-3.372-.048-.814-.038-1.255-.173-1.55-.288a2.584 2.584 0 0 1-.96-.623 2.586 2.586 0 0 1-.623-.96c-.114-.294-.25-.736-.287-1.549-.04-.88-.049-1.144-.049-3.372 0-2.228.009-2.492.049-3.372.037-.813.172-1.255.287-1.55.151-.389.332-.667.624-.959.27-.277.597-.49.96-.623.294-.115.735-.25 1.549-.288.88-.04 1.144-.048 3.372-.048Z\" clip-rule=\"evenodd\"\/><path fill=\"#000\" fill-rule=\"evenodd\" d=\"M11.923 13.91a2.784 2.784 0 1 1 0-5.57 2.784 2.784 0 0 1 0 5.57Zm0-7.074a4.289 4.289 0 1 0 0 8.578 4.289 4.289 0 0 0 0-8.578Zm5.536-.077a1.014 1.014 0 1 1-2.028 0 1.014 1.014 0 0 1 2.028 0\" clip-rule=\"evenodd\"\/><\/svg><\/a><a href=\"https:\/\/www.tiktok.com\/@udon_es\" target=\"_blank\" title=\"TikTok\" class=\"hover--anim-icon header--social-icon\"><svg xmlns=\"http:\/\/www.w3.org\/2000\/svg\" width=\"17\" height=\"18\" fill=\"none\" viewBox=\"0 0 17 18\"><path fill=\"#000\" d=\"M12.01.649c4.628 0 4.99.362 4.99 4.99v6.972c0 4.628-.362 4.99-4.99 4.99H5.038c-4.627 0-4.99-.362-4.99-4.99V5.639c0-4.627.363-4.99 4.99-4.99h6.974Zm1.062 7.517V6.388s-.94.004-1.734-.723c-.667-.611-.722-1.756-.722-1.756H8.837v7.035c0 .967-.84 1.468-1.444 1.468-.455 0-1.49-.357-1.49-1.479 0-1.177 1.19-1.478 1.5-1.478.312 0 .434.067.434.067V7.645s-.289-.028-.5-.035C5.542 7.55 4.06 9.16 4.06 10.933c0 1.498 1.171 3.312 3.312 3.312 2.28 0 3.323-1.901 3.323-3.301v-3.49s.655.367 1.189.534c.534.167 1.19.178 1.19.178Z\"\/><\/svg><\/a><a href=\"https:\/\/www.facebook.com\/UDONAsianFoodES\" target=\"_blank\" title=\"Facebook\" class=\"hover--anim-icon header--social-icon\"><svg xmlns=\"http:\/\/www.w3.org\/2000\/svg\" width=\"20\" height=\"20\" fill=\"none\" viewBox=\"0 0 20 20\"><path fill=\"#000\" d=\"M19.165 10C19.165 4.958 15.04.833 10 .833S.832 4.958.832 10c0 4.583 3.323 8.365 7.677 9.052v-6.417H6.217V10H8.51V7.937c0-2.291 1.375-3.552 3.438-3.552 1.03 0 2.062.23 2.062.23v2.291h-1.146c-1.146 0-1.49.688-1.49 1.375V10h2.522l-.459 2.635H11.26v6.532A9.25 9.25 0 0 0 19.165 10\"\/><\/svg><\/a>  <\/div><\/li>    <\/ul>\n  <\/div>\n  \n    <div class=\"bg-off-white py-104 mt-104 lg:mt-104pvw mw:mt-104\">\n    <div id=\"contact-form\" class=\"form--style w-full max-w-mw mx-auto px-24 lg:px-128pvw mw:px-128\">\n      \n<div class=\"wpcf7 no-js\" id=\"wpcf7-f9749-o1\" lang=\"ca\" dir=\"ltr\" data-wpcf7-id=\"9749\">\n<div class=\"screen-reader-response\"><p role=\"status\" aria-live=\"polite\" aria-atomic=\"true\"><\/p> <ul><\/ul><\/div>\n<form action=\"\/ca\/wp-json\/wp\/v2\/pages\/9512#wpcf7-f9749-o1\" method=\"post\" class=\"wpcf7-form init\" aria-label=\"Formulari de contacte\" novalidate=\"novalidate\" data-status=\"init\">\n<fieldset class=\"hidden-fields-container\"><input type=\"hidden\" name=\"_wpcf7\" value=\"9749\" \/><input type=\"hidden\" name=\"_wpcf7_version\" value=\"6.1.4\" \/><input type=\"hidden\" name=\"_wpcf7_locale\" value=\"ca\" \/><input type=\"hidden\" name=\"_wpcf7_unit_tag\" value=\"wpcf7-f9749-o1\" \/><input type=\"hidden\" name=\"_wpcf7_container_post\" value=\"0\" \/><input type=\"hidden\" name=\"_wpcf7_posted_data_hash\" value=\"\" \/><input type=\"hidden\" name=\"_wpcf7_recaptcha_response\" value=\"\" \/>\n<\/fieldset>\n<div class=\"form--style-cols\">\n <div class=\"border-form\">\n  <span class=\"wpcf7-form-control-wrap\" data-name=\"f-name\"><input size=\"40\" maxlength=\"400\" class=\"wpcf7-form-control wpcf7-text wpcf7-validates-as-required\" id=\"f-name\" aria-required=\"true\" aria-invalid=\"false\" placeholder=\"Nom*\" value=\"\" type=\"text\" name=\"f-name\" \/><\/span>\n <\/div>\n <div class=\"border-form\">\n  <span class=\"wpcf7-form-control-wrap\" data-name=\"f-surname\"><input size=\"40\" maxlength=\"400\" class=\"wpcf7-form-control wpcf7-text wpcf7-validates-as-required\" id=\"f-surname\" aria-required=\"true\" aria-invalid=\"false\" placeholder=\"Cognom*\" value=\"\" type=\"text\" name=\"f-surname\" \/><\/span>\n <\/div>\n <div class=\"border-form\">\n  <span class=\"wpcf7-form-control-wrap\" data-name=\"f-email\"><input size=\"40\" maxlength=\"400\" class=\"wpcf7-form-control wpcf7-email wpcf7-validates-as-required wpcf7-text wpcf7-validates-as-email\" id=\"f-email\" aria-required=\"true\" aria-invalid=\"false\" placeholder=\"Email*\" value=\"\" type=\"email\" name=\"f-email\" \/><\/span>\n <\/div>\n <div class=\"border-form\">\n  <span class=\"wpcf7-form-control-wrap\" data-name=\"f-phone\"><input size=\"40\" maxlength=\"400\" class=\"wpcf7-form-control wpcf7-tel wpcf7-validates-as-required wpcf7-text wpcf7-validates-as-tel\" id=\"f-phone\" aria-required=\"true\" aria-invalid=\"false\" placeholder=\"Tel\u00e8fon*\" value=\"\" type=\"tel\" name=\"f-phone\" \/><\/span>\n <\/div>\n<\/div>\n\n<div class=\"form--style\">\n <div class=\"border-form-textarea\">\n  <span class=\"wpcf7-form-control-wrap\" data-name=\"f-message\"><textarea cols=\"40\" rows=\"10\" maxlength=\"2000\" class=\"wpcf7-form-control wpcf7-textarea\" aria-invalid=\"false\" placeholder=\"Missatge\" name=\"f-message\"><\/textarea><\/span>\n <\/div>\n<\/div>\n\n<p class=\"data-info\">Les dades facilitades seran tractades per UDON per a possibilitar la gesti\u00f3 de la seva sol\u00b7licitud. Per ampliar la informaci\u00f3 facilitada o per a l\u2019exercici dels drets que la llei li atorga (acc\u00e9s, rectificaci\u00f3, supressi\u00f3, limitaci\u00f3 i oposici\u00f3) pot accedir a les <a href=\"https:\/\/www.udon.com\/ca\/politica-privacitat\/\">Pol\u00edtiques de Privacitat<\/a>.<\/p>\n<div id=\"employee-referral\" class=\"form--style-chkbx -employee\">\n  <span class=\"wpcf7-form-control-wrap\" data-name=\"f-acceptance\"><span class=\"wpcf7-form-control wpcf7-acceptance\"><span class=\"wpcf7-list-item\"><label><input type=\"checkbox\" name=\"f-acceptance\" value=\"1\" aria-invalid=\"false\" \/><span class=\"wpcf7-list-item-label\">He llegit i accepto les <a href=\"https:\/\/www.udon.com\/ca\/politica-privacitat\/\">Pol\u00edtiques de Privacitat<\/a><\/span><\/label><\/span><\/span><\/span>\n<\/div>\n\n<input class=\"wpcf7-form-control wpcf7-submit has-spinner\" type=\"submit\" value=\"ENVIAR\" \/><div class=\"wpcf7-response-output\" aria-hidden=\"true\"><\/div>\n<\/form>\n<\/div>\n    <\/div>\n  <\/div>\n  <\/div>\n","protected":false},"excerpt":{"rendered":"","protected":false},"author":1,"featured_media":0,"parent":0,"menu_order":0,"comment_status":"closed","ping_status":"closed","template":"","meta":{"_acf_changed":false,"footnotes":""},"class_list":["post-9512","page","type-page","status-publish","hentry"],"acf":[],"yoast_head":"<!-- This site is optimized with the Yoast SEO plugin v26.7 - https:\/\/yoast.com\/wordpress\/plugins\/seo\/ -->\n<title>Contacte - UDON Asian Food<\/title>\n<meta name=\"description\" content=\"Necessites contactar amb nosaltres? Vols fer-nos alguna sugger\u00e8ncia? Has tingut alguna incid\u00e8ncia? T\u2019escoltem.\" \/>\n<meta name=\"robots\" content=\"index, follow, max-snippet:-1, max-image-preview:large, max-video-preview:-1\" \/>\n<link rel=\"canonical\" href=\"https:\/\/www.udon.com\/ca\/contacte\" \/>\n<meta property=\"og:locale\" content=\"ca_ES\" \/>\n<meta property=\"og:type\" content=\"article\" \/>\n<meta property=\"og:title\" content=\"Contacte - UDON Asian Food\" \/>\n<meta property=\"og:description\" content=\"Necessites contactar amb nosaltres? Vols fer-nos alguna sugger\u00e8ncia? Has tingut alguna incid\u00e8ncia? T\u2019escoltem.\" \/>\n<meta property=\"og:url\" content=\"https:\/\/www.udon.com\/ca\/contacte\" \/>\n<meta property=\"og:site_name\" content=\"UDON Asian Food\" \/>\n<meta property=\"article:modified_time\" content=\"2025-12-31T13:25:19+00:00\" \/>\n<meta name=\"twitter:card\" content=\"summary_large_image\" \/>\n<script type=\"application\/ld+json\" class=\"yoast-schema-graph\">{\"@context\":\"https:\/\/schema.org\",\"@graph\":[{\"@type\":\"WebPage\",\"@id\":\"https:\/\/www.udon.com\/ca\/contacte\",\"url\":\"https:\/\/www.udon.com\/ca\/contacte\",\"name\":\"Contacte - UDON Asian Food\",\"isPartOf\":{\"@id\":\"https:\/\/www.udon.com\/ca#website\"},\"datePublished\":\"2025-10-22T10:48:30+00:00\",\"dateModified\":\"2025-12-31T13:25:19+00:00\",\"description\":\"Necessites contactar amb nosaltres? Vols fer-nos alguna sugger\u00e8ncia? Has tingut alguna incid\u00e8ncia? T\u2019escoltem.\",\"breadcrumb\":{\"@id\":\"https:\/\/www.udon.com\/ca\/contacte#breadcrumb\"},\"inLanguage\":\"ca\",\"potentialAction\":[{\"@type\":\"ReadAction\",\"target\":[\"https:\/\/www.udon.com\/ca\/contacte\"]}]},{\"@type\":\"BreadcrumbList\",\"@id\":\"https:\/\/www.udon.com\/ca\/contacte#breadcrumb\",\"itemListElement\":[{\"@type\":\"ListItem\",\"position\":1,\"name\":\"Portada\",\"item\":\"https:\/\/www.udon.com\/ca\/\"},{\"@type\":\"ListItem\",\"position\":2,\"name\":\"Contacte\"}]},{\"@type\":\"WebSite\",\"@id\":\"https:\/\/www.udon.com\/ca#website\",\"url\":\"https:\/\/www.udon.com\/ca\",\"name\":\"UDON Asian Food\",\"description\":\"\",\"potentialAction\":[{\"@type\":\"SearchAction\",\"target\":{\"@type\":\"EntryPoint\",\"urlTemplate\":\"https:\/\/www.udon.com\/ca?s={search_term_string}\"},\"query-input\":{\"@type\":\"PropertyValueSpecification\",\"valueRequired\":true,\"valueName\":\"search_term_string\"}}],\"inLanguage\":\"ca\"}]}<\/script>\n<!-- \/ Yoast SEO plugin. -->","yoast_head_json":{"title":"Contacte - UDON Asian Food","description":"Necessites contactar amb nosaltres? Vols fer-nos alguna sugger\u00e8ncia? Has tingut alguna incid\u00e8ncia? T\u2019escoltem.","robots":{"index":"index","follow":"follow","max-snippet":"max-snippet:-1","max-image-preview":"max-image-preview:large","max-video-preview":"max-video-preview:-1"},"canonical":"https:\/\/www.udon.com\/ca\/contacte","og_locale":"ca_ES","og_type":"article","og_title":"Contacte - UDON Asian Food","og_description":"Necessites contactar amb nosaltres? Vols fer-nos alguna sugger\u00e8ncia? Has tingut alguna incid\u00e8ncia? T\u2019escoltem.","og_url":"https:\/\/www.udon.com\/ca\/contacte","og_site_name":"UDON Asian Food","article_modified_time":"2025-12-31T13:25:19+00:00","twitter_card":"summary_large_image","schema":{"@context":"https:\/\/schema.org","@graph":[{"@type":"WebPage","@id":"https:\/\/www.udon.com\/ca\/contacte","url":"https:\/\/www.udon.com\/ca\/contacte","name":"Contacte - UDON Asian Food","isPartOf":{"@id":"https:\/\/www.udon.com\/ca#website"},"datePublished":"2025-10-22T10:48:30+00:00","dateModified":"2025-12-31T13:25:19+00:00","description":"Necessites contactar amb nosaltres? Vols fer-nos alguna sugger\u00e8ncia? Has tingut alguna incid\u00e8ncia? T\u2019escoltem.","breadcrumb":{"@id":"https:\/\/www.udon.com\/ca\/contacte#breadcrumb"},"inLanguage":"ca","potentialAction":[{"@type":"ReadAction","target":["https:\/\/www.udon.com\/ca\/contacte"]}]},{"@type":"BreadcrumbList","@id":"https:\/\/www.udon.com\/ca\/contacte#breadcrumb","itemListElement":[{"@type":"ListItem","position":1,"name":"Portada","item":"https:\/\/www.udon.com\/ca\/"},{"@type":"ListItem","position":2,"name":"Contacte"}]},{"@type":"WebSite","@id":"https:\/\/www.udon.com\/ca#website","url":"https:\/\/www.udon.com\/ca","name":"UDON Asian Food","description":"","potentialAction":[{"@type":"SearchAction","target":{"@type":"EntryPoint","urlTemplate":"https:\/\/www.udon.com\/ca?s={search_term_string}"},"query-input":{"@type":"PropertyValueSpecification","valueRequired":true,"valueName":"search_term_string"}}],"inLanguage":"ca"}]}},"_links":{"self":[{"href":"https:\/\/www.udon.com\/ca\/wp-json\/wp\/v2\/pages\/9512","targetHints":{"allow":["GET"]}}],"collection":[{"href":"https:\/\/www.udon.com\/ca\/wp-json\/wp\/v2\/pages"}],"about":[{"href":"https:\/\/www.udon.com\/ca\/wp-json\/wp\/v2\/types\/page"}],"author":[{"embeddable":true,"href":"https:\/\/www.udon.com\/ca\/wp-json\/wp\/v2\/users\/1"}],"replies":[{"embeddable":true,"href":"https:\/\/www.udon.com\/ca\/wp-json\/wp\/v2\/comments?post=9512"}],"version-history":[{"count":3,"href":"https:\/\/www.udon.com\/ca\/wp-json\/wp\/v2\/pages\/9512\/revisions"}],"predecessor-version":[{"id":9757,"href":"https:\/\/www.udon.com\/ca\/wp-json\/wp\/v2\/pages\/9512\/revisions\/9757"}],"wp:attachment":[{"href":"https:\/\/www.udon.com\/ca\/wp-json\/wp\/v2\/media?parent=9512"}],"curies":[{"name":"wp","href":"https:\/\/api.w.org\/{rel}","templated":true}]}}