{"id":9508,"date":"2025-11-06T16:55:08","date_gmt":"2025-11-06T15:55:08","guid":{"rendered":"https:\/\/www.udon.com\/aviso-legal\/"},"modified":"2025-12-23T10:01:06","modified_gmt":"2025-12-23T09:01:06","slug":"avis-legal","status":"publish","type":"page","link":"https:\/\/www.udon.com\/ca\/avis-legal","title":{"rendered":"Av\u00eds legal"},"content":{"rendered":"\n<h2 class=\"wp-block-heading\"><\/h2>\n\n\n\n<p>El titular d\u2019aquesta App i dels llocs web www.udon.es, order.udon.com, user.udon.com i www.udon.com (\u201cWeb\u201d) \u00e9s la societat UDON Franchising, S.L. (\u201cUDON\u201d), les dades d\u2019identificaci\u00f3 s\u00f3n les seg\u00fcents:<\/p>\n\n\n\n<p>Domicili social: C\/ Ciurans, 2, 08530 La Garriga (Barcelona)<br>C.I.F.: B-65211773<br>Correu electr\u00f2nic: customercare@udon.es<br>Tel\u00e8fon: (+ 34) 93.464.61.64<br>Dades registrals: inscrita en el Registre Mercantil de Barcelona al tom 35.801, full 67, n\u00famero B-266.551.<\/p>\n\n\n\n<h2 class=\"wp-block-heading\">Acc\u00e9s a la Web<\/h2>\n\n\n\n<p>Les presents Condicions Generals d\u2019Acc\u00e9s i \u00das regulen l\u2019acc\u00e9s i utilitzaci\u00f3 de la Web i tenen per objecte facilitar a l\u2019usuari informaci\u00f3 relativa a UDON, als seus productes i activitats.<\/p>\n\n\n\n<p>L\u2019acc\u00e9s i utilitzaci\u00f3 de la Web per l\u2019usuari comporta l\u2019acceptaci\u00f3 de les presents Condicions Generals d\u2019Acc\u00e9s i \u00fas, aix\u00ed com de la pol\u00edtica de Privacitat de la Web.<\/p>\n\n\n\n<p>L\u2019usuari ha de llegir atentament les Condicions Generals d\u2019Acc\u00e9s i \u00das i la pol\u00edtica de Privacitat quan es proposi utilizar la Web, ja que aquestes podr\u00e1n ser adaptades i\/o modificades en qualsevol moment. Si no accepta les presents Condicions Generals d\u2019Acc\u00e9s i \u00das, li roguem s\u2019abstingui d\u2019utilitzar la Web i el seu contingut.<\/p>\n\n\n\n<h2 class=\"wp-block-heading\">Utilitzaci\u00f3 i funcionament de la Web<\/h2>\n\n\n\n<p>L\u2019usuari es compromet a fer un \u00fas diligent de la Web, aix\u00ed com de la informaci\u00f3n relativa als productes i activitats del mateix, amb total subjecci\u00f3 tant a la normativa aplicable com a les Condicions Generals d\u2019Acc\u00e9s i \u00das, i en el seu cas, a qualsevol altres condicions que UDON estableixi a l\u2019efecte a la Web.<\/p>\n\n\n\n<p>En conseq\u00fc\u00e8ncia, l\u2019usuari es compromet a no formular comentaris i\/o continguts, propis o de tercers, que (i) siguin il\u00b7l\u00edcits, violents, pornogr\u00e0fics, racistes i\/o denigrants; i (ii) resultin inapropiats o no pertanyents en relaci\u00f3 amb l\u2019activitat d\u2019UDON.<\/p>\n\n\n\n<p>Aix\u00ed mateix, l\u2019usuari es compromet a no realitzar cap acte amb objecte de fer mal, inutilitzar i\/o sobrecarregar la Web, o que impideixi, de cap manera, la normal utilitzaci\u00f3 i funcionament del mateix.<\/p>\n\n\n\n<p>S\u2019informa a l\u2019usuari de que, en el cas de que incompleixi les Condicions Generals d\u2019Acc\u00e9s i \u00das, la Pol\u00edtica de Privacitat o, en el seu cas, qualsevol altre terme o condicions recollides a la Web, UDON es reserva el dret a limitar, suspendre i\/o finalitzar el seu acc\u00e9s a la Web, adoptant qualsevol mesura t\u00e9cnica que sigui necess\u00e0ria amb aquest objectiu.<\/p>\n\n\n\n<p>UDON realitza els seus millors esfor\u00e7os per a mantener la Web en bon funcionament, evitant errors o, en el seu cas, reparant i mantenint els continguts de la Web degudament actualitzats. No obstant, UDON no garanteix la disponibilitat i continuitat en l\u2019acc\u00e9s a la Web ni la inexistencia d\u2019errors en els seus continguts, aix\u00ed com tampoc que aquests \u00faltims siguin oportunament actualitzats.<\/p>\n\n\n\n<h2 class=\"wp-block-heading\">Responsabilitat<\/h2>\n\n\n\n<p>Tant l\u2019acc\u00e9s a la Web com l\u2019\u00fas que pugui fer-se de qualsevol informaci\u00f3 o mecanisme que contingui, es realitzen sota la responsabilitat exclusiva de l\u2019usuari.<\/p>\n\n\n\n<p>UDON no es responsabilitza de danys i\/o perjudicis que puguin derivar-se, directa o indirectament, de l\u2019acc\u00e9s o \u00fas de la informaci\u00f3 continguda a la Web, i especialment, d\u2019aquella informaci\u00f3 relativa a tercers  d\u2019UDON, incloent-se pero no limitant-se, als produ\u00efts en els sistemes inform\u00e0tics o els provocats per la introducci\u00f3 de virus i\/o atacs inform\u00e0tics i tampoc ser\u00e1 responsable dels danys que poguessin patir els usuaris per un \u00fas inadeq\u00fcat de la Web ni de les caigudes, interrupcions, ausencia o defecte en les comunicacions i\/o a internet.<\/p>\n\n\n\n<p>Addicionalment, UDON no es fa responsable de cap dany i\/o perjudici en el software i\/o hardware de l\u2019usuari que es derivi de l\u2019acc\u00e9s i \u00fas de la Web.<\/p>\n\n\n\n<p>L\u2019usuari respondr\u00e0 dels danys i perjudicis de tota natura que UDON pugui patir com a conseq\u00fc\u00e8ncia de l\u2019incumpliment de qualsevol de les obligacions a les que queda sotm\u00e9s en virtut de les presents Condicions Generals d\u2019Acc\u00e9s i \u00das, la resta de condicions previstes a la Web i\/o a la legislaci\u00f3 aplicable a cada momento.<\/p>\n\n\n\n<h2 class=\"wp-block-heading\">Pol\u00edtica en materia d\u2019enlla\u00e7os (links)<\/h2>\n\n\n\n<p><strong>a) <strong><strong>Enlla\u00e7os amb la Web<\/strong><\/strong><\/strong><\/p>\n\n\n\n<p>Aquells tercers que tinguin intenci\u00f3 d\u2019incloure en un lloc web (\u201cLloc Enlla\u00e7ant\u201d) un enlla\u00e7 que dirigeixi a la Web haur\u00e0 de cumplir amb la legislaci\u00f3 vigent i no podr\u00e0, en cap cas, guardar continguts, propis o de tercers, que: (i) siguin il\u00b7l\u00edcits, nocius, violents, racistes, denigrants, etc.; i\/o (ii) resultin inapropiats o no pertinents en relaci\u00f3 amb l\u2019activitat d\u2019UDON.<\/p>\n\n\n\n<p>En cap cas, l\u2019enlla\u00e7 significa que UDON avali, promocioni, supervisi i\/o recomani el contingut i\/o els serveis del Lloc Enlla\u00e7ant ni que sigui responsable del contingut del mateix.<\/p>\n\n\n\n<p>En el suposat d\u2019incompliment de qualsevol dels termes referits anteriorment, UDON procedir\u00e0, de forma inmediata, a la revocaci\u00f3 del consentiment otorgat al Lloc Enlla\u00e7ant, qui haur\u00e0 de suprimir l\u2019enlla\u00e7.<\/p>\n\n\n\n<p><strong>b) Enlla\u00e7oc a altres llocs web<\/strong><\/p>\n\n\n\n<p>A la Web poden incloures diferents enlla\u00e7os que permeten a l\u2019usuari accedir a altres llocs web (\u201cLlocs Enlla\u00e7ats\u201d).<\/p>\n\n\n\n<p>En cap cas, la exist\u00e8ncia de Llocs Enlla\u00e7ats comporta recomanaci\u00f3, promoci\u00f3, identificaci\u00f3 i\/o conformitat d\u2019UDON amb les manifestacions, continguts i\/o serveis proporcionats a trav\u00e9s dels Llocs Enlla\u00e7ats. En conseq\u00fc\u00e8ncia, UDON no es fa responsable del contingut i dem\u00e9s condicions dels Llocs Enlla\u00e7ats, sent l\u2019usuari l\u2019\u00fanic responsable de comprobar-los i acceptar-los cada vegada que accedeixi i utilitzi els mateixos.<\/p>\n\n\n\n<h2 class=\"wp-block-heading\">Propietat Industrial i Intel\u00b7lectual<\/h2>\n\n\n\n<p>Tots els drets de la propietat intel\u00b7lectual sobre els dissenys, base de dades, programes d\u2019ordinador subjacents (inclosos els codis font), aix\u00ed com els diferents elements que integren el Lloc Web (textos, gr\u00e0fics, fotograf\u00edes, videos, grabacions sonores, combinacions de colors, etc.) [\u201cContinguts\u201d], aix\u00ed com la seva escritura, sel\u00b7lecci\u00f3 i ordre, s\u00f3n titularitat d\u2019UDON o dels seus licenciants. Amb respecte als signes diferents inclosos en el Lloc Web (marques i noms comercials), els mateixos s\u00f3n titularitat d\u2019UDON o dels licenciants.<\/p>\n\n\n\n<p>L\u2019\u00fas del Lloc Web per l\u2019usuari no suposa la cessi\u00f3 de dret alg\u00fa de propietat intel\u00b7lectual i\/o industrial sobre el Lloc Web i els Continguts.<\/p>\n\n\n\n<p>Queda expressament prohibit a l\u2019usuari la reproducci\u00f3, transformaci\u00f3, distribuci\u00f3, comunicaci\u00f3 p\u00fablica, posada a disposici\u00f3, extracci\u00f3 i\/o qualsevol altra forma de difusi\u00f3 no autoritzades expresament del Lloc Web, els Continguts i\/o els signes distintius d\u2019UDON.<\/p>\n\n\n\n<p>La utilitzaci\u00f3 no autoritzada dels Continguts, aix\u00ed com els perjudicis ocasionats en els drets de propietat intel\u00b7lectual e industrial d\u2019UDON poden donar lloc a l\u2019exercici de les accions que legalment li corresponen, i a les responsabilitats que, en el seu cas, es deriven dels mateixos.<\/p>\n\n\n\n<h2 class=\"wp-block-heading\">Nul\u00b7litat<\/h2>\n\n\n\n<p>Si qualsevol de les cl\u00e0usul\u00b7les de les Condicions Generals d\u2019Acc\u00e9s i \u00das fos declarada, total o parcialment, nul\u00b7la o inefica\u00e7, tal nul\u00b7litat o ineficacia afectar\u00e0 tan sols a la tal disposici\u00f3 o a la part de la mateixa que resulti nul\u00b7la o inefica\u00e7, i les mateixes romandran vigents en tot el dem\u00e9s, tenint-se por no posada a tal disposici\u00f3 o la part de la mateixa que resulti afectada. A tals efectes, les Condicions Generals d\u2019Acc\u00e9s i \u00das nom\u00e9s deixaran de tenir validesa exclusivament respecte de la disposici\u00f3 nul\u00b7la o inefica\u00e7, i ninguna altra part o disposici\u00f3 del mateix quedar\u00e0 anul\u00b7lada, inval\u00b7lidada, perjudicada o afectada per tal nul\u00b7litat o ineficacia, llevat que per resultar esencial hi hagu\u00e9s d\u2019afectar a les Condicions Generals d\u2019Acc\u00e9s i \u00das de forma integral.<\/p>\n\n\n\n<h2 class=\"wp-block-heading\">Idioma<\/h2>\n\n\n\n<p>Les Condicions Generals d\u2019Acc\u00e9s i \u00das est\u00e1n redactades en castell\u00e0, catal\u00e0 i angl\u00e9s. En cas de discrep\u00e0ncia entre esmentades versiones, prevaler\u00e0 la versi\u00f3 en catal\u00e0.<\/p>\n\n\n\n<h2 class=\"wp-block-heading\">Legislaci\u00f3 aplicable i jurisdicci\u00f3<\/h2>\n\n\n\n<p>Les Condicions Generals d\u2019Acc\u00e9s i \u00das es regir\u00e1n i interpretaran de conformitat amb la legislaci\u00f3 espanyola.<\/p>\n\n\n\n<p>Qualsevol controversia que pogu\u00e9s sorgir entre UDON i els usuaris de la Web ser\u00e1 resolta, amb renuncia expresa de les parts al seu propi fur, pels Jutjats i Tribunals de la ciutat de Barcelona (Espanya).<\/p>\n","protected":false},"excerpt":{"rendered":"<p>El titular d\u2019aquesta App i dels llocs web www.udon.es, order.udon.com, user.udon.com i www.udon.com (\u201cWeb\u201d) \u00e9s la societat UDON Franchising, S.L. (\u201cUDON\u201d), les dades d\u2019identificaci\u00f3 s\u00f3n les seg\u00fcents: Domicili social: C\/ Ciurans, 2, 08530 La Garriga (Barcelona)C.I.F.: B-65211773Correu electr\u00f2nic: customercare@udon.esTel\u00e8fon: (+ 34) 93.464.61.64Dades registrals: inscrita en el Registre Mercantil de Barcelona al tom 35.801, full 67, [&hellip;]<\/p>\n","protected":false},"author":1,"featured_media":0,"parent":0,"menu_order":0,"comment_status":"closed","ping_status":"closed","template":"page-legals.php","meta":{"_acf_changed":false,"footnotes":""},"class_list":["post-9508","page","type-page","status-publish","hentry"],"acf":[],"yoast_head":"<!-- This site is optimized with the Yoast SEO plugin v26.7 - https:\/\/yoast.com\/wordpress\/plugins\/seo\/ -->\n<title>Av\u00eds legal - UDON Asian Food<\/title>\n<meta name=\"robots\" content=\"index, follow, max-snippet:-1, max-image-preview:large, max-video-preview:-1\" \/>\n<link rel=\"canonical\" href=\"https:\/\/www.udon.com\/ca\/avis-legal\" \/>\n<meta property=\"og:locale\" content=\"ca_ES\" \/>\n<meta property=\"og:type\" content=\"article\" \/>\n<meta property=\"og:title\" content=\"Av\u00eds legal - UDON Asian Food\" \/>\n<meta property=\"og:description\" content=\"El titular d\u2019aquesta App i dels llocs web www.udon.es, order.udon.com, user.udon.com i www.udon.com (\u201cWeb\u201d) \u00e9s la societat UDON Franchising, S.L. (\u201cUDON\u201d), les dades d\u2019identificaci\u00f3 s\u00f3n les seg\u00fcents: Domicili social: C\/ Ciurans, 2, 08530 La Garriga (Barcelona)C.I.F.: B-65211773Correu electr\u00f2nic: customercare@udon.esTel\u00e8fon: (+ 34) 93.464.61.64Dades registrals: inscrita en el Registre Mercantil de Barcelona al tom 35.801, full 67, [&hellip;]\" \/>\n<meta property=\"og:url\" content=\"https:\/\/www.udon.com\/ca\/avis-legal\" \/>\n<meta property=\"og:site_name\" content=\"UDON Asian Food\" \/>\n<meta property=\"article:modified_time\" content=\"2025-12-23T09:01:06+00:00\" \/>\n<meta name=\"twitter:card\" content=\"summary_large_image\" \/>\n<meta name=\"twitter:label1\" content=\"Temps estimat de lectura\" \/>\n\t<meta name=\"twitter:data1\" content=\"6 minuts\" \/>\n<script type=\"application\/ld+json\" class=\"yoast-schema-graph\">{\"@context\":\"https:\/\/schema.org\",\"@graph\":[{\"@type\":\"WebPage\",\"@id\":\"https:\/\/www.udon.com\/ca\/avis-legal\",\"url\":\"https:\/\/www.udon.com\/ca\/avis-legal\",\"name\":\"Av\u00eds legal - UDON Asian Food\",\"isPartOf\":{\"@id\":\"https:\/\/www.udon.com\/ca#website\"},\"datePublished\":\"2025-11-06T15:55:08+00:00\",\"dateModified\":\"2025-12-23T09:01:06+00:00\",\"breadcrumb\":{\"@id\":\"https:\/\/www.udon.com\/ca\/avis-legal#breadcrumb\"},\"inLanguage\":\"ca\",\"potentialAction\":[{\"@type\":\"ReadAction\",\"target\":[\"https:\/\/www.udon.com\/ca\/avis-legal\"]}]},{\"@type\":\"BreadcrumbList\",\"@id\":\"https:\/\/www.udon.com\/ca\/avis-legal#breadcrumb\",\"itemListElement\":[{\"@type\":\"ListItem\",\"position\":1,\"name\":\"Portada\",\"item\":\"https:\/\/www.udon.com\/ca\/\"},{\"@type\":\"ListItem\",\"position\":2,\"name\":\"Av\u00eds legal\"}]},{\"@type\":\"WebSite\",\"@id\":\"https:\/\/www.udon.com\/ca#website\",\"url\":\"https:\/\/www.udon.com\/ca\",\"name\":\"UDON Asian Food\",\"description\":\"\",\"potentialAction\":[{\"@type\":\"SearchAction\",\"target\":{\"@type\":\"EntryPoint\",\"urlTemplate\":\"https:\/\/www.udon.com\/ca?s={search_term_string}\"},\"query-input\":{\"@type\":\"PropertyValueSpecification\",\"valueRequired\":true,\"valueName\":\"search_term_string\"}}],\"inLanguage\":\"ca\"}]}<\/script>\n<!-- \/ Yoast SEO plugin. -->","yoast_head_json":{"title":"Av\u00eds legal - UDON Asian Food","robots":{"index":"index","follow":"follow","max-snippet":"max-snippet:-1","max-image-preview":"max-image-preview:large","max-video-preview":"max-video-preview:-1"},"canonical":"https:\/\/www.udon.com\/ca\/avis-legal","og_locale":"ca_ES","og_type":"article","og_title":"Av\u00eds legal - UDON Asian Food","og_description":"El titular d\u2019aquesta App i dels llocs web www.udon.es, order.udon.com, user.udon.com i www.udon.com (\u201cWeb\u201d) \u00e9s la societat UDON Franchising, S.L. (\u201cUDON\u201d), les dades d\u2019identificaci\u00f3 s\u00f3n les seg\u00fcents: Domicili social: C\/ Ciurans, 2, 08530 La Garriga (Barcelona)C.I.F.: B-65211773Correu electr\u00f2nic: customercare@udon.esTel\u00e8fon: (+ 34) 93.464.61.64Dades registrals: inscrita en el Registre Mercantil de Barcelona al tom 35.801, full 67, [&hellip;]","og_url":"https:\/\/www.udon.com\/ca\/avis-legal","og_site_name":"UDON Asian Food","article_modified_time":"2025-12-23T09:01:06+00:00","twitter_card":"summary_large_image","twitter_misc":{"Temps estimat de lectura":"6 minuts"},"schema":{"@context":"https:\/\/schema.org","@graph":[{"@type":"WebPage","@id":"https:\/\/www.udon.com\/ca\/avis-legal","url":"https:\/\/www.udon.com\/ca\/avis-legal","name":"Av\u00eds legal - UDON Asian Food","isPartOf":{"@id":"https:\/\/www.udon.com\/ca#website"},"datePublished":"2025-11-06T15:55:08+00:00","dateModified":"2025-12-23T09:01:06+00:00","breadcrumb":{"@id":"https:\/\/www.udon.com\/ca\/avis-legal#breadcrumb"},"inLanguage":"ca","potentialAction":[{"@type":"ReadAction","target":["https:\/\/www.udon.com\/ca\/avis-legal"]}]},{"@type":"BreadcrumbList","@id":"https:\/\/www.udon.com\/ca\/avis-legal#breadcrumb","itemListElement":[{"@type":"ListItem","position":1,"name":"Portada","item":"https:\/\/www.udon.com\/ca\/"},{"@type":"ListItem","position":2,"name":"Av\u00eds legal"}]},{"@type":"WebSite","@id":"https:\/\/www.udon.com\/ca#website","url":"https:\/\/www.udon.com\/ca","name":"UDON Asian Food","description":"","potentialAction":[{"@type":"SearchAction","target":{"@type":"EntryPoint","urlTemplate":"https:\/\/www.udon.com\/ca?s={search_term_string}"},"query-input":{"@type":"PropertyValueSpecification","valueRequired":true,"valueName":"search_term_string"}}],"inLanguage":"ca"}]}},"_links":{"self":[{"href":"https:\/\/www.udon.com\/ca\/wp-json\/wp\/v2\/pages\/9508","targetHints":{"allow":["GET"]}}],"collection":[{"href":"https:\/\/www.udon.com\/ca\/wp-json\/wp\/v2\/pages"}],"about":[{"href":"https:\/\/www.udon.com\/ca\/wp-json\/wp\/v2\/types\/page"}],"author":[{"embeddable":true,"href":"https:\/\/www.udon.com\/ca\/wp-json\/wp\/v2\/users\/1"}],"replies":[{"embeddable":true,"href":"https:\/\/www.udon.com\/ca\/wp-json\/wp\/v2\/comments?post=9508"}],"version-history":[{"count":4,"href":"https:\/\/www.udon.com\/ca\/wp-json\/wp\/v2\/pages\/9508\/revisions"}],"predecessor-version":[{"id":9702,"href":"https:\/\/www.udon.com\/ca\/wp-json\/wp\/v2\/pages\/9508\/revisions\/9702"}],"wp:attachment":[{"href":"https:\/\/www.udon.com\/ca\/wp-json\/wp\/v2\/media?parent=9508"}],"curies":[{"name":"wp","href":"https:\/\/api.w.org\/{rel}","templated":true}]}}