{"id":9500,"date":"2025-11-06T11:29:37","date_gmt":"2025-11-06T10:29:37","guid":{"rendered":"https:\/\/www.udon.com\/canal-etico\/"},"modified":"2026-01-02T15:10:35","modified_gmt":"2026-01-02T14:10:35","slug":"canal-etic","status":"publish","type":"page","link":"https:\/\/www.udon.com\/ca\/canal-etic","title":{"rendered":"Canal \u00e8tic"},"content":{"rendered":"\n<p>A trav\u00e9s d\u2019aquest canal, pots informar-nos de manera r\u00e0pida i senzilla sobre qualsevol conducta indeguda, ja sigui real o sospitosa, que pugui afectar la nostra empresa o el benestar de qui formem part d\u2019ella. Volem que et sentis protegit i valorat en tot moment.<\/p>\n\n\n\n<p>Et demanem que utilitzis aquest canal de manera responsable. No est\u00e0 pensat per acusar falsament alg\u00fa ni per compartir informaci\u00f3 err\u00f2nia. Les den\u00fancies falses poden fer molt de mal i no ajuden a construir un entorn de treball sa i segur.<\/p>\n\n\n\n<p>Si pots, et recomanem incloure les teves dades d\u2019identificaci\u00f3. Aix\u00f2 ens permetr\u00e0 gestionar la teva den\u00fancia de manera m\u00e9s eficient i mantenir-te informat del proc\u00e9s. Per\u00f2 si prefereixes mantenir l\u2019anonimat, ho entenem i respectem completament.<\/p>\n\n\n\n<p>Totes les den\u00fancies seran tractades amb la m\u00e0xima confidencialitat. Ens comprometem a protegir la teva identitat i a garantir que no hi haur\u00e0 repres\u00e0lies per reportar una conducta indeguda.<\/p>\n\n\n\n<p>Si la den\u00fancia est\u00e0 relacionada amb fets ocorreguts en un estat membre de la Uni\u00f3 Europea o si ets denunciant dins de la UE, tamb\u00e9 pots comunicar-te amb les autoritats externes competents.<\/p>\n\n\n\n<p>Gr\u00e0cies pel teu comprom\u00eds i per ajudar-nos a mantenir un entorn de treball \u00e8tic i segur per a tothom.<\/p>\n","protected":false},"excerpt":{"rendered":"<p>A trav\u00e9s d\u2019aquest canal, pots informar-nos de manera r\u00e0pida i senzilla sobre qualsevol conducta indeguda, ja sigui real o sospitosa, que pugui afectar la nostra empresa o el benestar de qui formem part d\u2019ella. Volem que et sentis protegit i valorat en tot moment. Et demanem que utilitzis aquest canal de manera responsable. No est\u00e0 [&hellip;]<\/p>\n","protected":false},"author":1,"featured_media":0,"parent":0,"menu_order":0,"comment_status":"closed","ping_status":"closed","template":"page-ethical-channel.php","meta":{"_acf_changed":false,"footnotes":""},"class_list":["post-9500","page","type-page","status-publish","hentry"],"acf":[],"yoast_head":"<!-- This site is optimized with the Yoast SEO plugin v26.7 - https:\/\/yoast.com\/wordpress\/plugins\/seo\/ -->\n<title>Canal \u00e8tic - UDON Asian Food<\/title>\n<meta name=\"description\" content=\"A trav\u00e9s d\u2019aquest canal, pots informar-nos de manera r\u00e0pida i senzilla sobre qualsevol conducta indeguda.\" \/>\n<meta name=\"robots\" content=\"index, follow, max-snippet:-1, max-image-preview:large, max-video-preview:-1\" \/>\n<link rel=\"canonical\" href=\"https:\/\/www.udon.com\/ca\/canal-etic\" \/>\n<meta property=\"og:locale\" content=\"ca_ES\" \/>\n<meta property=\"og:type\" content=\"article\" \/>\n<meta property=\"og:title\" content=\"Canal \u00e8tic - UDON Asian Food\" \/>\n<meta property=\"og:description\" content=\"A trav\u00e9s d\u2019aquest canal, pots informar-nos de manera r\u00e0pida i senzilla sobre qualsevol conducta indeguda.\" \/>\n<meta property=\"og:url\" content=\"https:\/\/www.udon.com\/ca\/canal-etic\" \/>\n<meta property=\"og:site_name\" content=\"UDON Asian Food\" \/>\n<meta property=\"article:modified_time\" content=\"2026-01-02T14:10:35+00:00\" \/>\n<meta name=\"twitter:card\" content=\"summary_large_image\" \/>\n<meta name=\"twitter:label1\" content=\"Temps estimat de lectura\" \/>\n\t<meta name=\"twitter:data1\" content=\"1 minut\" \/>\n<script type=\"application\/ld+json\" class=\"yoast-schema-graph\">{\"@context\":\"https:\/\/schema.org\",\"@graph\":[{\"@type\":\"WebPage\",\"@id\":\"https:\/\/www.udon.com\/ca\/canal-etic\",\"url\":\"https:\/\/www.udon.com\/ca\/canal-etic\",\"name\":\"Canal \u00e8tic - UDON Asian Food\",\"isPartOf\":{\"@id\":\"https:\/\/www.udon.com\/ca#website\"},\"datePublished\":\"2025-11-06T10:29:37+00:00\",\"dateModified\":\"2026-01-02T14:10:35+00:00\",\"description\":\"A trav\u00e9s d\u2019aquest canal, pots informar-nos de manera r\u00e0pida i senzilla sobre qualsevol conducta indeguda.\",\"breadcrumb\":{\"@id\":\"https:\/\/www.udon.com\/ca\/canal-etic#breadcrumb\"},\"inLanguage\":\"ca\",\"potentialAction\":[{\"@type\":\"ReadAction\",\"target\":[\"https:\/\/www.udon.com\/ca\/canal-etic\"]}]},{\"@type\":\"BreadcrumbList\",\"@id\":\"https:\/\/www.udon.com\/ca\/canal-etic#breadcrumb\",\"itemListElement\":[{\"@type\":\"ListItem\",\"position\":1,\"name\":\"Portada\",\"item\":\"https:\/\/www.udon.com\/ca\/\"},{\"@type\":\"ListItem\",\"position\":2,\"name\":\"Canal \u00e8tic\"}]},{\"@type\":\"WebSite\",\"@id\":\"https:\/\/www.udon.com\/ca#website\",\"url\":\"https:\/\/www.udon.com\/ca\",\"name\":\"UDON Asian Food\",\"description\":\"\",\"potentialAction\":[{\"@type\":\"SearchAction\",\"target\":{\"@type\":\"EntryPoint\",\"urlTemplate\":\"https:\/\/www.udon.com\/ca?s={search_term_string}\"},\"query-input\":{\"@type\":\"PropertyValueSpecification\",\"valueRequired\":true,\"valueName\":\"search_term_string\"}}],\"inLanguage\":\"ca\"}]}<\/script>\n<!-- \/ Yoast SEO plugin. -->","yoast_head_json":{"title":"Canal \u00e8tic - UDON Asian Food","description":"A trav\u00e9s d\u2019aquest canal, pots informar-nos de manera r\u00e0pida i senzilla sobre qualsevol conducta indeguda.","robots":{"index":"index","follow":"follow","max-snippet":"max-snippet:-1","max-image-preview":"max-image-preview:large","max-video-preview":"max-video-preview:-1"},"canonical":"https:\/\/www.udon.com\/ca\/canal-etic","og_locale":"ca_ES","og_type":"article","og_title":"Canal \u00e8tic - UDON Asian Food","og_description":"A trav\u00e9s d\u2019aquest canal, pots informar-nos de manera r\u00e0pida i senzilla sobre qualsevol conducta indeguda.","og_url":"https:\/\/www.udon.com\/ca\/canal-etic","og_site_name":"UDON Asian Food","article_modified_time":"2026-01-02T14:10:35+00:00","twitter_card":"summary_large_image","twitter_misc":{"Temps estimat de lectura":"1 minut"},"schema":{"@context":"https:\/\/schema.org","@graph":[{"@type":"WebPage","@id":"https:\/\/www.udon.com\/ca\/canal-etic","url":"https:\/\/www.udon.com\/ca\/canal-etic","name":"Canal \u00e8tic - UDON Asian Food","isPartOf":{"@id":"https:\/\/www.udon.com\/ca#website"},"datePublished":"2025-11-06T10:29:37+00:00","dateModified":"2026-01-02T14:10:35+00:00","description":"A trav\u00e9s d\u2019aquest canal, pots informar-nos de manera r\u00e0pida i senzilla sobre qualsevol conducta indeguda.","breadcrumb":{"@id":"https:\/\/www.udon.com\/ca\/canal-etic#breadcrumb"},"inLanguage":"ca","potentialAction":[{"@type":"ReadAction","target":["https:\/\/www.udon.com\/ca\/canal-etic"]}]},{"@type":"BreadcrumbList","@id":"https:\/\/www.udon.com\/ca\/canal-etic#breadcrumb","itemListElement":[{"@type":"ListItem","position":1,"name":"Portada","item":"https:\/\/www.udon.com\/ca\/"},{"@type":"ListItem","position":2,"name":"Canal \u00e8tic"}]},{"@type":"WebSite","@id":"https:\/\/www.udon.com\/ca#website","url":"https:\/\/www.udon.com\/ca","name":"UDON Asian Food","description":"","potentialAction":[{"@type":"SearchAction","target":{"@type":"EntryPoint","urlTemplate":"https:\/\/www.udon.com\/ca?s={search_term_string}"},"query-input":{"@type":"PropertyValueSpecification","valueRequired":true,"valueName":"search_term_string"}}],"inLanguage":"ca"}]}},"_links":{"self":[{"href":"https:\/\/www.udon.com\/ca\/wp-json\/wp\/v2\/pages\/9500","targetHints":{"allow":["GET"]}}],"collection":[{"href":"https:\/\/www.udon.com\/ca\/wp-json\/wp\/v2\/pages"}],"about":[{"href":"https:\/\/www.udon.com\/ca\/wp-json\/wp\/v2\/types\/page"}],"author":[{"embeddable":true,"href":"https:\/\/www.udon.com\/ca\/wp-json\/wp\/v2\/users\/1"}],"replies":[{"embeddable":true,"href":"https:\/\/www.udon.com\/ca\/wp-json\/wp\/v2\/comments?post=9500"}],"version-history":[{"count":5,"href":"https:\/\/www.udon.com\/ca\/wp-json\/wp\/v2\/pages\/9500\/revisions"}],"predecessor-version":[{"id":10061,"href":"https:\/\/www.udon.com\/ca\/wp-json\/wp\/v2\/pages\/9500\/revisions\/10061"}],"wp:attachment":[{"href":"https:\/\/www.udon.com\/ca\/wp-json\/wp\/v2\/media?parent=9500"}],"curies":[{"name":"wp","href":"https:\/\/api.w.org\/{rel}","templated":true}]}}