{"id":73027,"date":"2026-04-22T10:14:25","date_gmt":"2026-04-22T08:14:25","guid":{"rendered":"https:\/\/www.udon.com\/?page_id=73027"},"modified":"2026-04-23T14:42:22","modified_gmt":"2026-04-23T12:42:22","slug":"sant-jordi","status":"publish","type":"page","link":"https:\/\/www.udon.com\/ca\/sant-jordi","title":{"rendered":"Sant Jordi"},"content":{"rendered":"\n<div class=\"module--info-image bg-white w-full py-64 md:py-0\">\n  <div class=\"flex flex-col md:flex-row items-center gap-32 lg:gap-0 \">\n    <div class=\"flex flex-col justify-center items-centerX items-start gap-32 lg:gap-32pvw mw:gap-32 w-full md:w-1\/2 h-full px-24 lg:pl-128pvw mw:pl-128 lg:pr-104pvw mw:pr-104\">\n      <div class=\"w-full flex flex-col gap-32 lg:gap-32pvw mw:gap-32 max-w-549 lg:max-w-549pvw mw:max-w-549 md:my-64 lg:my-104pvw mw:my-104 lg:ml-auto\">\n        <h2 class=\"w-full font-thin text-32\/36 lg:text-64pvw\/80pvw mw:text-64\/80 uppercase\">Sant Jordi i el drac s&#8217;haurien posat d&#8217;acord<\/h2><div><p class=\"w-full max-w-604 lg:max-w-604pvw mw:max-w-604 font-light text-20\/24 lg:text-20pvw\/24pvw mw:text-20\/24 pb-16 lg:pb-16pvw mw:pb-16 last-of-type:pb-0\">Sant Jordi i el drac no podrien ser m\u00e9s diferents. Un era l\u2019heroi i l\u2019altre, la llegenda.<\/p>\n<p class=\"w-full max-w-604 lg:max-w-604pvw mw:max-w-604 font-light text-20\/24 lg:text-20pvw\/24pvw mw:text-20\/24 pb-16 lg:pb-16pvw mw:pb-16 last-of-type:pb-0\">Per\u00f2 si alguna cosa sabem \u00e9s que fins i tot els m\u00e9s diferents poden coincidir en alguna cosa. Com en un bol de <a class=\"w-full max-w-604 lg:max-w-604pvw mw:max-w-604 font-light text-20\/24 lg:text-20pvw\/24pvw mw:text-20\/24 pb-16 lg:pb-16pvw mw:pb-16 last-of-type:pb-0 underline\" href=\"https:\/\/www.udon.com\/ca\/carta\/noodles-brou\" target=\"_blank\" rel=\"noopener\"><strong class=\"font-bold\">ramen<\/strong><\/a> o uns <a class=\"w-full max-w-604 lg:max-w-604pvw mw:max-w-604 font-light text-20\/24 lg:text-20pvw\/24pvw mw:text-20\/24 pb-16 lg:pb-16pvw mw:pb-16 last-of-type:pb-0 underline\" href=\"https:\/\/www.udon.com\/ca\/carta\/noodles-saltats\" target=\"_blank\" rel=\"noopener\"><strong class=\"font-bold\">yakisoba<\/strong><\/a>, en aix\u00f2 segur que es posarien d\u2019acord.<\/p>\n<p class=\"w-full max-w-604 lg:max-w-604pvw mw:max-w-604 font-light text-20\/24 lg:text-20pvw\/24pvw mw:text-20\/24 pb-16 lg:pb-16pvw mw:pb-16 last-of-type:pb-0\">Per aix\u00f2, del 22 al 23 d&#8217;abril demana la combinaci\u00f3 d\u2019un plat de ramen amb un de yakisoba i acumula el doble de punts*.<\/p>\n<p class=\"w-full max-w-604 lg:max-w-604pvw mw:max-w-604 font-light text-20\/24 lg:text-20pvw\/24pvw mw:text-20\/24 pb-16 lg:pb-16pvw mw:pb-16 last-of-type:pb-0\"><strong class=\"font-bold\">Com funciona?<\/strong><\/p>\n<p class=\"w-full max-w-604 lg:max-w-604pvw mw:max-w-604 font-light text-20\/24 lg:text-20pvw\/24pvw mw:text-20\/24 pb-16 lg:pb-16pvw mw:pb-16 last-of-type:pb-0\">Fes-te UDON Lover o identifica\u2019t als QR d\u2019autocomanda o a caixa. I per cada 1 \u20ac que gastis amb la combinaci\u00f3 d&#8217;un plat de ramen i un de yakisoba, aconsegueix 6 punts (el doble de l\u2019habitual; pots consultar tota la informaci\u00f3 del programa UDON Lovers <a class=\"w-full max-w-604 lg:max-w-604pvw mw:max-w-604 font-light text-20\/24 lg:text-20pvw\/24pvw mw:text-20\/24 pb-16 lg:pb-16pvw mw:pb-16 last-of-type:pb-0 underline\" href=\"https:\/\/www.udon.com\/ca\/lovers\"><strong class=\"font-bold\">aqu\u00ed<\/strong><\/a>).<\/p>\n<p class=\"w-full max-w-604 lg:max-w-604pvw mw:max-w-604 font-light text-20\/24 lg:text-20pvw\/24pvw mw:text-20\/24 pb-16 lg:pb-16pvw mw:pb-16 last-of-type:pb-0\">Cada 100 punts = 1 \u20ac de descompte en la teva pr\u00f2xima visita.<\/p>\n<p class=\"w-full max-w-604 lg:max-w-604pvw mw:max-w-604 font-light text-20\/24 lg:text-20pvw\/24pvw mw:text-20\/24 pb-16 lg:pb-16pvw mw:pb-16 last-of-type:pb-0\"><em>\u00a0<\/em><\/p>\n<p class=\"w-full max-w-604 lg:max-w-604pvw mw:max-w-604 font-light text-20\/24 lg:text-20pvw\/24pvw mw:text-20\/24 pb-16 lg:pb-16pvw mw:pb-16 last-of-type:pb-0\"><em>*Promoci\u00f3 nom\u00e9s disponible a UDON Andorra, UDON Arenas, UDON Born, UDON Diagonal Mar, UDON Finestrelles, UDON Girona, UDON Gl\u00f2ries, UDON Gran Via 2, UDON Granollers, UDON L\u2019Illa, UDON Lleida, UDON Maquinista, UDON Maremagnum, UDON Matar\u00f3 Parc, UDON Parc Central, UDON Parc Vall\u00e8s, UDON Splau, UDON Tibidabo, UDON Via Sabadell i UDON Vic.<\/em><\/p>\n<a href=\"#revo-form\" title=\"FES-TE UDON LOVER\" class=\"hover-btn-ripple ripple-border-white btn-goto-section uppercase text-center text-20\/24 lg:text-20pvw\/24pvw mw:text-20\/24 text-white bg-black py-12 lg:py-12pvw mw:py-12 px-16 lg:px-16pvw mw:px-16 mt-16 lg:mt-32pvw mw:mt-32 mb-40 lg:mb-0 block lg:w-fit\"><span class=\"uppercase text-center text-16\/20 lg:text-16pvw\/20pvw mw:text-16\/20 text-white pointer-events-none\">FES-TE UDON LOVER<\/span><\/a><\/div>      <\/div>\n    <\/div>\n        <picture class=\"block w-full md:w-1\/2\">\n      <source media=\"(min-width: 768px)\" srcset=\"https:\/\/www.udon.com\/wp-content\/uploads\/2026\/04\/UDON_STJORDI.jpg, https:\/\/www.udon.com\/wp-content\/uploads\/2026\/04\/UDON_STJORDI.jpg 2x\">\n      <img decoding=\"async\" class=\"block w-full object-cover\" alt=\"\" src=\"https:\/\/www.udon.com\/wp-content\/uploads\/2026\/04\/UDON_STJORDI.jpg\" srcset=\"https:\/\/www.udon.com\/wp-content\/uploads\/2026\/04\/UDON_STJORDI.jpg 2x\">\n    <\/picture>\n      <\/div>\n<\/div>\n\n\n\n\n<div id=\"revo-form\" class=\"module--revo-intouch bg-off-white w-full mb-20 lg:mb-48pvw mw:mb-48 py-80 lg:py-104pvw mw:py-104\">\n  <div class=\"w-full max-w-mw mx-auto px-24 lg:px-128pvw mw:px-128\">\n    <h2 id=\"revo-intouch-register-title\" class=\"font-thin text-center text-balance text-32\/36 lg:text-104pvw\/104pvw mw:text-104\/104 mb-32 lg:mb-32pvw mw:mb-32\">Fes-te UDON Lover<\/h2><div id=\"revo-intouch-register-info\"><p class=\"w-full max-w-680 lg:max-w-680pvw mw:max-w-680 mx-auto text-black text-16\/20 lg:text-16pvw\/20pvw mw:text-16\/20 text-center text-balance\">Uneix-te al club dels amants del millor menjar asi\u00e0tic i guanya el doble de punts al combinar un plat de ramen i un de yakisoba*.<\/p>\n<\/div>    <div id=\"revo-intouch-register-container\">\n\n      <form id=\"revo-intouch-register\" class=\"form--style w-full pt-64 lg:pt-64pvw mw:pt-64\" action=\"#\" method=\"post\" aria-label=\"Formulario de registro a Revo inTouch\" novalidate=\"novalidate\">\n\n        <div class=\"form--style-cols\">\n          <div class=\"border-form\">\n            <span class=\"wpcf7-form-control-wrap\" data-name=\"f-name\"><input size=\"40\" maxlength=\"400\" class=\"wpcf7-form-control wpcf7-text wpcf7-validates-as-required\" id=\"f-name\" aria-required=\"true\" aria-invalid=\"false\" placeholder=\"Nom*\" value=\"\" type=\"text\" name=\"f-name\" required><\/span>\n          <\/div>\n          <div class=\"border-form\">\n            <span class=\"wpcf7-form-control-wrap\" data-name=\"f-surname\"><input size=\"40\" maxlength=\"400\" class=\"wpcf7-form-control wpcf7-text wpcf7-validates-as-required\" id=\"f-surname\" aria-required=\"true\" aria-invalid=\"false\" placeholder=\"Cognom*\" value=\"\" type=\"text\" name=\"f-surname\"><\/span>\n          <\/div>\n          <div class=\"border-form\">\n            <span class=\"wpcf7-form-control-wrap\" data-name=\"f-email\"><input size=\"40\" maxlength=\"400\" class=\"wpcf7-form-control wpcf7-email wpcf7-validates-as-required wpcf7-text wpcf7-validates-as-email\" id=\"f-email\" aria-required=\"true\" aria-invalid=\"false\" placeholder=\"Email*\" value=\"\" type=\"email\" name=\"f-email\"><\/span>\n          <\/div>\n                    <div class=\"border-form\">\n            <span class=\"wpcf7-form-control-wrap\" data-name=\"f-phone\">\n              <input size=\"40\" maxlength=\"400\" class=\"wpcf7-form-control wpcf7-tel wpcf7-validates-as-required wpcf7-text wpcf7-validates-as-tel\" id=\"f-phone\" aria-invalid=\"false\" placeholder=\"Tel\u00e8fon\" value=\"\" type=\"tel\" name=\"f-phone\">\n              <input type=\"hidden\" name=\"f-phone-full\" id=\"f-phone-full\">\n            <\/span>\n          <\/div>\n          <div class=\"border-form\">\n            <span class=\"wpcf7-form-control-wrap\" data-name=\"f-birthday\">\n              <div class=\"flex gap-8\">\n                <label for=\"f-bday\" class=\"pr-16 font-normal text-16\/20 lg:text-16pvw\/20pvw mw:text-16\/20 text-gray\">Data de naixement<\/label>\n                <input size=\"2\" maxlength=\"2\" class=\"wpcf7-form-control wpcf7-text -bday-sm\" id=\"f-bday\" aria-invalid=\"false\" placeholder=\"DD\" value=\"\" type=\"text\" name=\"f-bday\" pattern=\"\\d{1,2}\" inputmode=\"numeric\">\n                <span class=\"pr-8 font-normal text-16\/20 lg:text-16pvw\/20pvw mw:text-16\/20 text-gray\">\/<\/span>\n                <input size=\"2\" maxlength=\"2\" class=\"wpcf7-form-control wpcf7-text -bday-sm\" id=\"f-bmonth\" aria-invalid=\"false\" placeholder=\"MM\" value=\"\" type=\"text\" name=\"f-bmonth\" pattern=\"\\d{1,2}\" inputmode=\"numeric\">\n                <span class=\"pr-8 font-normal text-16\/20 lg:text-16pvw\/20pvw mw:text-16\/20 text-gray\">\/<\/span>\n                <input size=\"4\" maxlength=\"4\" class=\"wpcf7-form-control wpcf7-text -bday-lg\" id=\"f-byear\" aria-invalid=\"false\" placeholder=\"AAAA\" value=\"\" type=\"text\" name=\"f-byear\" pattern=\"\\d{4}\" inputmode=\"numeric\">\n              <\/div>\n            <\/span>\n          <\/div>\n        <\/div>\n        <p class=\"data-info\">Les dades facilitades seran tractades per UDON per possibilitar la seva inscripci\u00f3 i pertinen\u00e7a al programa de fidelitzaci\u00f3 UDON Lovers, sobre la base del seu consentiment. Les seves dades poden ser comunicades als restaurants UDON franquiciats en el marc de la gesti\u00f3 del programa. Per ampliar la informaci\u00f3 facilitada o per exercir els drets que la llei li atorga (acc\u00e9s, rectificaci\u00f3, supressi\u00f3, limitaci\u00f3 i oposici\u00f3), pot accedir a la <a href=\"https:\/\/www.udon.com\/ca\/politica-privacitat\">Pol\u00edtica de Privacitat<\/a> d\u2019UDON Lovers.\n<\/p><div class=\"form--style-chkbx mt-24 lg:mt-32pvw mw:mt-32 mb-16 lg:mb-16pvw mw:mb-16\">  <span class=\"wpcf7-form-control-wrap\" data-name=\"f-marketing\"><span class=\"wpcf7-form-control\"><span class=\"wpcf7-list-item\"><label><input type=\"checkbox\" id=\"f-marketing\" name=\"f-marketing\" value=\"1\"><span>Accepto rebre comunicacions de m\u00e0rqueting.\n<\/span><\/label><\/span><\/span><\/span><\/div>      \n        <div class=\"form--style-chkbx mb-24 lg:mb-32pvw mw:mb-32\">\n          <span class=\"wpcf7-form-control-wrap\" data-name=\"f-acceptance\"><span class=\"wpcf7-form-control wpcf7-acceptance\"><span class=\"wpcf7-list-item\"><label><input type=\"checkbox\" id=\"f-acceptance\" name=\"f-acceptance\" value=\"1\"><span>He llegit i accepto la <a href=\"https:\/\/www.udon.com\/ca\/politica-privacitat\">Pol\u00edtica de Privacitat<\/a>.\n<\/span><\/label><\/span><\/span><\/span>\n        <\/div>\n\n        <div class=\"w-full relative\">\n          <input class=\"wpcf7-form-control wpcf7-submit has-spinner !cursor-not-allowed opacity-50 uppercase\" type=\"submit\" value=\"Enviar\" disabled>\n          <span id=\"revo-intouch-register-loader\" class=\"wpcf7-spinner\"><\/span>\n        <\/div>\n        <div class=\"wpcf7-response-output\" aria-hidden=\"true\"><\/div>\n      <\/form>\n    <\/div>\n\n  <\/div>\n<\/div>\n\n\n\n<div id=\"wallet-element\" class=\"module--info-image-links bg-white w-full mb-20 lg:mb-48pvw mw:mb-48\">\n  <div class=\"flex flex-col md:flex-row items-center gap-32 lg:gap-0 w-full max-w-mw mx-auto\">\n    <div class=\"flex flex-col justify-center items-start gap-32 lg:gap-32pvw mw:gap-32 w-full md:w-1\/2 px-24 lg:pl-128pvw mw:pl-128 lg:pr-104pvw mw:pr-104\">\n      <div class=\"w-full flex flex-col gap-32 lg:gap-32pvw mw:gap-32 md:my-64 lg:my-104pvw mw:my-104 lg:ml-auto\">\n        <h2 class=\"w-full font-thin text-32\/36 lg:text-64pvw\/80pvw mw:text-64\/80 uppercase\">ELS TEUS PUNTS<br \/>\r\nSEMPRE A M\u00c0<\/h2><div><p class=\"w-full max-w-604 lg:max-w-604pvw mw:max-w-604 font-light text-20\/24 lg:text-20pvw\/24pvw mw:text-20\/24 pb-16 lg:pb-16pvw mw:pb-16 last-of-type:pb-0\">Si ja ets UDON Lover, descarrega l\u2019UDON Wallet Pass al teu m\u00f2bil.<\/p>\n<\/div><div class=\"w-full flex flex-col md:flex-row gap-32 lg:gap-32pvw mw:gap-32\"><a href=\"https:\/\/lovers.udon.com\" class=\"block w-full max-w-184 lg:max-w-184pvw mw:max-w-184\" target=\"_blank\" rel=\"noopener\"><img decoding=\"async\" src=\"https:\/\/www.udon.com\/wp-content\/uploads\/2026\/03\/logo-apple-wallet-CAT-1.png\" alt=\"\" class=\"block w-fit\"><\/a><a href=\"https:\/\/lovers.udon.com\" class=\"block w-full max-w-184 lg:max-w-184pvw mw:max-w-184\" target=\"_blank\" rel=\"noopener\"><img decoding=\"async\" src=\"https:\/\/www.udon.com\/wp-content\/uploads\/2026\/03\/logo-google-wallet-cat.png\" alt=\"\" class=\"block w-fit\"><\/a><\/div>      <\/div>\n    <\/div>\n        <picture class=\"block w-full md:w-1\/2\">\n      <source media=\"(min-width: 768px)\" srcset=\"https:\/\/www.udon.com\/wp-content\/uploads\/2026\/02\/wallet-img@2x.jpg, https:\/\/www.udon.com\/wp-content\/uploads\/2026\/02\/wallet-img@2x.jpg 2x\">\n      <img decoding=\"async\" class=\"block w-full object-cover\" alt=\"\" src=\"https:\/\/www.udon.com\/wp-content\/uploads\/2026\/02\/wallet-img@2x.jpg\" srcset=\"https:\/\/www.udon.com\/wp-content\/uploads\/2026\/02\/wallet-img@2x.jpg 2x\">\n    <\/picture>\n      <\/div>\n<\/div>\n\n\n\n<div class=\"module--title-buttons relative  flex items-center justify-center w-full min-h-100dvh md:min-h-700 overflow-hidden \">\n    <div class=\"absolute z-0 inset-0 w-full\">\n        <picture class=\"relative block w-full h-full\">\n      <source media=\"(min-width: 768px)\" srcset=\"https:\/\/www.udon.com\/wp-content\/uploads\/2025\/12\/udon-lovers-1.jpg, https:\/\/www.udon.com\/wp-content\/uploads\/2025\/12\/udon-lovers-1.jpg 2x\">\n      <img decoding=\"async\" class=\"block w-full h-full object-cover object-center z-1\" alt=\"UDON Lovers\" src=\"https:\/\/www.udon.com\/wp-content\/uploads\/2025\/12\/udon-lovers-mobile-2.jpg\" srcset=\"https:\/\/www.udon.com\/wp-content\/uploads\/2025\/12\/udon-lovers-mobile-2.jpg 2x\">\n    <\/picture>\n    <span class=\"absolute inset-0 bg-gradient-to-t from-black\/30 to-transparent\"><\/span>\n  <\/div>\n  \n  <div class=\"relative z-1 flex flex-col justify-center gap-32 lg:gap-32pvw mw:gap-32 w-full px-24 lg:px-128pvw mw:px-128 my-80 lg:my-104pvw mw:my-104\">\n    <div class=\"w-full max-w-878 lg:max-w-878pvw mw:max-w-878 mx-auto\">\n      <h2 class=\"w-full text-white text-32\/36 lg:text-104pvw\/104pvw mw:text-104\/104 text-center text-balance font-thin\">Restaurants UDON<\/h2>    <\/div>\n    <p class=\"w-full max-w-680 lg:max-w-680pvw mw:max-w-680 mx-auto text-white text-16\/20 lg:text-16pvw\/20pvw mw:text-16\/20 text-center text-balance\">Troba el teu restaurant UDON m\u00e9s proper<\/p>\n    <ul class=\"w-full px-16 lg:px-0 flex flex-col justify-center items-center gap-40 lg:gap-64pvw mw:gap-64\">\n          <li class=\"w-full flex flex-col items-center\">\n        <a href=\"\/ca\/restaurants\" title=\"Veure tots els restaurants\" class=\"hover-btn-ripple flex justify-center items-center w-full lg:w-auto lg:min-w-300pvw mw:min-w-300 p-18 lg:p-18pvw mw:p-18 border-1 border-solid border-black bg-black\"><span class=\"text-16\/20 lg:text-16pvw\/16pvw mw:text-16\/20 text-white uppercase\">Veure tots els restaurants<\/span><\/a>      <\/li>\n          <\/ul>\n      <\/div>\n\n<\/div>\n","protected":false},"excerpt":{"rendered":"","protected":false},"author":2,"featured_media":0,"parent":0,"menu_order":0,"comment_status":"closed","ping_status":"closed","template":"","meta":{"_acf_changed":false,"footnotes":""},"class_list":["post-73027","page","type-page","status-publish","hentry"],"acf":[],"yoast_head":"<!-- This site is optimized with the Yoast SEO plugin v26.7 - https:\/\/yoast.com\/wordpress\/plugins\/seo\/ -->\n<title>Sant Jordi - UDON Asian Food<\/title>\n<meta name=\"robots\" content=\"index, follow, max-snippet:-1, max-image-preview:large, max-video-preview:-1\" \/>\n<link rel=\"canonical\" href=\"https:\/\/www.udon.com\/ca\/sant-jordi\" \/>\n<meta property=\"og:locale\" content=\"ca_ES\" \/>\n<meta property=\"og:type\" content=\"article\" \/>\n<meta property=\"og:title\" content=\"Sant Jordi - UDON Asian Food\" \/>\n<meta property=\"og:url\" content=\"https:\/\/www.udon.com\/ca\/sant-jordi\" \/>\n<meta property=\"og:site_name\" content=\"UDON Asian Food\" \/>\n<meta property=\"article:modified_time\" content=\"2026-04-23T12:42:22+00:00\" \/>\n<meta name=\"twitter:card\" content=\"summary_large_image\" \/>\n<script type=\"application\/ld+json\" class=\"yoast-schema-graph\">{\"@context\":\"https:\/\/schema.org\",\"@graph\":[{\"@type\":\"WebPage\",\"@id\":\"https:\/\/www.udon.com\/ca\/sant-jordi\",\"url\":\"https:\/\/www.udon.com\/ca\/sant-jordi\",\"name\":\"Sant Jordi - UDON Asian Food\",\"isPartOf\":{\"@id\":\"https:\/\/www.udon.com\/ca#website\"},\"datePublished\":\"2026-04-22T08:14:25+00:00\",\"dateModified\":\"2026-04-23T12:42:22+00:00\",\"breadcrumb\":{\"@id\":\"https:\/\/www.udon.com\/ca\/sant-jordi#breadcrumb\"},\"inLanguage\":\"ca\",\"potentialAction\":[{\"@type\":\"ReadAction\",\"target\":[\"https:\/\/www.udon.com\/ca\/sant-jordi\"]}]},{\"@type\":\"BreadcrumbList\",\"@id\":\"https:\/\/www.udon.com\/ca\/sant-jordi#breadcrumb\",\"itemListElement\":[{\"@type\":\"ListItem\",\"position\":1,\"name\":\"Portada\",\"item\":\"https:\/\/www.udon.com\/ca\/\"},{\"@type\":\"ListItem\",\"position\":2,\"name\":\"Sant Jordi\"}]},{\"@type\":\"WebSite\",\"@id\":\"https:\/\/www.udon.com\/ca#website\",\"url\":\"https:\/\/www.udon.com\/ca\",\"name\":\"UDON Asian Food\",\"description\":\"\",\"potentialAction\":[{\"@type\":\"SearchAction\",\"target\":{\"@type\":\"EntryPoint\",\"urlTemplate\":\"https:\/\/www.udon.com\/ca?s={search_term_string}\"},\"query-input\":{\"@type\":\"PropertyValueSpecification\",\"valueRequired\":true,\"valueName\":\"search_term_string\"}}],\"inLanguage\":\"ca\"}]}<\/script>\n<!-- \/ Yoast SEO plugin. -->","yoast_head_json":{"title":"Sant Jordi - UDON Asian Food","robots":{"index":"index","follow":"follow","max-snippet":"max-snippet:-1","max-image-preview":"max-image-preview:large","max-video-preview":"max-video-preview:-1"},"canonical":"https:\/\/www.udon.com\/ca\/sant-jordi","og_locale":"ca_ES","og_type":"article","og_title":"Sant Jordi - UDON Asian Food","og_url":"https:\/\/www.udon.com\/ca\/sant-jordi","og_site_name":"UDON Asian Food","article_modified_time":"2026-04-23T12:42:22+00:00","twitter_card":"summary_large_image","schema":{"@context":"https:\/\/schema.org","@graph":[{"@type":"WebPage","@id":"https:\/\/www.udon.com\/ca\/sant-jordi","url":"https:\/\/www.udon.com\/ca\/sant-jordi","name":"Sant Jordi - UDON Asian Food","isPartOf":{"@id":"https:\/\/www.udon.com\/ca#website"},"datePublished":"2026-04-22T08:14:25+00:00","dateModified":"2026-04-23T12:42:22+00:00","breadcrumb":{"@id":"https:\/\/www.udon.com\/ca\/sant-jordi#breadcrumb"},"inLanguage":"ca","potentialAction":[{"@type":"ReadAction","target":["https:\/\/www.udon.com\/ca\/sant-jordi"]}]},{"@type":"BreadcrumbList","@id":"https:\/\/www.udon.com\/ca\/sant-jordi#breadcrumb","itemListElement":[{"@type":"ListItem","position":1,"name":"Portada","item":"https:\/\/www.udon.com\/ca\/"},{"@type":"ListItem","position":2,"name":"Sant Jordi"}]},{"@type":"WebSite","@id":"https:\/\/www.udon.com\/ca#website","url":"https:\/\/www.udon.com\/ca","name":"UDON Asian Food","description":"","potentialAction":[{"@type":"SearchAction","target":{"@type":"EntryPoint","urlTemplate":"https:\/\/www.udon.com\/ca?s={search_term_string}"},"query-input":{"@type":"PropertyValueSpecification","valueRequired":true,"valueName":"search_term_string"}}],"inLanguage":"ca"}]}},"_links":{"self":[{"href":"https:\/\/www.udon.com\/ca\/wp-json\/wp\/v2\/pages\/73027","targetHints":{"allow":["GET"]}}],"collection":[{"href":"https:\/\/www.udon.com\/ca\/wp-json\/wp\/v2\/pages"}],"about":[{"href":"https:\/\/www.udon.com\/ca\/wp-json\/wp\/v2\/types\/page"}],"author":[{"embeddable":true,"href":"https:\/\/www.udon.com\/ca\/wp-json\/wp\/v2\/users\/2"}],"replies":[{"embeddable":true,"href":"https:\/\/www.udon.com\/ca\/wp-json\/wp\/v2\/comments?post=73027"}],"version-history":[{"count":14,"href":"https:\/\/www.udon.com\/ca\/wp-json\/wp\/v2\/pages\/73027\/revisions"}],"predecessor-version":[{"id":73111,"href":"https:\/\/www.udon.com\/ca\/wp-json\/wp\/v2\/pages\/73027\/revisions\/73111"}],"wp:attachment":[{"href":"https:\/\/www.udon.com\/ca\/wp-json\/wp\/v2\/media?parent=73027"}],"curies":[{"name":"wp","href":"https:\/\/api.w.org\/{rel}","templated":true}]}}