{"id":71497,"date":"2026-02-17T12:17:03","date_gmt":"2026-02-17T11:17:03","guid":{"rendered":"https:\/\/www.udon.com\/?page_id=71497"},"modified":"2026-03-05T15:05:20","modified_gmt":"2026-03-05T14:05:20","slug":"promocio-tibidabo","status":"publish","type":"page","link":"https:\/\/www.udon.com\/ca\/promocio-tibidabo","title":{"rendered":"Promoci\u00f3 Tibidabo"},"content":{"rendered":"\n<div class=\"module--title-info-list-media w-full pt-80 lg:pt-104pvw mw:pt-104 py-56 lg:py-104pvw mw:py-104 bg-white\">\n\n  <div class=\"w-full max-w-mw mx-auto px-24 lg:px-128pvw mw:px-128\">\n    \n    <ul>\n            <li>\n\n        <div class=\"flex flex-col lg:flex-row lg:justify-between gap-40 lg:gap-104pvw mw:gap-104\">\n          <div class=\"lg:max-w-488pvw mw:max-w-488\">\n            <h2 class=\"pb-32 lg:pb-32pvw mw:pb-32 flex justify-between items-center w-full cursor-pointer\"><span class=\"text-32\/36 lg:text-64pvw\/68pvw mw:text-64\/68 font-thin uppercase\">10% de descompte al Men\u00fa Midday d&#8217;UDON Tibidabo<\/span><\/h2>\n\n            <p class=\"w-full pb-40 lg:pb-32pvw mw:pb-32 text-20\/24 lg:text-20pvw\/24pvw mw:text-20\/24 font-light\">Emporta&#8217;t un 10% de descompte per al Men\u00fa Midday a UDON Tibidabo.<\/p>\n<p class=\"w-full pb-40 lg:pb-32pvw mw:pb-32 text-20\/24 lg:text-20pvw\/24pvw mw:text-20\/24 font-light\"><strong class=\"font-bold\">Com funciona?<\/strong><\/p>\n<p class=\"w-full pb-40 lg:pb-32pvw mw:pb-32 text-20\/24 lg:text-20pvw\/24pvw mw:text-20\/24 font-light\">Fes-te UDON Lover i descarrega&#8217;t el Wallet Pass<\/p>\n<p class=\"w-full pb-40 lg:pb-32pvw mw:pb-32 text-20\/24 lg:text-20pvw\/24pvw mw:text-20\/24 font-light\">Vine a <a class=\"w-full pb-40 lg:pb-32pvw mw:pb-32 text-20\/24 lg:text-20pvw\/24pvw mw:text-20\/24 font-light underline\" href=\"https:\/\/maps.app.goo.gl\/zUNedFnjkfW9wxi59\" target=\"_blank\" rel=\"noopener\"><strong class=\"font-bold\">UDON Tibidabo<\/strong><\/a> i mostra el teu carnet d&#8217;estudiant<\/p>\n<p class=\"w-full pb-40 lg:pb-32pvw mw:pb-32 text-20\/24 lg:text-20pvw\/24pvw mw:text-20\/24 font-light\">Gaudeix i estalvia un -10% al teu Men\u00fa Midday*<\/p>\n<p class=\"w-full pb-40 lg:pb-32pvw mw:pb-32 text-20\/24 lg:text-20pvw\/24pvw mw:text-20\/24 font-light\">&nbsp;<\/p>\n<p class=\"w-full pb-40 lg:pb-32pvw mw:pb-32 text-20\/24 lg:text-20pvw\/24pvw mw:text-20\/24 font-light\"><em>*De dilluns a divendres, entre les 13h i les 16h.<\/em><\/p>\n<a href=\"#revo-form\" title=\"FES-TE UDON LOVER\" class=\"hover-btn-ripple ripple-border-white btn-goto-section uppercase text-center text-20\/24 lg:text-20pvw\/24pvw mw:text-20\/24 text-white bg-black py-12 lg:py-12pvw mw:py-12 px-16 lg:px-16pvw mw:px-16 mt-40 lg:mt-40pvw mw:mt-40 block w-full lg:max-w-300pvw mw:max-w-300\"><span class=\"uppercase text-center text-16\/20 lg:text-16pvw\/20pvw mw:text-16\/20 text-white pointer-events-none\">FES-TE UDON LOVER<\/span><\/a>          <\/div>\n          <div>\n                      <\/div>      \n        <\/div>\n        \n      <\/li>\n    <\/ul>\n    \n  <\/div>\n\n<\/div>\n\n\n<div id=\"revo-form\" class=\"module--revo-intouch bg-off-white w-full mt-80 lg:mt-104pvw mw:mt-104 py-80 lg:py-104pvw mw:py-104\">\n  <div class=\"w-full max-w-mw mx-auto px-24 lg:px-128pvw mw:px-128\">\n    <h2 id=\"revo-intouch-register-title\" class=\"font-thin text-center text-balance text-32\/36 lg:text-104pvw\/104pvw mw:text-104\/104 mb-32 lg:mb-32pvw mw:mb-32\">Fes-te UDON Lover<\/h2><div id=\"revo-intouch-register-info\"><p class=\"w-full max-w-680 lg:max-w-680pvw mw:max-w-680 mx-auto text-black text-16\/20 lg:text-16pvw\/20pvw mw:text-16\/20 text-center text-balance\">Uneix-te al club dels amants del millor menjar asi\u00e0tic i gaudeix d&#8217;un 10% de descompte amb el teu Carnet d&#8217;Estudiant a UDON Tibidabo.<\/p>\n<\/div>    <div id=\"revo-intouch-register-container\">\n\n      <form id=\"revo-intouch-register\" class=\"form--style w-full pt-64 lg:pt-64pvw mw:pt-64\" action=\"#\" method=\"post\" aria-label=\"Formulario de registro a Revo inTouch\" novalidate=\"novalidate\">\n\n        <div class=\"form--style-cols\">\n          <div class=\"border-form\">\n            <span class=\"wpcf7-form-control-wrap\" data-name=\"f-name\"><input size=\"40\" maxlength=\"400\" class=\"wpcf7-form-control wpcf7-text wpcf7-validates-as-required\" id=\"f-name\" aria-required=\"true\" aria-invalid=\"false\" placeholder=\"Nom*\" value=\"\" type=\"text\" name=\"f-name\" required><\/span>\n          <\/div>\n          <div class=\"border-form\">\n            <span class=\"wpcf7-form-control-wrap\" data-name=\"f-surname\"><input size=\"40\" maxlength=\"400\" class=\"wpcf7-form-control wpcf7-text wpcf7-validates-as-required\" id=\"f-surname\" aria-required=\"true\" aria-invalid=\"false\" placeholder=\"Cognom*\" value=\"\" type=\"text\" name=\"f-surname\"><\/span>\n          <\/div>\n          <div class=\"border-form\">\n            <span class=\"wpcf7-form-control-wrap\" data-name=\"f-email\"><input size=\"40\" maxlength=\"400\" class=\"wpcf7-form-control wpcf7-email wpcf7-validates-as-required wpcf7-text wpcf7-validates-as-email\" id=\"f-email\" aria-required=\"true\" aria-invalid=\"false\" placeholder=\"Email*\" value=\"\" type=\"email\" name=\"f-email\"><\/span>\n          <\/div>\n                    <div class=\"border-form\">\n            <span class=\"wpcf7-form-control-wrap\" data-name=\"f-phone\">\n              <input size=\"40\" maxlength=\"400\" class=\"wpcf7-form-control wpcf7-tel wpcf7-validates-as-required wpcf7-text wpcf7-validates-as-tel\" id=\"f-phone\" aria-invalid=\"false\" placeholder=\"Tel\u00e8fon\" value=\"\" type=\"tel\" name=\"f-phone\">\n              <input type=\"hidden\" name=\"f-phone-full\" id=\"f-phone-full\">\n            <\/span>\n          <\/div>\n          <div class=\"border-form\">\n            <span class=\"wpcf7-form-control-wrap\" data-name=\"f-birthday\">\n              <div class=\"flex gap-8\">\n                <label for=\"f-bday\" class=\"pr-16 font-normal text-16\/20 lg:text-16pvw\/20pvw mw:text-16\/20 text-gray\">Data de naixement<\/label>\n                <input size=\"2\" maxlength=\"2\" class=\"wpcf7-form-control wpcf7-text -bday-sm\" id=\"f-bday\" aria-invalid=\"false\" placeholder=\"DD\" value=\"\" type=\"text\" name=\"f-bday\" pattern=\"\\d{1,2}\" inputmode=\"numeric\">\n                <span class=\"pr-8 font-normal text-16\/20 lg:text-16pvw\/20pvw mw:text-16\/20 text-gray\">\/<\/span>\n                <input size=\"2\" maxlength=\"2\" class=\"wpcf7-form-control wpcf7-text -bday-sm\" id=\"f-bmonth\" aria-invalid=\"false\" placeholder=\"MM\" value=\"\" type=\"text\" name=\"f-bmonth\" pattern=\"\\d{1,2}\" inputmode=\"numeric\">\n                <span class=\"pr-8 font-normal text-16\/20 lg:text-16pvw\/20pvw mw:text-16\/20 text-gray\">\/<\/span>\n                <input size=\"4\" maxlength=\"4\" class=\"wpcf7-form-control wpcf7-text -bday-lg\" id=\"f-byear\" aria-invalid=\"false\" placeholder=\"AAAA\" value=\"\" type=\"text\" name=\"f-byear\" pattern=\"\\d{4}\" inputmode=\"numeric\">\n              <\/div>\n            <\/span>\n          <\/div>\n        <\/div>\n        <p class=\"data-info\">Les dades facilitades seran tractades per UDON per possibilitar la seva inscripci\u00f3 i pertinen\u00e7a al programa de fidelitzaci\u00f3 UDON Lovers, sobre la base del seu consentiment. Les seves dades poden ser comunicades als restaurants UDON franquiciats en el marc de la gesti\u00f3 del programa. Per ampliar la informaci\u00f3 facilitada o per exercir els drets que la llei li atorga (acc\u00e9s, rectificaci\u00f3, supressi\u00f3, limitaci\u00f3 i oposici\u00f3), pot accedir a la <a href=\"https:\/\/www.udon.com\/ca\/politica-privacitat\">Pol\u00edtica de Privacitat<\/a> d\u2019UDON Lovers.\n<\/p><div class=\"form--style-chkbx mt-24 lg:mt-32pvw mw:mt-32 mb-16 lg:mb-16pvw mw:mb-16\">  <span class=\"wpcf7-form-control-wrap\" data-name=\"f-marketing\"><span class=\"wpcf7-form-control\"><span class=\"wpcf7-list-item\"><label><input type=\"checkbox\" id=\"f-marketing\" name=\"f-marketing\" value=\"1\"><span>Accepto rebre comunicacions de m\u00e0rqueting.\n<\/span><\/label><\/span><\/span><\/span><\/div>      \n        <div class=\"form--style-chkbx mb-24 lg:mb-32pvw mw:mb-32\">\n          <span class=\"wpcf7-form-control-wrap\" data-name=\"f-acceptance\"><span class=\"wpcf7-form-control wpcf7-acceptance\"><span class=\"wpcf7-list-item\"><label><input type=\"checkbox\" id=\"f-acceptance\" name=\"f-acceptance\" value=\"1\"><span>He llegit i accepto la <a href=\"https:\/\/www.udon.com\/ca\/politica-privacitat\">Pol\u00edtica de Privacitat<\/a>.\n<\/span><\/label><\/span><\/span><\/span>\n        <\/div>\n\n        <div class=\"w-full relative\">\n          <input class=\"wpcf7-form-control wpcf7-submit has-spinner !cursor-not-allowed opacity-50 uppercase\" type=\"submit\" value=\"Enviar\" disabled>\n          <span id=\"revo-intouch-register-loader\" class=\"wpcf7-spinner\"><\/span>\n        <\/div>\n        <div class=\"wpcf7-response-output\" aria-hidden=\"true\"><\/div>\n      <\/form>\n    <\/div>\n\n  <\/div>\n<\/div>\n\n\n\n<div class=\"module--video w-full\">\n  <video autoplay muted loop class=\"video--module-media video--responsive w-full mx-auto h-full object-cover object-center\"><source src=\"https:\/\/www.udon.com\/wp-content\/uploads\/2026\/02\/UDON_Promo_Tibidabo-1.mp4\" type=\"video\/mp4\"><\/video><\/div>\n\n\n\n<div id=\"booking\" class=\"module--title-buttons relative  flex items-center justify-center w-full min-h-100dvh md:min-h-700 overflow-hidden \">\n    <div class=\"absolute z-0 inset-0 w-full\">\n        <picture class=\"relative block w-full h-full\">\n      <source media=\"(min-width: 768px)\" srcset=\"https:\/\/www.udon.com\/wp-content\/uploads\/2025\/12\/udon-lovers-1.jpg, https:\/\/www.udon.com\/wp-content\/uploads\/2025\/12\/udon-lovers-1.jpg 2x\">\n      <img decoding=\"async\" class=\"block w-full h-full object-cover object-center z-1\" alt=\"UDON Lovers\" src=\"https:\/\/www.udon.com\/wp-content\/uploads\/2025\/12\/udon-lovers-mobile-2.jpg\" srcset=\"https:\/\/www.udon.com\/wp-content\/uploads\/2025\/12\/udon-lovers-mobile-2.jpg 2x\">\n    <\/picture>\n    <span class=\"absolute inset-0 bg-gradient-to-t from-black\/30 to-transparent\"><\/span>\n  <\/div>\n  \n  <div class=\"relative z-1 flex flex-col justify-center gap-32 lg:gap-32pvw mw:gap-32 w-full px-24 lg:px-128pvw mw:px-128 my-80 lg:my-104pvw mw:my-104\">\n    <div class=\"w-full max-w-878 lg:max-w-878pvw mw:max-w-878 mx-auto\">\n      <p class=\"w-full pb-8 lg:pb-8pvw mw:pb-8 text-white text-20\/24 lg:text-20pvw\/24pvw mw:text-20\/24 text-center text-balance font-light\">Prepara la teva visita<\/p><h2 class=\"w-full text-white text-32\/36 lg:text-104pvw\/104pvw mw:text-104\/104 text-center text-balance font-thin\">UDON Tibidabo<\/h2>    <\/div>\n    <p class=\"w-full max-w-680 lg:max-w-680pvw mw:max-w-680 mx-auto text-white text-16\/20 lg:text-16pvw\/20pvw mw:text-16\/20 text-center text-balance\">Consulta tota la informaci\u00f3 sobre el restaurant i fes la teva reserva<\/p>\n    <ul class=\"w-full px-16 lg:px-0 flex flex-col justify-center items-center gap-40 lg:gap-64pvw mw:gap-64\">\n          <li class=\"w-full flex flex-col items-center\">\n        <a href=\"https:\/\/www.udon.com\/ca\/restaurant\/udon-tibidabo\" title=\"RESERVAR TAULA\" class=\"hover-btn-ripple flex justify-center items-center w-full lg:w-auto lg:min-w-300pvw mw:min-w-300 p-18 lg:p-18pvw mw:p-18 border-1 border-solid border-black bg-black\"><span class=\"text-16\/20 lg:text-16pvw\/16pvw mw:text-16\/20 text-white uppercase\">RESERVAR TAULA<\/span><\/a>      <\/li>\n            <li class=\"w-full flex flex-col items-center\">\n        <a href=\"https:\/\/maps.app.goo.gl\/zUNedFnjkfW9wxi59\" target=\"_blank\" title=\"COM ARRIBAR\" class=\"hover-btn-ripple flex justify-center items-center w-full lg:w-auto lg:min-w-300pvw mw:min-w-300 p-18 lg:p-18pvw mw:p-18 border-1 border-solid border-black bg-white\"><span class=\"text-16\/20 lg:text-16pvw\/16pvw mw:text-16\/20 text-black uppercase\">COM ARRIBAR<\/span><\/a>      <\/li>\n          <\/ul>\n      <\/div>\n\n<\/div>\n","protected":false},"excerpt":{"rendered":"","protected":false},"author":2,"featured_media":0,"parent":0,"menu_order":0,"comment_status":"closed","ping_status":"closed","template":"","meta":{"_acf_changed":false,"footnotes":""},"class_list":["post-71497","page","type-page","status-publish","hentry"],"acf":[],"yoast_head":"<!-- This site is optimized with the Yoast SEO plugin v26.7 - https:\/\/yoast.com\/wordpress\/plugins\/seo\/ -->\n<title>Promoci\u00f3 Tibidabo - UDON Asian Food<\/title>\n<meta name=\"description\" content=\"Si ets estudiant el teu Men\u00fa Midday a UDON Tibidabo t\u00e9 un 10% de descompte. Fes-te UDON Lover i presenta el teu carnet d&#039;estudiant.\" \/>\n<meta name=\"robots\" content=\"index, follow, max-snippet:-1, max-image-preview:large, max-video-preview:-1\" \/>\n<link rel=\"canonical\" href=\"https:\/\/www.udon.com\/ca\/promocio-tibidabo\" \/>\n<meta property=\"og:locale\" content=\"ca_ES\" \/>\n<meta property=\"og:type\" content=\"article\" \/>\n<meta property=\"og:title\" content=\"Promoci\u00f3 Tibidabo - UDON Asian Food\" \/>\n<meta property=\"og:description\" content=\"Si ets estudiant el teu Men\u00fa Midday a UDON Tibidabo t\u00e9 un 10% de descompte. Fes-te UDON Lover i presenta el teu carnet d&#039;estudiant.\" \/>\n<meta property=\"og:url\" content=\"https:\/\/www.udon.com\/ca\/promocio-tibidabo\" \/>\n<meta property=\"og:site_name\" content=\"UDON Asian Food\" \/>\n<meta property=\"article:modified_time\" content=\"2026-03-05T14:05:20+00:00\" \/>\n<meta name=\"twitter:card\" content=\"summary_large_image\" \/>\n<script type=\"application\/ld+json\" class=\"yoast-schema-graph\">{\"@context\":\"https:\/\/schema.org\",\"@graph\":[{\"@type\":\"WebPage\",\"@id\":\"https:\/\/www.udon.com\/ca\/promocio-tibidabo\",\"url\":\"https:\/\/www.udon.com\/ca\/promocio-tibidabo\",\"name\":\"Promoci\u00f3 Tibidabo - UDON Asian Food\",\"isPartOf\":{\"@id\":\"https:\/\/www.udon.com\/ca#website\"},\"datePublished\":\"2026-02-17T11:17:03+00:00\",\"dateModified\":\"2026-03-05T14:05:20+00:00\",\"description\":\"Si ets estudiant el teu Men\u00fa Midday a UDON Tibidabo t\u00e9 un 10% de descompte. Fes-te UDON Lover i presenta el teu carnet d'estudiant.\",\"breadcrumb\":{\"@id\":\"https:\/\/www.udon.com\/ca\/promocio-tibidabo#breadcrumb\"},\"inLanguage\":\"ca\",\"potentialAction\":[{\"@type\":\"ReadAction\",\"target\":[\"https:\/\/www.udon.com\/ca\/promocio-tibidabo\"]}]},{\"@type\":\"BreadcrumbList\",\"@id\":\"https:\/\/www.udon.com\/ca\/promocio-tibidabo#breadcrumb\",\"itemListElement\":[{\"@type\":\"ListItem\",\"position\":1,\"name\":\"Portada\",\"item\":\"https:\/\/www.udon.com\/ca\/\"},{\"@type\":\"ListItem\",\"position\":2,\"name\":\"Promoci\u00f3 Tibidabo\"}]},{\"@type\":\"WebSite\",\"@id\":\"https:\/\/www.udon.com\/ca#website\",\"url\":\"https:\/\/www.udon.com\/ca\",\"name\":\"UDON Asian Food\",\"description\":\"\",\"potentialAction\":[{\"@type\":\"SearchAction\",\"target\":{\"@type\":\"EntryPoint\",\"urlTemplate\":\"https:\/\/www.udon.com\/ca?s={search_term_string}\"},\"query-input\":{\"@type\":\"PropertyValueSpecification\",\"valueRequired\":true,\"valueName\":\"search_term_string\"}}],\"inLanguage\":\"ca\"}]}<\/script>\n<!-- \/ Yoast SEO plugin. -->","yoast_head_json":{"title":"Promoci\u00f3 Tibidabo - UDON Asian Food","description":"Si ets estudiant el teu Men\u00fa Midday a UDON Tibidabo t\u00e9 un 10% de descompte. Fes-te UDON Lover i presenta el teu carnet d'estudiant.","robots":{"index":"index","follow":"follow","max-snippet":"max-snippet:-1","max-image-preview":"max-image-preview:large","max-video-preview":"max-video-preview:-1"},"canonical":"https:\/\/www.udon.com\/ca\/promocio-tibidabo","og_locale":"ca_ES","og_type":"article","og_title":"Promoci\u00f3 Tibidabo - UDON Asian Food","og_description":"Si ets estudiant el teu Men\u00fa Midday a UDON Tibidabo t\u00e9 un 10% de descompte. Fes-te UDON Lover i presenta el teu carnet d'estudiant.","og_url":"https:\/\/www.udon.com\/ca\/promocio-tibidabo","og_site_name":"UDON Asian Food","article_modified_time":"2026-03-05T14:05:20+00:00","twitter_card":"summary_large_image","schema":{"@context":"https:\/\/schema.org","@graph":[{"@type":"WebPage","@id":"https:\/\/www.udon.com\/ca\/promocio-tibidabo","url":"https:\/\/www.udon.com\/ca\/promocio-tibidabo","name":"Promoci\u00f3 Tibidabo - UDON Asian Food","isPartOf":{"@id":"https:\/\/www.udon.com\/ca#website"},"datePublished":"2026-02-17T11:17:03+00:00","dateModified":"2026-03-05T14:05:20+00:00","description":"Si ets estudiant el teu Men\u00fa Midday a UDON Tibidabo t\u00e9 un 10% de descompte. Fes-te UDON Lover i presenta el teu carnet d'estudiant.","breadcrumb":{"@id":"https:\/\/www.udon.com\/ca\/promocio-tibidabo#breadcrumb"},"inLanguage":"ca","potentialAction":[{"@type":"ReadAction","target":["https:\/\/www.udon.com\/ca\/promocio-tibidabo"]}]},{"@type":"BreadcrumbList","@id":"https:\/\/www.udon.com\/ca\/promocio-tibidabo#breadcrumb","itemListElement":[{"@type":"ListItem","position":1,"name":"Portada","item":"https:\/\/www.udon.com\/ca\/"},{"@type":"ListItem","position":2,"name":"Promoci\u00f3 Tibidabo"}]},{"@type":"WebSite","@id":"https:\/\/www.udon.com\/ca#website","url":"https:\/\/www.udon.com\/ca","name":"UDON Asian Food","description":"","potentialAction":[{"@type":"SearchAction","target":{"@type":"EntryPoint","urlTemplate":"https:\/\/www.udon.com\/ca?s={search_term_string}"},"query-input":{"@type":"PropertyValueSpecification","valueRequired":true,"valueName":"search_term_string"}}],"inLanguage":"ca"}]}},"_links":{"self":[{"href":"https:\/\/www.udon.com\/ca\/wp-json\/wp\/v2\/pages\/71497","targetHints":{"allow":["GET"]}}],"collection":[{"href":"https:\/\/www.udon.com\/ca\/wp-json\/wp\/v2\/pages"}],"about":[{"href":"https:\/\/www.udon.com\/ca\/wp-json\/wp\/v2\/types\/page"}],"author":[{"embeddable":true,"href":"https:\/\/www.udon.com\/ca\/wp-json\/wp\/v2\/users\/2"}],"replies":[{"embeddable":true,"href":"https:\/\/www.udon.com\/ca\/wp-json\/wp\/v2\/comments?post=71497"}],"version-history":[{"count":5,"href":"https:\/\/www.udon.com\/ca\/wp-json\/wp\/v2\/pages\/71497\/revisions"}],"predecessor-version":[{"id":72049,"href":"https:\/\/www.udon.com\/ca\/wp-json\/wp\/v2\/pages\/71497\/revisions\/72049"}],"wp:attachment":[{"href":"https:\/\/www.udon.com\/ca\/wp-json\/wp\/v2\/media?parent=71497"}],"curies":[{"name":"wp","href":"https:\/\/api.w.org\/{rel}","templated":true}]}}