{"id":71373,"date":"2026-02-13T15:28:11","date_gmt":"2026-02-13T14:28:11","guid":{"rendered":"https:\/\/www.udon.com\/restaurantes-valencia\/"},"modified":"2026-02-13T15:34:02","modified_gmt":"2026-02-13T14:34:02","slug":"restaurants-valencia","status":"publish","type":"page","link":"https:\/\/www.udon.com\/ca\/restaurants-valencia","title":{"rendered":"Restaurants Val\u00e8ncia"},"content":{"rendered":"\n<div id=\"all-restaurants\" class=\"module--all-restaurants w-full px-24 lg:px-128pvw mw:px-128 max-w-mw mx-auto pt-20 lg:pt-48pvw mw:pt-48 pb-80 lg:pb-104pvw mw:pb-104\" >\n  \n  <div id=\"restaurants-list-content\" class=\"relative w-full\">\n    <div id=\"restaurants-list-loader\" class=\"absolute hidden pointer-events-none z-10\">\n      <div class=\"block w-40 h-40 lg:w-40pvw lg:h-40pvw mw:w-40 mw:h-40\">\n        <div class=\"loader\"><\/div>\n                <\/div>\n    <\/div>\n    <div id=\"restaurants-list-wrapper\" class=\"relative w-full z-1 transition-opacity duration-300\">\n    <div id=\"restaurants-list\" class=\"relative grid lg:grid-cols-3 gap-x-0 gap-y-40 pb-8 lg:pb-24pvw mw:pb-24 z-1\">  <div class=\"restaurant-list-item w-full h-full flex flex-col lg:justify-between pb-40 lg:pb-40pvw mw:pb-40 border-b border-black\/10 border-solid last:border-b-0 nth-last-[2]:lg:border-b-0 nth-last-[3]:lg:border-b-0 lg:pr-12\" data-block-0 data-map-lat=\"39.456781809283264\" data-map-lng=\"-0.34588229826229383\">\n    <div class=\"restaurant-list-item-content transition-opacity duration-700\">\n      <div class=\"flex justify-between\">\n        <h3 class=\"font-bold text-24\/28 lg:text-24pvw\/28pvw mw:text-24\/28 pb-16 lg:pb-16pvw mw:pb-16\"><a href=\"https:\/\/www.udon.com\/ca\/restaurant\/udon-aqua\" title=\"UDON Aqua\" class=\"font-bold text-24\/28 lg:text-24pvw\/28pvw mw:text-24\/28\">UDON Aqua<\/a><\/h3>\n              <\/div>\n      <div>\n        <p class=\"text-14\/18 lg:text-14pvw\/18pvw mw:text-14\/18 mb-8 lg:mb-8pvw mw:mb-8\"><a href=\"https:\/\/maps.app.goo.gl\/orevkQowJYXn1Ur16\" target=\"_blank\" rel=\"noopener noreferrer\" class=\"underline\">C\/ Menorca, 19 46023 Valencia<\/a><\/p><p class=\"text-14\/18 lg:text-14pvw\/18pvw mw:text-14\/18 mb-8 lg:mb-8pvw mw:mb-8\"><a href=\"mailto:a&#113;ua&#064;&#117;do&#110;&#046;e&#115;\" class=\"underline\">aq&#117;&#097;&#064;udo&#110;&#046;&#101;s<\/a><\/p><p class=\"text-14\/18 lg:text-14pvw\/18pvw mw:text-14\/18 mb-8 lg:mb-8pvw mw:mb-8\"><a href=\"tel:963311749\" class=\"underline\">963311749<\/a><\/p>      <\/div>\n    <\/div>\n    <div>    <a href=\"https:\/\/www.udon.com\/ca\/restaurant\/udon-aqua\" title=\"M\u00e9s informaci\u00f3\" class=\"hover-btn-ripple flex justify-center items-center w-full lg:w-auto p-18 lg:py-18pvw mw:py-18 lg:px-0 mt-32 lg:mt-40pvw mw:mt-40 border-1 border-solid border-black bg-white restaurant-list-item-content transition-opacity duration-700\"><span class=\"text-14\/18 lg:text-16pvw\/16pvw mw:text-16\/20 text-black text-center uppercase\">M\u00e9s informaci\u00f3<\/span><\/a>\n    <\/div>  <\/div>\n    <div class=\"restaurant-list-item w-full h-full flex flex-col lg:justify-between pb-40 lg:pb-40pvw mw:pb-40 border-b border-black\/10 border-solid last:border-b-0 nth-last-[2]:lg:border-b-0 nth-last-[3]:lg:border-b-0 lg:px-12\" data-block-0 data-map-lat=\"39.4713851810476\" data-map-lng=\"-0.48825923189412235\">\n    <div class=\"restaurant-list-item-content transition-opacity duration-700\">\n      <div class=\"flex justify-between\">\n        <h3 class=\"font-bold text-24\/28 lg:text-24pvw\/28pvw mw:text-24\/28 pb-16 lg:pb-16pvw mw:pb-16\"><a href=\"https:\/\/www.udon.com\/ca\/restaurant\/udon-bonaire\" title=\"UDON Bonaire\" class=\"font-bold text-24\/28 lg:text-24pvw\/28pvw mw:text-24\/28\">UDON Bonaire<\/a><\/h3>\n              <\/div>\n      <div>\n        <p class=\"text-14\/18 lg:text-14pvw\/18pvw mw:text-14\/18 mb-8 lg:mb-8pvw mw:mb-8\"><a href=\"https:\/\/maps.app.goo.gl\/mc6Xxaa6TwBXwzct7\" target=\"_blank\" rel=\"noopener noreferrer\" class=\"underline\">Ctra. A-3, km. 345 CC. Bonaire 46960 Aldaia<\/a><\/p><p class=\"text-14\/18 lg:text-14pvw\/18pvw mw:text-14\/18 mb-8 lg:mb-8pvw mw:mb-8\"><a href=\"mailto:&#098;o&#110;&#097;i&#114;e&#064;udon.e&#115;\" class=\"underline\">b&#111;n&#097;&#105;re&#064;u&#100;&#111;n&#046;e&#115;<\/a><\/p><p class=\"text-14\/18 lg:text-14pvw\/18pvw mw:text-14\/18 mb-8 lg:mb-8pvw mw:mb-8\"><a href=\"tel:961347076\" class=\"underline\">961347076<\/a><\/p>      <\/div>\n    <\/div>\n    <div>    <a href=\"https:\/\/www.udon.com\/ca\/restaurant\/udon-bonaire\" title=\"M\u00e9s informaci\u00f3\" class=\"hover-btn-ripple flex justify-center items-center w-full lg:w-auto p-18 lg:py-18pvw mw:py-18 lg:px-0 mt-32 lg:mt-40pvw mw:mt-40 border-1 border-solid border-black bg-white restaurant-list-item-content transition-opacity duration-700\"><span class=\"text-14\/18 lg:text-16pvw\/16pvw mw:text-16\/20 text-black text-center uppercase\">M\u00e9s informaci\u00f3<\/span><\/a>\n    <\/div>  <\/div>\n    <div class=\"restaurant-list-item w-full h-full flex flex-col lg:justify-between pb-40 lg:pb-40pvw mw:pb-40 border-b border-black\/10 border-solid last:border-b-0 nth-last-[2]:lg:border-b-0 nth-last-[3]:lg:border-b-0 lg:pl-12\" data-block-0 data-map-lat=\"39.46813633215779\" data-map-lng=\"-0.3743757021594442\">\n    <div class=\"restaurant-list-item-content transition-opacity duration-700\">\n      <div class=\"flex justify-between\">\n        <h3 class=\"font-bold text-24\/28 lg:text-24pvw\/28pvw mw:text-24\/28 pb-16 lg:pb-16pvw mw:pb-16\"><a href=\"https:\/\/www.udon.com\/ca\/restaurant\/udon-valencia-centro\" title=\"UDON Valencia Centro\" class=\"font-bold text-24\/28 lg:text-24pvw\/28pvw mw:text-24\/28\">UDON Valencia Centro<\/a><\/h3>\n              <\/div>\n      <div>\n        <p class=\"text-14\/18 lg:text-14pvw\/18pvw mw:text-14\/18 mb-8 lg:mb-8pvw mw:mb-8\"><a href=\"https:\/\/maps.app.goo.gl\/BtaJKUTeenxhhy386\" target=\"_blank\" rel=\"noopener noreferrer\" class=\"underline\">Carrer de Mart\u00ednez Cubells, 8 46002 Valencia<\/a><\/p><p class=\"text-14\/18 lg:text-14pvw\/18pvw mw:text-14\/18 mb-8 lg:mb-8pvw mw:mb-8\"><a href=\"mailto:&#118;a&#108;enc&#105;a&#099;e&#110;&#116;ro&#064;&#117;d&#111;n&#046;es\" class=\"underline\">&#118;&#097;&#108;&#101;ncia&#099;entr&#111;&#064;&#117;do&#110;.&#101;&#115;<\/a><\/p><p class=\"text-14\/18 lg:text-14pvw\/18pvw mw:text-14\/18 mb-8 lg:mb-8pvw mw:mb-8\"><a href=\"tel:963940154\" class=\"underline\">963940154<\/a><\/p>      <\/div>\n    <\/div>\n    <div>    <a href=\"https:\/\/www.udon.com\/ca\/restaurant\/udon-valencia-centro\" title=\"M\u00e9s informaci\u00f3\" class=\"hover-btn-ripple flex justify-center items-center w-full lg:w-auto p-18 lg:py-18pvw mw:py-18 lg:px-0 mt-32 lg:mt-40pvw mw:mt-40 border-1 border-solid border-black bg-white restaurant-list-item-content transition-opacity duration-700\"><span class=\"text-14\/18 lg:text-16pvw\/16pvw mw:text-16\/20 text-black text-center uppercase\">M\u00e9s informaci\u00f3<\/span><\/a>\n    <\/div>  <\/div>\n  <\/div>    <\/div>\n  <\/div>\n  \n<\/div>\n\n\n\n<div class=\"module--image-slider overflow-hidden pb-80 lg:pb-104pvw mw:pb-104\" >\n  \n  <div class=\"flex flex-col items-center justify-center gap-24 lg:gap-32pvw mw:gap-32 lg:max-w-1042pvw mw:max-w-1042 mb-32 lg:mb-64pvw mw:mb-64 pb-0 px-24 lg:px-128pvw mw:px-128 max-w-mw mx-auto\"><h2 class=\"w-full text-32\/36 lg:text-64pvw\/68pvw mw:text-64\/68 text-center text-balance font-thin\">Menjar asi\u00e0tic a Val\u00e8ncia<\/h2><div><p class=\"w-full max-w-680 lg:max-w-680pvw mw:max-w-680 mx-auto text-16\/20 lg:text-16pvw\/20pvw mw:text-16\/20 text-center text-balance pt-16 lg:pt-16pvw mw:pt-16 first:pt-0\">La teva experi\u00e8ncia UDON a Val\u00e8ncia comen\u00e7a aqu\u00ed, amb plats cuinats al moment i plens de sabor asi\u00e0tic. La nostra proposta gastron\u00f2mica t\u00e9 com a protagonistes els noodles, fideus tradicionals de la cuina asi\u00e0tica (udon o ramen). A m\u00e9s, tamb\u00e9 tenim una gran varietat de tapes d\u2019inspiraci\u00f3 asi\u00e0tica, arrossos i plats vegetarians.<\/p>\n<\/div><\/div>\n  <div class=\"swiper-container sw--imgs w-full px-24 lg:px-128pvw mw:px-128 max-w-mw mx-auto\">\n        <div class=\"swiper-wrapper items-center\">\n            <div class=\"swiper-slide block w-full h-full max-h-500 lg:max-h-500pvw mw:max-h-500 mr-8 lg:mr-24pvw mw:mr-24 last:mr-0\">\n        <picture class=\"block w-full h-full\">\n          <source media=\"(min-width: 768px)\" srcset=\"https:\/\/www.udon.com\/wp-content\/uploads\/2025\/11\/noodles.jpg, https:\/\/www.udon.com\/wp-content\/uploads\/2025\/11\/noodles.jpg 2x\">\n          <img decoding=\"async\" class=\"block w-full h-full max-h-380 lg:max-h-500pvw mw:max-h-500 object-cover\" alt=\"\" src=\"https:\/\/www.udon.com\/wp-content\/uploads\/2025\/11\/noodles.jpg\" srcset=\"https:\/\/www.udon.com\/wp-content\/uploads\/2025\/11\/noodles.jpg 2x\">\n        <\/picture>\n      <\/div>\n            <div class=\"swiper-slide block w-full h-full max-h-500 lg:max-h-500pvw mw:max-h-500 mr-8 lg:mr-24pvw mw:mr-24 last:mr-0\">\n        <picture class=\"block w-full h-full\">\n          <source media=\"(min-width: 768px)\" srcset=\"https:\/\/www.udon.com\/wp-content\/uploads\/2025\/11\/comida-asiatica.jpg, https:\/\/www.udon.com\/wp-content\/uploads\/2025\/11\/comida-asiatica.jpg 2x\">\n          <img decoding=\"async\" class=\"block w-full h-full max-h-380 lg:max-h-500pvw mw:max-h-500 object-cover\" alt=\"\" src=\"https:\/\/www.udon.com\/wp-content\/uploads\/2025\/11\/comida-asiatica.jpg\" srcset=\"https:\/\/www.udon.com\/wp-content\/uploads\/2025\/11\/comida-asiatica.jpg 2x\">\n        <\/picture>\n      <\/div>\n            <div class=\"swiper-slide block w-full h-full max-h-500 lg:max-h-500pvw mw:max-h-500 mr-8 lg:mr-24pvw mw:mr-24 last:mr-0\">\n        <picture class=\"block w-full h-full\">\n          <source media=\"(min-width: 768px)\" srcset=\"https:\/\/www.udon.com\/wp-content\/uploads\/2025\/11\/arroces.jpg, https:\/\/www.udon.com\/wp-content\/uploads\/2025\/11\/arroces.jpg 2x\">\n          <img decoding=\"async\" class=\"block w-full h-full max-h-380 lg:max-h-500pvw mw:max-h-500 object-cover\" alt=\"\" src=\"https:\/\/www.udon.com\/wp-content\/uploads\/2025\/11\/arroces.jpg\" srcset=\"https:\/\/www.udon.com\/wp-content\/uploads\/2025\/11\/arroces.jpg 2x\">\n        <\/picture>\n      <\/div>\n            <div class=\"swiper-slide block w-full h-full max-h-500 lg:max-h-500pvw mw:max-h-500 mr-8 lg:mr-24pvw mw:mr-24 last:mr-0\">\n        <picture class=\"block w-full h-full\">\n          <source media=\"(min-width: 768px)\" srcset=\"https:\/\/www.udon.com\/wp-content\/uploads\/2025\/11\/gyozas.jpg, https:\/\/www.udon.com\/wp-content\/uploads\/2025\/11\/gyozas.jpg 2x\">\n          <img decoding=\"async\" class=\"block w-full h-full max-h-380 lg:max-h-500pvw mw:max-h-500 object-cover\" alt=\"\" src=\"https:\/\/www.udon.com\/wp-content\/uploads\/2025\/11\/gyozas.jpg\" srcset=\"https:\/\/www.udon.com\/wp-content\/uploads\/2025\/11\/gyozas.jpg 2x\">\n        <\/picture>\n      <\/div>\n            <div class=\"swiper-slide block w-full h-full max-h-500 lg:max-h-500pvw mw:max-h-500 mr-8 lg:mr-24pvw mw:mr-24 last:mr-0\">\n        <picture class=\"block w-full h-full\">\n          <source media=\"(min-width: 768px)\" srcset=\"https:\/\/www.udon.com\/wp-content\/uploads\/2025\/11\/restaurante-asiatico.jpg, https:\/\/www.udon.com\/wp-content\/uploads\/2025\/11\/restaurante-asiatico.jpg 2x\">\n          <img decoding=\"async\" class=\"block w-full h-full max-h-380 lg:max-h-500pvw mw:max-h-500 object-cover\" alt=\"\" src=\"https:\/\/www.udon.com\/wp-content\/uploads\/2025\/11\/restaurante-asiatico.jpg\" srcset=\"https:\/\/www.udon.com\/wp-content\/uploads\/2025\/11\/restaurante-asiatico.jpg 2x\">\n        <\/picture>\n      <\/div>\n            <div class=\"swiper-slide block w-full h-full max-h-500 lg:max-h-500pvw mw:max-h-500 mr-8 lg:mr-24pvw mw:mr-24 last:mr-0\">\n        <picture class=\"block w-full h-full\">\n          <source media=\"(min-width: 768px)\" srcset=\"https:\/\/www.udon.com\/wp-content\/uploads\/2025\/11\/pad-thai.jpg, https:\/\/www.udon.com\/wp-content\/uploads\/2025\/11\/pad-thai.jpg 2x\">\n          <img decoding=\"async\" class=\"block w-full h-full max-h-380 lg:max-h-500pvw mw:max-h-500 object-cover\" alt=\"\" src=\"https:\/\/www.udon.com\/wp-content\/uploads\/2025\/11\/pad-thai.jpg\" srcset=\"https:\/\/www.udon.com\/wp-content\/uploads\/2025\/11\/pad-thai.jpg 2x\">\n        <\/picture>\n      <\/div>\n          <\/div>\n      <\/div>\n<\/div>\n\n\n\n<div id=\"delivery\" class=\"module--order-links relative w-full flex items-center justify-center min-h-100vh-84 md:min-h-700 bg-black overflow-hidden \">\n  <div class=\"absolute z-0 inset-0 w-full\">\n        <picture class=\"relative block w-full h-full\">\n      <source media=\"(min-width: 768px)\" srcset=\"https:\/\/www.udon.com\/wp-content\/uploads\/2025\/11\/delivery-2.jpg, https:\/\/www.udon.com\/wp-content\/uploads\/2025\/11\/delivery-2.jpg 2x\">\n      <img decoding=\"async\" class=\"block w-full h-full object-cover object-center z-1\" alt=\"Imatge de fons per al m\u00f2dul de comandes\" src=\"https:\/\/www.udon.com\/wp-content\/uploads\/2025\/11\/comida-domicilio-2.jpg\" srcset=\"https:\/\/www.udon.com\/wp-content\/uploads\/2025\/11\/comida-domicilio-2.jpg 2x\">\n    <\/picture>\n    <span class=\"absolute inset-0 bg-gradient-to-t from-black\/30 to-transparent\"><\/span>\n  <\/div>\n  \n\n  <div class=\"relative z-1 flex flex-col justify-center gap-32 lg:gap-32pvw mw:gap-32 w-full px-24 lg:px-128pvw mw:px-128 my-80 lg:my-104pvw mw:my-104\">\n    <div class=\"w-full max-w-878 lg:max-w-878pvw mw:max-w-878 mx-auto\">\n      <h2 class=\"w-full text-white text-32\/36 lg:text-104pvw\/104pvw mw:text-104\/104 text-center text-balance font-thin\">FES LA TEVA COMANDA ARA<\/h2>    <\/div>\n    <div class=\"w-full px-16 lg:px-0 flex flex-col justify-center items-center gap-40 lg:gap-64pvw mw:gap-64\">  <a href=\"https:\/\/delivery.udon.com\/online-ordering\" target=\"_blank\" title=\"FER COMANDA\" class=\"hover-btn-ripple flex justify-center items-center w-full lg:w-auto lg:min-w-300pvw mw:min-w-300 p-18 lg:p-18pvw mw:p-18 border-1 border-solid border-black bg-black\"><span class=\"text-16\/20 lg:text-16pvw\/16pvw mw:text-16\/20 text-white uppercase\">FER COMANDA<\/span><\/a><\/div>\n\n    <div>\n    <p class=\"text-white text-14\/18 lg:text-14pvw\/18pvw mw:text-14\/18 text-center text-balance pb-32 lg:pb-16pvw mw:pb-16 mt-48 lg:mt-0\">TAMB\u00c9 DISPONIBLE A:<\/p><ul class=\"flex flex-col lg:flex-row justify-center items-center gap-40 lg:gap-104pvw mw:gap-104 mx-auto\"><li><a href=\"https:\/\/glovo.go.link\/open?link_type=store&#038;brand_id=500&#038;adjust_t=ox1bmt5&#038;adjust_campaign=ES&#038;adjust_adgroup=email&#038;adjust_creative=#variation_name#&#038;adjust_deeplink=glovoapp%3A%2F%2Fopen%3Flink_type%3Dstore%26brand_id%3D500&#038;adjust_fallback=https%3A%2F%2Fglovoapp.com%2F%3Futm_source%3Dbraze%26utm_medium%3Demail%26utm_campaign%3D#variation_name#&#038;adj_redirect_macos=https%3A%2F%2Fglovoapp.com%2F%3Futm_source%3Dbraze%26utm_medium%3Demail%26utm_campaign%3D#variation_name#\" class=\"lg:hidden lg:pointer-events-none\" title=\"Fer la comanda a trav\u00e9s de Glovo\" target=\"_blank\"><img decoding=\"async\" class=\"relative w-1\/2 lg:w-auto mx-auto lg:mx-0\" alt=\"Logotip de Glovo\" src=\"https:\/\/www.udon.com\/wp-content\/uploads\/2025\/11\/glovo_logo@2x.svg\"><\/a><a href=\"https:\/\/glovoapp.com\/ca\/es\/valencia\/stores\/udon-valencia\" class=\"hidden lg:block pointer-events-none lg:pointer-events-auto\" title=\"Fer la comanda a trav\u00e9s de Glovo\" target=\"_blank\"><img decoding=\"async\" class=\"relative w-1\/2 lg:w-auto mx-auto lg:mx-0\" alt=\"Logotip de Glovo\" src=\"https:\/\/www.udon.com\/wp-content\/uploads\/2025\/11\/glovo_logo@2x.svg\"><\/a><\/li><li><a href=\"https:\/\/www.ubereats.com\/es\/brand\/UDON?referrer=singular_click_id%3D74041798-47cf-4623-b3a3-442822a751f9\" class=\"lg:hidden lg:pointer-events-none\" title=\"Fer la comanda a trav\u00e9s de Uber Eats\" target=\"_blank\"><img decoding=\"async\" class=\"relative w-1\/2 lg:w-auto mx-auto lg:mx-0\" alt=\"Logotip de Uber Eats\" src=\"https:\/\/www.udon.com\/wp-content\/uploads\/2025\/11\/uber_eats_logo.svg@2x.svg\"><\/a><a href=\"https:\/\/www.ubereats.com\/es\/brand\/udon?referrer=singular_click_id%3Dba436c79-dcc6-45b5-89a5-5fb99ea6290d\" class=\"hidden lg:block pointer-events-none lg:pointer-events-auto\" title=\"Fer la comanda a trav\u00e9s de Uber Eats\" target=\"_blank\"><img decoding=\"async\" class=\"relative w-1\/2 lg:w-auto mx-auto lg:mx-0\" alt=\"Logotip de Uber Eats\" src=\"https:\/\/www.udon.com\/wp-content\/uploads\/2025\/11\/uber_eats_logo.svg@2x.svg\"><\/a><\/li><li><a href=\"https:\/\/www.just-eat.es\/a-domicilio\" class=\"\" title=\"Fer la comanda a trav\u00e9s de Just Eat\" target=\"_blank\"><img decoding=\"async\" class=\"relative w-1\/2 lg:w-auto mx-auto lg:mx-0\" alt=\"Logotip de Just Eat\" src=\"https:\/\/www.udon.com\/wp-content\/uploads\/2025\/11\/Justeat_logo@2x.svg\"><\/a><\/li><\/ul>\n  <\/div>\n\n  <\/div>\n\n\n<\/div>\n","protected":false},"excerpt":{"rendered":"","protected":false},"author":2,"featured_media":0,"parent":0,"menu_order":0,"comment_status":"closed","ping_status":"closed","template":"","meta":{"_acf_changed":false,"footnotes":""},"class_list":["post-71373","page","type-page","status-publish","hentry"],"acf":[],"yoast_head":"<!-- This site is optimized with the Yoast SEO plugin v26.7 - https:\/\/yoast.com\/wordpress\/plugins\/seo\/ -->\n<title>Restaurants asi\u00e0tics a Val\u00e8ncia - UDON Asian Food<\/title>\n<meta name=\"description\" content=\"Gaudeix del teu restaurant asi\u00e0tic a Val\u00e8ncia, on trobar\u00e0s ramen, noodles acabats de fer i arrossos plens de sabor.\" \/>\n<meta name=\"robots\" content=\"index, follow, max-snippet:-1, max-image-preview:large, max-video-preview:-1\" \/>\n<link rel=\"canonical\" href=\"https:\/\/www.udon.com\/ca\/restaurants-valencia\" \/>\n<meta property=\"og:locale\" content=\"ca_ES\" \/>\n<meta property=\"og:type\" content=\"article\" \/>\n<meta property=\"og:title\" content=\"Restaurants asi\u00e0tics a Val\u00e8ncia - UDON Asian Food\" \/>\n<meta property=\"og:description\" content=\"Gaudeix del teu restaurant asi\u00e0tic a Val\u00e8ncia, on trobar\u00e0s ramen, noodles acabats de fer i arrossos plens de sabor.\" \/>\n<meta property=\"og:url\" content=\"https:\/\/www.udon.com\/ca\/restaurants-valencia\" \/>\n<meta property=\"og:site_name\" content=\"UDON Asian Food\" \/>\n<meta property=\"article:modified_time\" content=\"2026-02-13T14:34:02+00:00\" \/>\n<meta name=\"twitter:card\" content=\"summary_large_image\" \/>\n<script type=\"application\/ld+json\" class=\"yoast-schema-graph\">{\"@context\":\"https:\/\/schema.org\",\"@graph\":[{\"@type\":\"WebPage\",\"@id\":\"https:\/\/www.udon.com\/ca\/restaurants-valencia\",\"url\":\"https:\/\/www.udon.com\/ca\/restaurants-valencia\",\"name\":\"Restaurants asi\u00e0tics a Val\u00e8ncia - UDON Asian Food\",\"isPartOf\":{\"@id\":\"https:\/\/www.udon.com\/ca#website\"},\"datePublished\":\"2026-02-13T14:28:11+00:00\",\"dateModified\":\"2026-02-13T14:34:02+00:00\",\"description\":\"Gaudeix del teu restaurant asi\u00e0tic a Val\u00e8ncia, on trobar\u00e0s ramen, noodles acabats de fer i arrossos plens de sabor.\",\"breadcrumb\":{\"@id\":\"https:\/\/www.udon.com\/ca\/restaurants-valencia#breadcrumb\"},\"inLanguage\":\"ca\",\"potentialAction\":[{\"@type\":\"ReadAction\",\"target\":[\"https:\/\/www.udon.com\/ca\/restaurants-valencia\"]}]},{\"@type\":\"BreadcrumbList\",\"@id\":\"https:\/\/www.udon.com\/ca\/restaurants-valencia#breadcrumb\",\"itemListElement\":[{\"@type\":\"ListItem\",\"position\":1,\"name\":\"Portada\",\"item\":\"https:\/\/www.udon.com\/ca\/\"},{\"@type\":\"ListItem\",\"position\":2,\"name\":\"Restaurants Val\u00e8ncia\"}]},{\"@type\":\"WebSite\",\"@id\":\"https:\/\/www.udon.com\/ca#website\",\"url\":\"https:\/\/www.udon.com\/ca\",\"name\":\"UDON Asian Food\",\"description\":\"\",\"potentialAction\":[{\"@type\":\"SearchAction\",\"target\":{\"@type\":\"EntryPoint\",\"urlTemplate\":\"https:\/\/www.udon.com\/ca?s={search_term_string}\"},\"query-input\":{\"@type\":\"PropertyValueSpecification\",\"valueRequired\":true,\"valueName\":\"search_term_string\"}}],\"inLanguage\":\"ca\"}]}<\/script>\n<!-- \/ Yoast SEO plugin. -->","yoast_head_json":{"title":"Restaurants asi\u00e0tics a Val\u00e8ncia - UDON Asian Food","description":"Gaudeix del teu restaurant asi\u00e0tic a Val\u00e8ncia, on trobar\u00e0s ramen, noodles acabats de fer i arrossos plens de sabor.","robots":{"index":"index","follow":"follow","max-snippet":"max-snippet:-1","max-image-preview":"max-image-preview:large","max-video-preview":"max-video-preview:-1"},"canonical":"https:\/\/www.udon.com\/ca\/restaurants-valencia","og_locale":"ca_ES","og_type":"article","og_title":"Restaurants asi\u00e0tics a Val\u00e8ncia - UDON Asian Food","og_description":"Gaudeix del teu restaurant asi\u00e0tic a Val\u00e8ncia, on trobar\u00e0s ramen, noodles acabats de fer i arrossos plens de sabor.","og_url":"https:\/\/www.udon.com\/ca\/restaurants-valencia","og_site_name":"UDON Asian Food","article_modified_time":"2026-02-13T14:34:02+00:00","twitter_card":"summary_large_image","schema":{"@context":"https:\/\/schema.org","@graph":[{"@type":"WebPage","@id":"https:\/\/www.udon.com\/ca\/restaurants-valencia","url":"https:\/\/www.udon.com\/ca\/restaurants-valencia","name":"Restaurants asi\u00e0tics a Val\u00e8ncia - UDON Asian Food","isPartOf":{"@id":"https:\/\/www.udon.com\/ca#website"},"datePublished":"2026-02-13T14:28:11+00:00","dateModified":"2026-02-13T14:34:02+00:00","description":"Gaudeix del teu restaurant asi\u00e0tic a Val\u00e8ncia, on trobar\u00e0s ramen, noodles acabats de fer i arrossos plens de sabor.","breadcrumb":{"@id":"https:\/\/www.udon.com\/ca\/restaurants-valencia#breadcrumb"},"inLanguage":"ca","potentialAction":[{"@type":"ReadAction","target":["https:\/\/www.udon.com\/ca\/restaurants-valencia"]}]},{"@type":"BreadcrumbList","@id":"https:\/\/www.udon.com\/ca\/restaurants-valencia#breadcrumb","itemListElement":[{"@type":"ListItem","position":1,"name":"Portada","item":"https:\/\/www.udon.com\/ca\/"},{"@type":"ListItem","position":2,"name":"Restaurants Val\u00e8ncia"}]},{"@type":"WebSite","@id":"https:\/\/www.udon.com\/ca#website","url":"https:\/\/www.udon.com\/ca","name":"UDON Asian Food","description":"","potentialAction":[{"@type":"SearchAction","target":{"@type":"EntryPoint","urlTemplate":"https:\/\/www.udon.com\/ca?s={search_term_string}"},"query-input":{"@type":"PropertyValueSpecification","valueRequired":true,"valueName":"search_term_string"}}],"inLanguage":"ca"}]}},"_links":{"self":[{"href":"https:\/\/www.udon.com\/ca\/wp-json\/wp\/v2\/pages\/71373","targetHints":{"allow":["GET"]}}],"collection":[{"href":"https:\/\/www.udon.com\/ca\/wp-json\/wp\/v2\/pages"}],"about":[{"href":"https:\/\/www.udon.com\/ca\/wp-json\/wp\/v2\/types\/page"}],"author":[{"embeddable":true,"href":"https:\/\/www.udon.com\/ca\/wp-json\/wp\/v2\/users\/2"}],"replies":[{"embeddable":true,"href":"https:\/\/www.udon.com\/ca\/wp-json\/wp\/v2\/comments?post=71373"}],"version-history":[{"count":1,"href":"https:\/\/www.udon.com\/ca\/wp-json\/wp\/v2\/pages\/71373\/revisions"}],"predecessor-version":[{"id":71375,"href":"https:\/\/www.udon.com\/ca\/wp-json\/wp\/v2\/pages\/71373\/revisions\/71375"}],"wp:attachment":[{"href":"https:\/\/www.udon.com\/ca\/wp-json\/wp\/v2\/media?parent=71373"}],"curies":[{"name":"wp","href":"https:\/\/api.w.org\/{rel}","templated":true}]}}